{"id":138,"date":"2017-02-24T17:17:17","date_gmt":"2017-02-24T16:17:17","guid":{"rendered":"http:\/\/holsljungacamping.se\/?page_id=138"},"modified":"2026-04-24T06:45:43","modified_gmt":"2026-04-24T04:45:43","slug":"cafe-och-minibutik","status":"publish","type":"page","link":"https:\/\/holsljungacamping.se\/de\/cafe-och-minibutik\/","title":{"rendered":"Caf\u00e9 &amp; Restaurant"},"content":{"rendered":"<div style=\"position: relative; width: 100%; height: 0; padding-top: 129.4118%; padding-bottom: 0; box-shadow: 0 2px 8px 0 rgba(63,69,81,0.16); margin-top: 1.6em; margin-bottom: 0.9em; overflow: hidden; border-radius: 8px; will-change: transform;\"><iframe style=\"position: absolute; width: 100%; height: 100%; top: 0; left: 0; border: none; padding: 0; margin: 0;\" src=\"https:\/\/www.canva.com\/design\/DAGmwMFUn1Y\/WUc7EgyFqX9DbtQfRH78ZQ\/view?embed\" allowfullscreen=\"allowfullscreen\"><br \/>\n  <\/iframe><\/div>\n\n\n<p>Wir arbeiten mit lokalen Lieferanten zusammen und verwenden Produkte aus der n\u00e4heren Umgebung.<br>Der Fokus liegt auf lokalen Produkten soweit m\u00f6glich und hoher Qualit\u00e4t.<\/p>\n\n\n\n<p><strong>Fr\u00fchst\u00fcck<\/strong><br>Bestellen Sie gerne unsere Mini-Baguettes oder Ciabatta.<\/p>\n\n\n\n<div class=\"alignnormal\"><div id=\"metaslider-id-4560\" style=\"width: 100%;\" class=\"ml-slider-3-108-0 metaslider metaslider-flex metaslider-4560 ml-slider has-dots-onhover-navigation ms-theme-default-base\" role=\"region\" aria-label=\"Cafe\" data-height=\"500\" data-width=\"700\">\n    <div id=\"metaslider_container_4560\">\n        <div id=\"metaslider_4560\">\n            <ul aria-live='off' class='slides'>\n                <li style=\"display: block; width: 100%;\" class=\"slide-4562 ms-image \" aria-roledescription=\"slide\" data-date=\"2023-12-22 04:11:02\" data-filename=\"Holsljunga-camping-44-Photo-Cred-Martin-Wikestad-01-scaled-700x500.jpeg\" data-slide-type=\"image\"><img loading=\"lazy\" decoding=\"async\" src=\"https:\/\/holsljungacamping.se\/wp-content\/uploads\/2023\/12\/Holsljunga-camping-44-Photo-Cred-Martin-Wikestad-01-scaled-700x500.jpeg\" height=\"500\" width=\"700\" alt=\"\" class=\"slider-4560 slide-4562 msDefaultImage\" title=\"Holsljunga camping-44- Photo Cred Martin Wikestad-01\" \/><\/li>\n                <li style=\"display: none; width: 100%;\" class=\"slide-4564 ms-image \" aria-roledescription=\"slide\" data-date=\"2023-12-22 04:11:31\" data-filename=\"Holsljunga-camping-49-Photo-Cred-Martin-Wikestad-01-scaled-700x500.jpeg\" data-slide-type=\"image\"><img loading=\"lazy\" decoding=\"async\" src=\"https:\/\/holsljungacamping.se\/wp-content\/uploads\/2023\/12\/Holsljunga-camping-49-Photo-Cred-Martin-Wikestad-01-scaled-700x500.jpeg\" height=\"500\" width=\"700\" alt=\"\" class=\"slider-4560 slide-4564 msDefaultImage\" title=\"Holsljunga camping-49- Photo Cred Martin Wikestad-01\" \/><\/li>\n                <li style=\"display: none; width: 100%;\" class=\"slide-4568 ms-image \" aria-roledescription=\"slide\" data-date=\"2023-12-22 04:12:44\" data-filename=\"Holsljunga-camping-56-Photo-Cred-Martin-Wikestad-01-scaled-700x500.jpeg\" data-slide-type=\"image\"><img loading=\"lazy\" decoding=\"async\" src=\"https:\/\/holsljungacamping.se\/wp-content\/uploads\/2023\/12\/Holsljunga-camping-56-Photo-Cred-Martin-Wikestad-01-scaled-700x500.jpeg\" height=\"500\" width=\"700\" alt=\"\" class=\"slider-4560 slide-4568 msDefaultImage\" title=\"Holsljunga camping-56- Photo Cred Martin Wikestad-01\" \/><\/li>\n                <li style=\"display: none; width: 100%;\" class=\"slide-4569 ms-image \" aria-roledescription=\"slide\" data-date=\"2023-12-22 04:12:44\" data-filename=\"Holsljunga-camping-57-Photo-Cred-Martin-Wikestad-01-scaled-700x500.jpeg\" data-slide-type=\"image\"><img loading=\"lazy\" decoding=\"async\" src=\"https:\/\/holsljungacamping.se\/wp-content\/uploads\/2023\/12\/Holsljunga-camping-57-Photo-Cred-Martin-Wikestad-01-scaled-700x500.jpeg\" height=\"500\" width=\"700\" alt=\"\" class=\"slider-4560 slide-4569 msDefaultImage\" title=\"Holsljunga camping-57- Photo Cred Martin Wikestad-01\" \/><\/li>\n                <li style=\"display: none; width: 100%;\" class=\"slide-4579 ms-image \" aria-roledescription=\"slide\" data-date=\"2023-12-22 07:47:57\" data-filename=\"Holsljunga-camping-59-Photo-Cred-Martin-Wikestad-01-scaled-700x500.jpeg\" data-slide-type=\"image\"><img loading=\"lazy\" decoding=\"async\" src=\"https:\/\/holsljungacamping.se\/wp-content\/uploads\/2023\/12\/Holsljunga-camping-59-Photo-Cred-Martin-Wikestad-01-scaled-700x500.jpeg\" height=\"500\" width=\"700\" alt=\"\" class=\"slider-4560 slide-4579 msDefaultImage\" title=\"Holsljunga camping-59- Photo Cred Martin Wikestad-01\" \/><\/li>\n                <li style=\"display: none; width: 100%;\" class=\"slide-5564 ms-image \" aria-roledescription=\"slide\" data-date=\"2024-01-17 09:45:07\" data-filename=\"cafe_10-700x500.jpg\" data-slide-type=\"image\"><img loading=\"lazy\" decoding=\"async\" src=\"https:\/\/holsljungacamping.se\/wp-content\/uploads\/2024\/01\/cafe_10-700x500.jpg\" height=\"500\" width=\"700\" alt=\"\" class=\"slider-4560 slide-5564 msDefaultImage\" title=\"cafe_10\" \/><\/li>\n                <li style=\"display: none; width: 100%;\" class=\"slide-5928 ms-image \" aria-roledescription=\"slide\" data-date=\"2024-01-26 22:10:41\" data-filename=\"Kanelbullar-658x470.jpg\" data-slide-type=\"image\"><img loading=\"lazy\" decoding=\"async\" src=\"https:\/\/holsljungacamping.se\/wp-content\/uploads\/2020\/11\/Kanelbullar-658x470.jpg\" height=\"500\" width=\"700\" alt=\"\" class=\"slider-4560 slide-5928 msDefaultImage\" title=\"Kanelbullar\" \/><\/li>\n            <\/ul>\n        <\/div>\n        \n    <\/div>\n<\/div><\/div>\n\n\n\n<p><\/p>\n\n\n\n<p><\/p>\n\n\n\n<p><\/p>\n\n\n\n<p><\/p>\n","protected":false},"excerpt":{"rendered":"<p>Wir arbeiten mit lokalen Lieferanten zusammen und verwenden Produkte aus der n\u00e4heren Umgebung.Der Fokus liegt auf lokalen Produkten soweit m\u00f6glich und hoher Qualit\u00e4t. Fr\u00fchst\u00fcckBestellen Sie gerne unsere Mini-Baguettes oder Ciabatta.<\/p>\n","protected":false},"author":1,"featured_media":4352,"parent":0,"menu_order":0,"comment_status":"closed","ping_status":"closed","template":"","meta":{"inspiro_hide_title":false,"footnotes":""},"class_list":["post-138","page","type-page","status-publish","has-post-thumbnail","hentry"],"translation":{"provider":"WPGlobus","version":"3.0.2","language":"de","enabled_languages":["sv","en","nl","de"],"languages":{"sv":{"title":true,"content":true,"excerpt":false},"en":{"title":true,"content":true,"excerpt":false},"nl":{"title":true,"content":true,"excerpt":false},"de":{"title":true,"content":true,"excerpt":false}}},"_links":{"self":[{"href":"https:\/\/holsljungacamping.se\/de\/wp-json\/wp\/v2\/pages\/138","targetHints":{"allow":["GET"]}}],"collection":[{"href":"https:\/\/holsljungacamping.se\/de\/wp-json\/wp\/v2\/pages"}],"about":[{"href":"https:\/\/holsljungacamping.se\/de\/wp-json\/wp\/v2\/types\/page"}],"author":[{"embeddable":true,"href":"https:\/\/holsljungacamping.se\/de\/wp-json\/wp\/v2\/users\/1"}],"replies":[{"embeddable":true,"href":"https:\/\/holsljungacamping.se\/de\/wp-json\/wp\/v2\/comments?post=138"}],"version-history":[{"count":243,"href":"https:\/\/holsljungacamping.se\/de\/wp-json\/wp\/v2\/pages\/138\/revisions"}],"predecessor-version":[{"id":8446,"href":"https:\/\/holsljungacamping.se\/de\/wp-json\/wp\/v2\/pages\/138\/revisions\/8446"}],"wp:featuredmedia":[{"embeddable":true,"href":"https:\/\/holsljungacamping.se\/de\/wp-json\/wp\/v2\/media\/4352"}],"wp:attachment":[{"href":"https:\/\/holsljungacamping.se\/de\/wp-json\/wp\/v2\/media?parent=138"}],"curies":[{"name":"wp","href":"https:\/\/api.w.org\/{rel}","templated":true}]}}