{"id":20,"date":"2015-03-05T22:47:58","date_gmt":"2015-03-05T21:47:58","guid":{"rendered":"http:\/\/holsljungacamping.se\/?page_id=20"},"modified":"2026-03-09T20:02:25","modified_gmt":"2026-03-09T18:02:25","slug":"stugor","status":"publish","type":"page","link":"https:\/\/holsljungacamping.se\/de\/stugor\/","title":{"rendered":"Ferienh\u00e4user"},"content":{"rendered":"\n<p>Auf unserem Campingplatz gibt es drei Ferienh\u00e4user: Nissan, Lagan Und Viskan<\/p>\n\n\n\n<p>Check-in ab 15:00 Uhr und Check-out bis sp\u00e4testens 11:00 Uhr<\/p>\n\n\n\n<p>In der N\u00e4he befindet sich das Servicegeb\u00e4ude mit Duschen, Toiletten und einer \u00fcberdachten K\u00fcche. F\u00fcr Warmwasser in den Duschen werden Wertmarken ben\u00f6tigt, die an der Rezeption gekauft werden.<\/p>\n\n\n\n<p>Grillplatz f\u00fcr unsere G\u00e4ste.<\/p>\n\n\n\n<div class=\"wp-block-media-text alignfull is-stacked-on-mobile has-background\" style=\"background-color:#b8f9b3\"><figure class=\"wp-block-media-text__media\"><img loading=\"lazy\" decoding=\"async\" width=\"1024\" height=\"738\" src=\"https:\/\/holsljungacamping.se\/wp-content\/uploads\/2024\/05\/nissan_front-1024x738.jpg\" alt=\"\" class=\"wp-image-7143 size-full\" srcset=\"https:\/\/holsljungacamping.se\/wp-content\/uploads\/2024\/05\/nissan_front-1024x738.jpg 1024w, https:\/\/holsljungacamping.se\/wp-content\/uploads\/2024\/05\/nissan_front-300x216.jpg 300w, https:\/\/holsljungacamping.se\/wp-content\/uploads\/2024\/05\/nissan_front.jpg 1800w\" sizes=\"auto, (max-width: 1024px) 100vw, 1024px\" \/><\/figure><div class=\"wp-block-media-text__content\">\n<p class=\"has-text-color has-large-font-size\" style=\"color:#75aa3d\">Ferienhaus Nissan<\/p>\n\n\n\n<p>Das Ferienhaus ist 42qm gro\u00df.<\/p>\n\n\n\n<p>Es befindet sich darin 1 Doppelbett und einem Stockbett (90 cm + 140 cm. Die K\u00fcche ist ausgestattet mit einem K\u00fchlschrank, Kochplatte, Kaffeemaschine sowie weiteren K\u00fcchenutensilien.Es gibt keinen Wasseranschluss im Ferienhaus, allerdings befindet sich das Servicehaus direkt um die Ecke.<\/p>\n\n\n\n<p>Hunde erlaubt, Rauchen verboten.<\/p>\n\n\n\n<p>Preis 5 p<br>Nebensaison 24\/4\u201314\/6 &amp; 17\/8-20\/9:<br><strong>990 SEK \/tag<\/strong><br>Hochsaison 15\/6\u201316\/8:<br><strong>1290 SEK\/tag<\/strong><br>Endreinigung: 650 SEK<br>Bettw\u00e4sche und Handt\u00fccher: 120 SEK\/Person<br>Mieten Sie ein Reisebett (Baby): 100 SEK\/Stk<\/p>\n<\/div><\/div>\n\n\n\n<div class=\"alignnormal\"><div id=\"metaslider-id-4486\" style=\"width: 100%;\" class=\"ml-slider-3-108-0 metaslider metaslider-flex metaslider-4486 ml-slider has-dots-onhover-navigation ms-theme-default-base\" role=\"region\" aria-label=\"Nissan\" data-height=\"500\" data-width=\"700\">\n    <div id=\"metaslider_container_4486\">\n        <div id=\"metaslider_4486\">\n            <ul aria-live='off' class='slides'>\n                <li style=\"display: block; width: 100%;\" class=\"slide-4487 ms-image \" aria-roledescription=\"slide\" data-date=\"2023-12-14 13:48:57\" data-filename=\"nissan_1-1-700x500.jpg\" data-slide-type=\"image\"><img loading=\"lazy\" decoding=\"async\" src=\"https:\/\/holsljungacamping.se\/wp-content\/uploads\/2021\/05\/nissan_1-1-700x500.jpg\" height=\"500\" width=\"700\" alt=\"\" class=\"slider-4486 slide-4487 msDefaultImage\" title=\"nissan_1-1\" \/><\/li>\n                <li style=\"display: none; width: 100%;\" class=\"slide-4495 ms-image \" aria-roledescription=\"slide\" data-date=\"2023-12-14 13:52:42\" data-filename=\"nissan_2-700x500.jpg\" data-slide-type=\"image\"><img loading=\"lazy\" decoding=\"async\" src=\"https:\/\/holsljungacamping.se\/wp-content\/uploads\/2021\/05\/nissan_2-700x500.jpg\" height=\"500\" width=\"700\" alt=\"\" class=\"slider-4486 slide-4495 msDefaultImage\" title=\"nissan_2\" \/><\/li>\n                <li style=\"display: none; width: 100%;\" class=\"slide-4490 ms-image \" aria-roledescription=\"slide\" data-date=\"2023-12-14 13:48:57\" data-filename=\"nissan_5-700x500.jpg\" data-slide-type=\"image\"><img loading=\"lazy\" decoding=\"async\" src=\"https:\/\/holsljungacamping.se\/wp-content\/uploads\/2021\/05\/nissan_5-700x500.jpg\" height=\"500\" width=\"700\" alt=\"\" class=\"slider-4486 slide-4490 msDefaultImage\" title=\"nissan_5\" \/><\/li>\n                <li style=\"display: none; width: 100%;\" class=\"slide-4494 ms-image \" aria-roledescription=\"slide\" data-date=\"2023-12-14 13:48:57\" data-filename=\"nissan_1-700x500.jpg\" data-slide-type=\"image\"><img loading=\"lazy\" decoding=\"async\" src=\"https:\/\/holsljungacamping.se\/wp-content\/uploads\/2021\/05\/nissan_1-700x500.jpg\" height=\"500\" width=\"700\" alt=\"\" class=\"slider-4486 slide-4494 msDefaultImage\" title=\"nissan_1\" \/><\/li>\n                <li style=\"display: none; width: 100%;\" class=\"slide-4491 ms-image \" aria-roledescription=\"slide\" data-date=\"2023-12-14 13:48:57\" data-filename=\"nissan_4-700x500.jpg\" data-slide-type=\"image\"><img loading=\"lazy\" decoding=\"async\" src=\"https:\/\/holsljungacamping.se\/wp-content\/uploads\/2021\/05\/nissan_4-700x500.jpg\" height=\"500\" width=\"700\" alt=\"\" class=\"slider-4486 slide-4491 msDefaultImage\" title=\"nissan_4\" \/><\/li>\n                <li style=\"display: none; width: 100%;\" class=\"slide-4492 ms-image \" aria-roledescription=\"slide\" data-date=\"2023-12-14 13:48:57\" data-filename=\"nissan_3-700x500.jpg\" data-slide-type=\"image\"><img loading=\"lazy\" decoding=\"async\" src=\"https:\/\/holsljungacamping.se\/wp-content\/uploads\/2021\/05\/nissan_3-700x500.jpg\" height=\"500\" width=\"700\" alt=\"\" class=\"slider-4486 slide-4492 msDefaultImage\" title=\"nissan_3\" \/><\/li>\n                <li style=\"display: none; width: 100%;\" class=\"slide-4489 ms-image \" aria-roledescription=\"slide\" data-date=\"2023-12-14 13:48:57\" data-filename=\"nissan_sovrum_1-700x500.jpg\" data-slide-type=\"image\"><img loading=\"lazy\" decoding=\"async\" src=\"https:\/\/holsljungacamping.se\/wp-content\/uploads\/2021\/05\/nissan_sovrum_1-700x500.jpg\" height=\"500\" width=\"700\" alt=\"\" class=\"slider-4486 slide-4489 msDefaultImage\" title=\"nissan_sovrum_1\" \/><\/li>\n                <li style=\"display: none; width: 100%;\" class=\"slide-4488 ms-image \" aria-roledescription=\"slide\" data-date=\"2023-12-14 13:48:57\" data-filename=\"nissan_sovrum_2-700x500.jpg\" data-slide-type=\"image\"><img loading=\"lazy\" decoding=\"async\" src=\"https:\/\/holsljungacamping.se\/wp-content\/uploads\/2021\/05\/nissan_sovrum_2-700x500.jpg\" height=\"500\" width=\"700\" alt=\"\" class=\"slider-4486 slide-4488 msDefaultImage\" title=\"nissan_sovrum_2\" \/><\/li>\n            <\/ul>\n        <\/div>\n        \n    <\/div>\n<\/div><\/div>\n\n\n\n<p><\/p>\n\n\n\n<div class=\"wp-block-buttons is-content-justification-center is-layout-flex wp-container-core-buttons-is-layout-a89b3969 wp-block-buttons-is-layout-flex\">\n<div class=\"wp-block-button is-style-fill\"><a class=\"wp-block-button__link has-background wp-element-button\" href=\"https:\/\/holsljungacamping.se\/de\/boka-stuga\/\" style=\"border-top-left-radius:50px;border-top-right-radius:50px;border-bottom-left-radius:50px;border-bottom-right-radius:50px;background-color:#75aa3d;padding-right:var(--wp--preset--spacing--small);padding-left:var(--wp--preset--spacing--small)\"><strong>Jetzt buchen<\/strong><\/a><\/div>\n<\/div>\n\n\n\n<p><\/p>\n\n\n\n<hr class=\"wp-block-separator has-alpha-channel-opacity is-style-wide\"\/>\n\n\n\n<p><\/p>\n\n\n\n<p><\/p>\n\n\n\n<div class=\"wp-block-media-text alignfull is-stacked-on-mobile has-background\" style=\"background-color:#b8f9b3\"><figure class=\"wp-block-media-text__media\"><a href=\"https:\/\/holsljungacamping.se\/en\/bokning-online\/\"><img loading=\"lazy\" decoding=\"async\" width=\"1024\" height=\"738\" src=\"https:\/\/holsljungacamping.se\/wp-content\/uploads\/2024\/05\/IMG_20240517_0813412-1024x738.jpg\" alt=\"\" class=\"wp-image-7154 size-full\" srcset=\"https:\/\/holsljungacamping.se\/wp-content\/uploads\/2024\/05\/IMG_20240517_0813412-1024x738.jpg 1024w, https:\/\/holsljungacamping.se\/wp-content\/uploads\/2024\/05\/IMG_20240517_0813412-300x216.jpg 300w, https:\/\/holsljungacamping.se\/wp-content\/uploads\/2024\/05\/IMG_20240517_0813412-2000x1442.jpg 2000w\" sizes=\"auto, (max-width: 1024px) 100vw, 1024px\" \/><\/a><\/figure><div class=\"wp-block-media-text__content\">\n<p class=\"has-text-color has-large-font-size\" style=\"color:#75aa3d\">Ferienhaus Lagan<\/p>\n\n\n\n<p>Das Ferienhaus ist 23qm gro\u00df.<\/p>\n\n\n\n<p>5 Schlafpl\u00e4tze, bestehend aus einem Doppelbett sowie einem Stockbett (90 cm + 140 cm) in einer Schlafnische.<br>Die K\u00fcche ist ausgestattet mit einem K\u00fchlschrank, Kochplatte, Kaffeemaschine sowie weiteren K\u00fcchenutensilien.Es gibt keinen Wasseranschluss im Ferienhaus, allerdings befindet sich das Servicehaus direkt um die Ecke. <\/p>\n\n\n\n<p>Hunde erlaubt, Rauchen verboten<\/p>\n\n\n\n<p>Preis 5 p<br>Nebensaison 24\/4\u201314\/6 &amp; 17\/8-20\/9:<br><strong>790 SEK \/tag<\/strong><br>Hochsaison 15\/6\u201316\/8:<br><strong>1090 SEK \/tag<\/strong><br>Endreinigung: 550 SEK<br>Bettw\u00e4sche und Handt\u00fccher: 120 SEK\/Person<br>Mieten Sie ein Reisebett (Baby): 100 SEK\/Stk<\/p>\n<\/div><\/div>\n\n\n\n<div class=\"alignnormal\"><div id=\"metaslider-id-4515\" style=\"width: 100%;\" class=\"ml-slider-3-108-0 metaslider metaslider-flex metaslider-4515 ml-slider has-dots-onhover-navigation ms-theme-default-base\" role=\"region\" aria-label=\"Lagan\" data-height=\"500\" data-width=\"700\">\n    <div id=\"metaslider_container_4515\">\n        <div id=\"metaslider_4515\">\n            <ul aria-live='off' class='slides'>\n                <li style=\"display: block; width: 100%;\" class=\"slide-4516 ms-image \" aria-roledescription=\"slide\" data-date=\"2023-12-14 14:21:27\" data-filename=\"lagan_3-scaled-700x500.jpg\" data-slide-type=\"image\"><img loading=\"lazy\" decoding=\"async\" src=\"https:\/\/holsljungacamping.se\/wp-content\/uploads\/2021\/05\/lagan_3-scaled-700x500.jpg\" height=\"500\" width=\"700\" alt=\"\" class=\"slider-4515 slide-4516 msDefaultImage\" title=\"lagan_3\" \/><\/li>\n                <li style=\"display: none; width: 100%;\" class=\"slide-4517 ms-image \" aria-roledescription=\"slide\" data-date=\"2023-12-14 14:21:27\" data-filename=\"lagan_5-scaled-700x500.jpg\" data-slide-type=\"image\"><img loading=\"lazy\" decoding=\"async\" src=\"https:\/\/holsljungacamping.se\/wp-content\/uploads\/2021\/05\/lagan_5-scaled-700x500.jpg\" height=\"500\" width=\"700\" alt=\"\" class=\"slider-4515 slide-4517 msDefaultImage\" title=\"lagan_5\" \/><\/li>\n                <li style=\"display: none; width: 100%;\" class=\"slide-4518 ms-image \" aria-roledescription=\"slide\" data-date=\"2023-12-14 14:21:27\" data-filename=\"lagan_4-scaled-700x500.jpg\" data-slide-type=\"image\"><img loading=\"lazy\" decoding=\"async\" src=\"https:\/\/holsljungacamping.se\/wp-content\/uploads\/2021\/05\/lagan_4-scaled-700x500.jpg\" height=\"500\" width=\"700\" alt=\"\" class=\"slider-4515 slide-4518 msDefaultImage\" title=\"lagan_4\" \/><\/li>\n                <li style=\"display: none; width: 100%;\" class=\"slide-4519 ms-image \" aria-roledescription=\"slide\" data-date=\"2023-12-14 14:21:27\" data-filename=\"lagan_1-700x500.jpg\" data-slide-type=\"image\"><img loading=\"lazy\" decoding=\"async\" src=\"https:\/\/holsljungacamping.se\/wp-content\/uploads\/2021\/05\/lagan_1-700x500.jpg\" height=\"500\" width=\"700\" alt=\"\" class=\"slider-4515 slide-4519 msDefaultImage\" title=\"lagan_1\" \/><\/li>\n                <li style=\"display: none; width: 100%;\" class=\"slide-4520 ms-image \" aria-roledescription=\"slide\" data-date=\"2023-12-14 14:21:27\" data-filename=\"lagan_2-700x500.jpg\" data-slide-type=\"image\"><img loading=\"lazy\" decoding=\"async\" src=\"https:\/\/holsljungacamping.se\/wp-content\/uploads\/2021\/05\/lagan_2-700x500.jpg\" height=\"500\" width=\"700\" alt=\"\" class=\"slider-4515 slide-4520 msDefaultImage\" title=\"lagan_2\" \/><\/li>\n                <li style=\"display: none; width: 100%;\" class=\"slide-4521 ms-image \" aria-roledescription=\"slide\" data-date=\"2023-12-14 14:24:47\" data-filename=\"lagan_kok-scaled-700x500.jpg\" data-slide-type=\"image\"><img loading=\"lazy\" decoding=\"async\" src=\"https:\/\/holsljungacamping.se\/wp-content\/uploads\/2021\/05\/lagan_kok-scaled-700x500.jpg\" height=\"500\" width=\"700\" alt=\"\" class=\"slider-4515 slide-4521 msDefaultImage\" title=\"lagan_kok\" \/><\/li>\n                <li style=\"display: none; width: 100%;\" class=\"slide-4522 ms-image \" aria-roledescription=\"slide\" data-date=\"2023-12-14 14:24:58\" data-filename=\"lagan_6-1-scaled-700x500.jpg\" data-slide-type=\"image\"><img loading=\"lazy\" decoding=\"async\" src=\"https:\/\/holsljungacamping.se\/wp-content\/uploads\/2021\/05\/lagan_6-1-scaled-700x500.jpg\" height=\"500\" width=\"700\" alt=\"\" class=\"slider-4515 slide-4522 msDefaultImage\" title=\"lagan_6-1\" \/><\/li>\n            <\/ul>\n        <\/div>\n        \n    <\/div>\n<\/div><\/div>\n\n\n\n<p><\/p>\n\n\n\n<div class=\"wp-block-buttons is-content-justification-center is-layout-flex wp-container-core-buttons-is-layout-a89b3969 wp-block-buttons-is-layout-flex\">\n<div class=\"wp-block-button is-style-fill\"><a class=\"wp-block-button__link has-background wp-element-button\" href=\"https:\/\/holsljungacamping.se\/de\/boka-stuga\/\" style=\"border-top-left-radius:50px;border-top-right-radius:50px;border-bottom-left-radius:50px;border-bottom-right-radius:50px;background-color:#75aa3d;padding-right:var(--wp--preset--spacing--small);padding-left:var(--wp--preset--spacing--small)\"><strong>Jetzt buchen<\/strong><\/a><\/div>\n<\/div>\n\n\n\n<p><\/p>\n\n\n\n<hr class=\"wp-block-separator has-alpha-channel-opacity is-style-wide\"\/>\n\n\n\n<p><\/p>\n\n\n\n<div class=\"wp-block-media-text alignfull is-stacked-on-mobile has-background\" style=\"background-color:#b8f9b3\"><figure class=\"wp-block-media-text__media\"><img loading=\"lazy\" decoding=\"async\" width=\"1024\" height=\"969\" src=\"https:\/\/holsljungacamping.se\/wp-content\/uploads\/2024\/05\/IMG_20240517_1331283-012-1024x969.jpeg\" alt=\"\" class=\"wp-image-7159 size-full\" srcset=\"https:\/\/holsljungacamping.se\/wp-content\/uploads\/2024\/05\/IMG_20240517_1331283-012-1024x969.jpeg 1024w, https:\/\/holsljungacamping.se\/wp-content\/uploads\/2024\/05\/IMG_20240517_1331283-012-300x284.jpeg 300w, https:\/\/holsljungacamping.se\/wp-content\/uploads\/2024\/05\/IMG_20240517_1331283-012-2000x1893.jpeg 2000w\" sizes=\"auto, (max-width: 1024px) 100vw, 1024px\" \/><\/figure><div class=\"wp-block-media-text__content\">\n<p class=\"has-text-color has-large-font-size\" style=\"color:#75aa3d\">Ferienhaus Viskan<\/p>\n\n\n\n<p>Das Ferienhaus ist 11qm gro\u00df.<\/p>\n\n\n\n<p>3 Schlafpl\u00e4tze, bestehend aus einem Stockbett (90 cm + 140 cm)Die K\u00fcche ist ausgestattet mit einem K\u00fchlschrank, Kaffeemaschine sowie weiteren K\u00fcchenutensilien.Es gibt keinen Wasseranschluss im Ferienhaus, allerdings befindet sich das Servicehaus direkt um die Ecke.<\/p>\n\n\n\n<p>Hunde erlaubt, Rauchen verboten.<\/p>\n\n\n\n<p>Preis 3 p<br>Nebensaison 24\/4\u201314\/6 &amp; 17\/8-20\/9:<br><strong>590 SEK \/tag<\/strong><br>Hochsaison 15\/6\u201316\/8:<br><strong>790 SEK\/tag<\/strong><br>Endreinigung: 450 SEK<br>Bettw\u00e4sche und Handt\u00fccher: 120 SEK\/Person<br>Mieten Sie ein Reisebett (Baby): 100 SEK \/ Stk<\/p>\n<\/div><\/div>\n\n\n\n<div class=\"alignnormal\"><div id=\"metaslider-id-4527\" style=\"width: 100%;\" class=\"ml-slider-3-108-0 metaslider metaslider-flex metaslider-4527 ml-slider has-dots-onhover-navigation ms-theme-default-base\" role=\"region\" aria-label=\"Viskan\" data-height=\"500\" data-width=\"700\">\n    <div id=\"metaslider_container_4527\">\n        <div id=\"metaslider_4527\">\n            <ul aria-live='off' class='slides'>\n                <li style=\"display: block; width: 100%;\" class=\"slide-4528 ms-image \" aria-roledescription=\"slide\" data-date=\"2023-12-14 14:32:54\" data-filename=\"viskan_1-700x500.jpg\" data-slide-type=\"image\"><img loading=\"lazy\" decoding=\"async\" src=\"https:\/\/holsljungacamping.se\/wp-content\/uploads\/2021\/05\/viskan_1-700x500.jpg\" height=\"500\" width=\"700\" alt=\"\" class=\"slider-4527 slide-4528 msDefaultImage\" title=\"viskan_1\" \/><\/li>\n                <li style=\"display: none; width: 100%;\" class=\"slide-4530 ms-image \" aria-roledescription=\"slide\" data-date=\"2023-12-14 14:33:51\" data-filename=\"viskan_2-700x500.jpg\" data-slide-type=\"image\"><img loading=\"lazy\" decoding=\"async\" src=\"https:\/\/holsljungacamping.se\/wp-content\/uploads\/2021\/05\/viskan_2-700x500.jpg\" height=\"500\" width=\"700\" alt=\"\" class=\"slider-4527 slide-4530 msDefaultImage\" title=\"viskan_2\" \/><\/li>\n                <li style=\"display: none; width: 100%;\" class=\"slide-4529 ms-image \" aria-roledescription=\"slide\" data-date=\"2023-12-14 14:33:51\" data-filename=\"viskan_4-scaled-700x500.jpg\" data-slide-type=\"image\"><img loading=\"lazy\" decoding=\"async\" src=\"https:\/\/holsljungacamping.se\/wp-content\/uploads\/2021\/05\/viskan_4-scaled-700x500.jpg\" height=\"500\" width=\"700\" alt=\"\" class=\"slider-4527 slide-4529 msDefaultImage\" title=\"viskan_4\" \/><\/li>\n            <\/ul>\n        <\/div>\n        \n    <\/div>\n<\/div><\/div>\n\n\n\n<p><\/p>\n\n\n\n<div class=\"wp-block-buttons is-content-justification-center is-layout-flex wp-container-core-buttons-is-layout-a89b3969 wp-block-buttons-is-layout-flex\">\n<div class=\"wp-block-button is-style-fill\"><a class=\"wp-block-button__link has-background wp-element-button\" href=\"https:\/\/holsljungacamping.se\/de\/boka-stuga\/\" style=\"border-top-left-radius:50px;border-top-right-radius:50px;border-bottom-left-radius:50px;border-bottom-right-radius:50px;background-color:#75aa3d;padding-right:var(--wp--preset--spacing--small);padding-left:var(--wp--preset--spacing--small)\"><strong>Jetzt buchen<\/strong><\/a><\/div>\n<\/div>\n\n\n\n<p><\/p>\n","protected":false},"excerpt":{"rendered":"<p>Auf unserem Campingplatz gibt es drei Ferienh\u00e4user: Nissan, Lagan Und Viskan Check-in ab 15:00 Uhr und Check-out bis sp\u00e4testens 11:00 Uhr In der N\u00e4he befindet sich das Servicegeb\u00e4ude mit Duschen, Toiletten und einer \u00fcberdachten K\u00fcche. F\u00fcr Warmwasser in den Duschen werden Wertmarken ben\u00f6tigt, die an der Rezeption gekauft werden. Grillplatz f\u00fcr unsere G\u00e4ste. Ferienhaus Nissan &hellip; <\/p>\n<p class=\"link-more\"><a href=\"https:\/\/holsljungacamping.se\/de\/stugor\/\" class=\"more-link\">Read more<span class=\"screen-reader-text\"> &#8220;Ferienh\u00e4user&#8221;<\/span><\/a><\/p>\n","protected":false},"author":1,"featured_media":7191,"parent":0,"menu_order":0,"comment_status":"closed","ping_status":"closed","template":"","meta":{"inspiro_hide_title":false,"footnotes":""},"class_list":["post-20","page","type-page","status-publish","has-post-thumbnail","hentry"],"translation":{"provider":"WPGlobus","version":"3.0.2","language":"de","enabled_languages":["sv","en","nl","de"],"languages":{"sv":{"title":true,"content":true,"excerpt":false},"en":{"title":true,"content":true,"excerpt":false},"nl":{"title":true,"content":true,"excerpt":false},"de":{"title":true,"content":true,"excerpt":false}}},"_links":{"self":[{"href":"https:\/\/holsljungacamping.se\/de\/wp-json\/wp\/v2\/pages\/20","targetHints":{"allow":["GET"]}}],"collection":[{"href":"https:\/\/holsljungacamping.se\/de\/wp-json\/wp\/v2\/pages"}],"about":[{"href":"https:\/\/holsljungacamping.se\/de\/wp-json\/wp\/v2\/types\/page"}],"author":[{"embeddable":true,"href":"https:\/\/holsljungacamping.se\/de\/wp-json\/wp\/v2\/users\/1"}],"replies":[{"embeddable":true,"href":"https:\/\/holsljungacamping.se\/de\/wp-json\/wp\/v2\/comments?post=20"}],"version-history":[{"count":386,"href":"https:\/\/holsljungacamping.se\/de\/wp-json\/wp\/v2\/pages\/20\/revisions"}],"predecessor-version":[{"id":8385,"href":"https:\/\/holsljungacamping.se\/de\/wp-json\/wp\/v2\/pages\/20\/revisions\/8385"}],"wp:featuredmedia":[{"embeddable":true,"href":"https:\/\/holsljungacamping.se\/de\/wp-json\/wp\/v2\/media\/7191"}],"wp:attachment":[{"href":"https:\/\/holsljungacamping.se\/de\/wp-json\/wp\/v2\/media?parent=20"}],"curies":[{"name":"wp","href":"https:\/\/api.w.org\/{rel}","templated":true}]}}