{"id":25,"date":"2015-03-05T22:50:33","date_gmt":"2015-03-05T21:50:33","guid":{"rendered":"http:\/\/holsljungacamping.se\/?page_id=25"},"modified":"2025-12-15T12:32:59","modified_gmt":"2025-12-15T10:32:59","slug":"batkanot","status":"publish","type":"page","link":"https:\/\/holsljungacamping.se\/de\/batkanot\/","title":{"rendered":"Ruderboot, Kanu und Angeln"},"content":{"rendered":"\n<div class=\"wp-block-media-text alignwide is-stacked-on-mobile\"><figure class=\"wp-block-media-text__media\"><img loading=\"lazy\" decoding=\"async\" width=\"1024\" height=\"684\" src=\"https:\/\/holsljungacamping.se\/wp-content\/uploads\/2023\/12\/Laxsjon_37-DSC_3353-Photo-Cred-NORR_Johanna-Fraen-1024x684.jpg\" alt=\"\" class=\"wp-image-4361 size-full\"\/><\/figure><div class=\"wp-block-media-text__content\">\n<p class=\"has-text-color has-large-font-size\" style=\"color:#75aa3d\">Holsj\u00f6n<\/p>\n\n\n\n<p>Holsj\u00f6n ist ein einzigartiger See mit seinen wundersch\u00f6nen Sandstr\u00e4nden, flachem Wasser, einzigartigen Steinen und tollen kleinen Inseln mit unterschiedlichen Fischen.<\/p>\n\n\n\n<p>Bei uns kann man sowohl ein Ruderboot als auch ein Kanu mieten.<br>Erforscht die sch\u00f6nen Inseln oder macht einen Angelausflug.<\/p>\n<\/div><\/div>\n\n\n\n<div class=\"wp-block-media-text has-media-on-the-right is-stacked-on-mobile\"><div class=\"wp-block-media-text__content\">\n<p class=\"has-text-color has-large-font-size\" style=\"color:#75aa3d\">Mieten<\/p>\n\n\n\n<p><strong>Ruderboot<\/strong>,\u00a04 Stunden SEK 290, 8 Stunden SEK 490<br><strong>Kanu<\/strong>\u00a04 Stunden SEK 290, 8 Stunden SEK 490<br><strong>SUP<\/strong>\u00a0(Stand-Up Paddle), SEK 80 Stunden<br><br>Schwimmwesten kann man ebenfalls ausleihen.<\/p>\n<\/div><figure class=\"wp-block-media-text__media\"><img loading=\"lazy\" decoding=\"async\" width=\"623\" height=\"309\" src=\"https:\/\/holsljungacamping.se\/wp-content\/uploads\/2022\/03\/holsljon_622-309.jpg\" alt=\"\" class=\"wp-image-2676 size-full\" srcset=\"https:\/\/holsljungacamping.se\/wp-content\/uploads\/2022\/03\/holsljon_622-309.jpg 623w, https:\/\/holsljungacamping.se\/wp-content\/uploads\/2022\/03\/holsljon_622-309-300x149.jpg 300w\" sizes=\"auto, (max-width: 623px) 100vw, 623px\" \/><\/figure><\/div>\n\n\n\n<div class=\"wp-block-media-text alignwide is-stacked-on-mobile has-link-color wp-elements-e98f6ab50462f4e0509499f1c4506eef\"><figure class=\"wp-block-media-text__media\"><img loading=\"lazy\" decoding=\"async\" width=\"600\" height=\"400\" src=\"http:\/\/holsljungacamping.se\/wp-content\/uploads\/2020\/11\/fiske.jpg\" alt=\"\" class=\"wp-image-1098 size-full\" srcset=\"https:\/\/holsljungacamping.se\/wp-content\/uploads\/2020\/11\/fiske.jpg 600w, https:\/\/holsljungacamping.se\/wp-content\/uploads\/2020\/11\/fiske-300x200.jpg 300w\" sizes=\"auto, (max-width: 600px) 100vw, 600px\" \/><\/figure><div class=\"wp-block-media-text__content\">\n<p class=\"has-text-color has-large-font-size\" style=\"color:#75aa3d\">Angeln<\/p>\n\n\n\n<p>Holsj\u00f6n ist ein toller See zum Angeln. Hier gibt es Barsch, Zander, Hecht und Brasse.&nbsp;&nbsp;&nbsp;<\/p>\n\n\n\n<p>Eine Angelkarte k\u00f6nnt ihr bei uns in der Rezeption kaufen, die Karte gilt f\u00fcr den komplette Holsljunga Fischereibezirk, zu dem neben Holsj\u00f6n noch andere Seen in der Umgebung geh\u00f6ren.<\/p>\n\n\n\n<p>Mehr Information findet ihr <strong><a href=\"https:\/\/www.ifiske.se\/de\/angeln-holsjon-karken-st.hissjon-mfl.htm\">HIER<\/a><\/strong>.<\/p>\n<\/div><\/div>\n\n\n\n<div class=\"wp-block-media-text alignwide has-media-on-the-right is-stacked-on-mobile\"><div class=\"wp-block-media-text__content\">\n<p class=\"has-text-color has-large-font-size\" style=\"color:#75aa3d\">Mietbedingungen<\/p>\n\n\n\n<ul class=\"wp-block-list\">\n<li>Mindestalter 18 Jahre f\u00fcr die Miete von Kanu und Boot. Altersnachweis erforderlich.<\/li>\n\n\n\n<li>Paddeln und Rudern auf eigene Gefahr.<\/li>\n\n\n\n<li>Jederzeit Schwimmweste verwenden (geh\u00f6rt dazu) und Schwimmkenntnisse erforderlich<\/li>\n\n\n\n<li>Wir behalten uns das Recht vor von einer Vermietung Abstand zu nehmen. Dies geschieht in F\u00e4llen von vermutetem Alkoholmissbrauch, vermuteter Untauglichkeit, sowie bei vermutetem Unwetter oder anderen Risiken.<\/li>\n\n\n\n<li>Bei Diebstahl oder Besch\u00e4digung auf Grund von Unachtsamkeit besteht Schadensersatz. Bitte pr\u00fcft ob die Haftpflichtversicherung hier gilt.<\/li>\n<\/ul>\n<\/div><figure class=\"wp-block-media-text__media\"><img loading=\"lazy\" decoding=\"async\" width=\"800\" height=\"496\" src=\"https:\/\/holsljungacamping.se\/wp-content\/uploads\/2024\/01\/kanot-uthyrning-2.jpg\" alt=\"\" class=\"wp-image-5368 size-full\" srcset=\"https:\/\/holsljungacamping.se\/wp-content\/uploads\/2024\/01\/kanot-uthyrning-2.jpg 800w, https:\/\/holsljungacamping.se\/wp-content\/uploads\/2024\/01\/kanot-uthyrning-2-300x186.jpg 300w\" sizes=\"auto, (max-width: 800px) 100vw, 800px\" \/><\/figure><\/div>\n\n\n\n<p><\/p>\n\n\n\n<p><\/p>\n","protected":false},"excerpt":{"rendered":"<p>Holsj\u00f6n Holsj\u00f6n ist ein einzigartiger See mit seinen wundersch\u00f6nen Sandstr\u00e4nden, flachem Wasser, einzigartigen Steinen und tollen kleinen Inseln mit unterschiedlichen Fischen. Bei uns kann man sowohl ein Ruderboot als auch ein Kanu mieten.Erforscht die sch\u00f6nen Inseln oder macht einen Angelausflug. Mieten Ruderboot,\u00a04 Stunden SEK 290, 8 Stunden SEK 490Kanu\u00a04 Stunden SEK 290, 8 Stunden SEK &hellip; <\/p>\n<p class=\"link-more\"><a href=\"https:\/\/holsljungacamping.se\/de\/batkanot\/\" class=\"more-link\">Read more<span class=\"screen-reader-text\"> &#8220;Ruderboot, Kanu und Angeln&#8221;<\/span><\/a><\/p>\n","protected":false},"author":1,"featured_media":1371,"parent":0,"menu_order":0,"comment_status":"closed","ping_status":"closed","template":"","meta":{"inspiro_hide_title":false,"footnotes":""},"class_list":["post-25","page","type-page","status-publish","has-post-thumbnail","hentry"],"translation":{"provider":"WPGlobus","version":"3.0.2","language":"de","enabled_languages":["sv","en","nl","de"],"languages":{"sv":{"title":true,"content":true,"excerpt":false},"en":{"title":true,"content":true,"excerpt":false},"nl":{"title":true,"content":true,"excerpt":false},"de":{"title":true,"content":true,"excerpt":false}}},"_links":{"self":[{"href":"https:\/\/holsljungacamping.se\/de\/wp-json\/wp\/v2\/pages\/25","targetHints":{"allow":["GET"]}}],"collection":[{"href":"https:\/\/holsljungacamping.se\/de\/wp-json\/wp\/v2\/pages"}],"about":[{"href":"https:\/\/holsljungacamping.se\/de\/wp-json\/wp\/v2\/types\/page"}],"author":[{"embeddable":true,"href":"https:\/\/holsljungacamping.se\/de\/wp-json\/wp\/v2\/users\/1"}],"replies":[{"embeddable":true,"href":"https:\/\/holsljungacamping.se\/de\/wp-json\/wp\/v2\/comments?post=25"}],"version-history":[{"count":170,"href":"https:\/\/holsljungacamping.se\/de\/wp-json\/wp\/v2\/pages\/25\/revisions"}],"predecessor-version":[{"id":8156,"href":"https:\/\/holsljungacamping.se\/de\/wp-json\/wp\/v2\/pages\/25\/revisions\/8156"}],"wp:featuredmedia":[{"embeddable":true,"href":"https:\/\/holsljungacamping.se\/de\/wp-json\/wp\/v2\/media\/1371"}],"wp:attachment":[{"href":"https:\/\/holsljungacamping.se\/de\/wp-json\/wp\/v2\/media?parent=25"}],"curies":[{"name":"wp","href":"https:\/\/api.w.org\/{rel}","templated":true}]}}