{"id":2525,"date":"2022-01-18T11:16:59","date_gmt":"2022-01-18T10:16:59","guid":{"rendered":"https:\/\/holsljungacamping.se\/?page_id=2525"},"modified":"2026-03-18T16:38:16","modified_gmt":"2026-03-18T14:38:16","slug":"hallbarhet-och-miljo","status":"publish","type":"page","link":"https:\/\/holsljungacamping.se\/de\/hallbarhet-och-miljo\/","title":{"rendered":"Nachhaltigkeit und Umwelt"},"content":{"rendered":"\n<p>Nachhaltigkeit und Umwelt sind wichtige Aspekte f\u00fcr uns vom Holsljunga Camping &amp; Caf\u00e9. Wir beabsichtigen, st\u00e4ndig an der Verbesserung unserer Nachhaltigkeit zu arbeiten, und ber\u00fccksichtigen dies bei allen Entscheidungen, die wir in unserem Betrieb treffen, sowohl in Bezug auf Umweltaspekte als auch auf sozio\u00f6konomische Nachhaltigkeit.<\/p>\n\n\n\n<p>Es ist uns wichtig, dass wir und unsere G\u00e4ste die Umwelt so wenig wie m\u00f6glich belasten. Wir arbeiten mit lokalen Produzenten zusammen und verwenden so weit wie m\u00f6glich lokal produzierte Rohstoffe und Produkte f\u00fcr unser Servieren. Wir arbeiten daran, Lebensmittelverschwendung beim Servieren durch \u201eangemessen\u201c kleine Portionen zu reduzieren. Aber wenn Sie nicht gemessen werden, fragen Sie einfach nach mehr. Dies bedeutet, dass wir fast nie Essen von den G\u00e4sten, die wir bedienen, wegwerfen m\u00fcssen.<\/p>\n\n\n\n<p>Auch die Ware, die wir im Laden anbieten, muss m\u00f6glichst aus der Region stammen. Hier ziehen wir es vor, dass wir etwas weniger verkaufen, aber mehr verlangen und eine h\u00f6here Qualit\u00e4t beibehalten. Auch dies tr\u00e4gt zu k\u00fcrzeren Warentransporten bei.<\/p>\n\n\n\n<p>Wir sortieren den M\u00fcll von der Ausgabe und dem Empfang an der Quelle, aber wir arbeiten auch daran, eine L\u00f6sung f\u00fcr die Sortierung der anderen Abf\u00e4lle in der Einrichtung zu finden. Dar\u00fcber hinaus treffen wir umweltbewusste Entscheidungen bei Einweg- und Reinigungsmitteln. In Zukunft sehen wir die Notwendigkeit, stromautark zu werden. Daher planen wir Solarzellen auf dem Dach des Servicehauses zu montieren, um so den eigenen Strombedarf des Campingplatzes zu decken. In den Duschen haben wir eine dezentrale L\u00fcftungsanlage mit W\u00e4rmer\u00fcckgewinnung installiert. Wir werden 18 Wasserh\u00e4hne durch sensorgesteuerte Wasserh\u00e4hne ersetzen und den Wasserdruck senken, um den Wasserverbrauch zu reduzieren. Bei den Duschen geht es mit Jetons weiter, um auch hier Wasser zu sparen.<\/p>\n\n\n\n<p>Wir haben \u00e4ltere K\u00fchl- und Gefrierger\u00e4te kontinuierlich durch neue ersetzt, die energieeffizient und umweltklassifiziert sind.<\/p>\n\n\n\n<p><\/p>\n\n\n\n<div class=\"wp-block-cover alignfull has-parallax\"><span aria-hidden=\"true\" class=\"wp-block-cover__background has-background-dim-0 has-background-dim\"><\/span><div role=\"img\" class=\"wp-block-cover__image-background wp-image-5999 has-parallax\" style=\"background-position:50% 50%;background-image:url(https:\/\/holsljungacamping.se\/wp-content\/uploads\/2024\/02\/IMG_20210811_142322_HDR3-scaled.jpg)\"><\/div><div class=\"wp-block-cover__inner-container has-global-padding is-layout-constrained wp-block-cover-is-layout-constrained\">\n<p class=\"has-text-align-center has-large-font-size\"><\/p>\n<\/div><\/div>\n\n\n\n<p><\/p>\n\n\n\n<p>Um die Anzahl der \u00dcbernachtungen zu erh\u00f6hen, haben wir bestehende H\u00fctten renoviert und ausgestattet, da die Auslastung der H\u00fctten nur 20 Prozent betrug. Wir senken den Preis vor \/ nach der Saison auf dem Campingplatz, um die Anzahl der G\u00e4sten\u00e4chte zu erh\u00f6hen, erh\u00f6hen den Preis jedoch w\u00e4hrend der Hochsaison leicht. Um die Verf\u00fcgbarkeit zu erh\u00f6hen und den Arbeitsaufwand zu reduzieren, nutzen wir jetzt auch die Online-Buchung.<\/p>\n\n\n\n<p>Um den Campingplatz attraktiver zu machen, werden M\u00f6glichkeiten f\u00fcr Aktivit\u00e4ten ben\u00f6tigt. Wir haben eine Zusammenarbeit mit einem Kajakverleih gestartet, daher gibt es jetzt auch Kajaks bei uns zu mieten. F\u00fcr diese Saison haben wir eine neue Zusammenarbeit mit einem lokalen Abenteuerunternehmen, Vildmark Sjuh\u00e4rad. Mit einem neuen Radweg, der bald fertig sein wird, sehen wir ein gro\u00dfes Potenzial, Fahrr\u00e4der zur Miete zu kaufen. Dies erm\u00f6glicht es den Besuchern auch, die Umgebung zu erleben und die Besucherziele zu erweitern, um andere Akteure zu besuchen. Hier m\u00f6chten wir Kooperationen mit Unternehmen in der N\u00e4he finden, um zu sehen, was sie anbieten k\u00f6nnen. Wir planen auch, eine Ladestation f\u00fcr Elektroautos zu kaufen und bereitzustellen.<\/p>\n\n\n\n<p>Unser Wunsch ist es auch, mit der Gemeinde zusammenzuarbeiten, um ortsans\u00e4ssige, in den Ferien arbeitende junge Menschen zu besch\u00e4ftigen oder denen zu helfen, die au\u00dferhalb des Arbeitsmarktes stehen. Im Auftrag der Gemeinde reinigen wir den Strand und die Umgebung drumherum.<\/p>\n","protected":false},"excerpt":{"rendered":"<p>Nachhaltigkeit und Umwelt sind wichtige Aspekte f\u00fcr uns vom Holsljunga Camping &amp; Caf\u00e9. Wir beabsichtigen, st\u00e4ndig an der Verbesserung unserer Nachhaltigkeit zu arbeiten, und ber\u00fccksichtigen dies bei allen Entscheidungen, die wir in unserem Betrieb treffen, sowohl in Bezug auf Umweltaspekte als auch auf sozio\u00f6konomische Nachhaltigkeit. Es ist uns wichtig, dass wir und unsere G\u00e4ste die &hellip; <\/p>\n<p class=\"link-more\"><a href=\"https:\/\/holsljungacamping.se\/de\/hallbarhet-och-miljo\/\" class=\"more-link\">Read more<span class=\"screen-reader-text\"> &#8220;Nachhaltigkeit und Umwelt&#8221;<\/span><\/a><\/p>\n","protected":false},"author":1,"featured_media":2744,"parent":0,"menu_order":0,"comment_status":"closed","ping_status":"closed","template":"","meta":{"inspiro_hide_title":false,"footnotes":""},"class_list":["post-2525","page","type-page","status-publish","has-post-thumbnail","hentry"],"translation":{"provider":"WPGlobus","version":"3.0.2","language":"de","enabled_languages":["sv","en","nl","de"],"languages":{"sv":{"title":true,"content":true,"excerpt":false},"en":{"title":true,"content":true,"excerpt":false},"nl":{"title":true,"content":true,"excerpt":false},"de":{"title":true,"content":true,"excerpt":false}}},"_links":{"self":[{"href":"https:\/\/holsljungacamping.se\/de\/wp-json\/wp\/v2\/pages\/2525","targetHints":{"allow":["GET"]}}],"collection":[{"href":"https:\/\/holsljungacamping.se\/de\/wp-json\/wp\/v2\/pages"}],"about":[{"href":"https:\/\/holsljungacamping.se\/de\/wp-json\/wp\/v2\/types\/page"}],"author":[{"embeddable":true,"href":"https:\/\/holsljungacamping.se\/de\/wp-json\/wp\/v2\/users\/1"}],"replies":[{"embeddable":true,"href":"https:\/\/holsljungacamping.se\/de\/wp-json\/wp\/v2\/comments?post=2525"}],"version-history":[{"count":38,"href":"https:\/\/holsljungacamping.se\/de\/wp-json\/wp\/v2\/pages\/2525\/revisions"}],"predecessor-version":[{"id":8391,"href":"https:\/\/holsljungacamping.se\/de\/wp-json\/wp\/v2\/pages\/2525\/revisions\/8391"}],"wp:featuredmedia":[{"embeddable":true,"href":"https:\/\/holsljungacamping.se\/de\/wp-json\/wp\/v2\/media\/2744"}],"wp:attachment":[{"href":"https:\/\/holsljungacamping.se\/de\/wp-json\/wp\/v2\/media?parent=2525"}],"curies":[{"name":"wp","href":"https:\/\/api.w.org\/{rel}","templated":true}]}}