{"id":28,"date":"2015-03-05T22:52:50","date_gmt":"2015-03-05T21:52:50","guid":{"rendered":"http:\/\/holsljungacamping.se\/?page_id=28"},"modified":"2026-04-08T21:33:18","modified_gmt":"2026-04-08T19:33:18","slug":"fiske","status":"publish","type":"page","link":"https:\/\/holsljungacamping.se\/de\/fiske\/","title":{"rendered":"Angeln"},"content":{"rendered":"\n<p class=\"has-text-color has-large-font-size\" style=\"color:#75aa3d\">Angeln im Holsj\u00f6n<\/p>\n\n\n\n<p>(Holsj\u00f6n) ist ein guter Angelsee mit Barsch, Zander, Hecht und Brassen. Sie k\u00f6nnen selbst entscheiden, welcher K\u00f6der am besten geeignet ist.<br><br>Angelscheine f\u00fcr das Angelsportgebiet Holsljunga, zu dem der Holsj\u00f6n und mehrere andere Seen geh\u00f6ren, k\u00f6nnen an der Rezeption oder auf iFiske.se erworben werden<\/p>\n\n\n\n<p class=\"has-link-color wp-elements-a2d14cde0f90e127cd54f2d10e7a0c31\" id=\"E315\">Weitere Informationen \u00fcber das Angelsportgebiet &#8211; <a href=\"https:\/\/www.ifiske.se\/fiske-holsjon-karken-st.hissjon-mfl..htm\">Weiterlesen<\/a><\/p>\n\n\n\n<p class=\"has-link-color wp-elements-13d23696de04d2a640222926bebf6c31\" id=\"E318\">Sie k\u00f6nnen ein Ruderboot zum Angeln mieten.- <a href=\"https:\/\/holsljungacamping.se\/en\/batkanot\/\">Weiterlesen<\/a><\/p>\n\n\n\n<p><\/p>\n\n\n\n<div class=\"wp-block-media-text is-stacked-on-mobile\" style=\"grid-template-columns:19% auto\"><figure class=\"wp-block-media-text__media\"><img loading=\"lazy\" decoding=\"async\" width=\"250\" height=\"130\" src=\"https:\/\/holsljungacamping.se\/wp-content\/uploads\/2023\/11\/aborre.jpg\" alt=\"\" class=\"wp-image-3906 size-full\"\/><\/figure><div class=\"wp-block-media-text__content\">\n<h2 class=\"wp-block-heading\">Barsch<\/h2>\n\n\n\n<p id=\"E331\">Gr\u00f6\u00dfe: &lt;51cm<br>Gewicht: &lt;1.5kg<br>H\u00e4ufig im Holsj\u00f6n anzutreffen. Leicht zu fangen, sowohl mit der Angelrute als auch mit der Schleppangel.<\/p>\n<\/div><\/div>\n\n\n\n<div class=\"wp-block-media-text is-stacked-on-mobile\" style=\"grid-template-columns:19% auto\"><figure class=\"wp-block-media-text__media\"><img loading=\"lazy\" decoding=\"async\" width=\"254\" height=\"115\" src=\"https:\/\/holsljungacamping.se\/wp-content\/uploads\/2023\/11\/gadda.jpg\" alt=\"\" class=\"wp-image-3904 size-full\"\/><\/figure><div class=\"wp-block-media-text__content\">\n<h2 class=\"wp-block-heading\">Hecht<\/h2>\n\n\n\n<p id=\"E331\">Gr\u00f6\u00dfe: &lt;51cm<br>Gewicht: &lt;1.5kg<br>\u00e4ufig im Holsj\u00f6n anzutreffen. Leicht zu fangen, sowohl mit der Angelrute als auch mit der Schleppangel.<\/p>\n<\/div><\/div>\n\n\n\n<div class=\"wp-block-media-text is-stacked-on-mobile\" style=\"grid-template-columns:19% auto\"><figure class=\"wp-block-media-text__media\"><img loading=\"lazy\" decoding=\"async\" width=\"222\" height=\"86\" src=\"https:\/\/holsljungacamping.se\/wp-content\/uploads\/2023\/11\/gos.jpg\" alt=\"\" class=\"wp-image-3902 size-full\"\/><\/figure><div class=\"wp-block-media-text__content\">\n<h2 class=\"wp-block-heading\">Zander<\/h2>\n\n\n\n<p id=\"E331\">Gr\u00f6\u00dfe: &lt;130cm<br>Gewicht: Maximum weight 15-18kg<br>Zander gibt es im Holsj\u00f6n in gro\u00dfer Zahl. Die \u00fcbliche Fangmethode ist Schleppangeln.<\/p>\n<\/div><\/div>\n\n\n\n<div class=\"wp-block-media-text is-stacked-on-mobile\" style=\"grid-template-columns:19% auto\"><figure class=\"wp-block-media-text__media\"><img loading=\"lazy\" decoding=\"async\" width=\"184\" height=\"120\" src=\"https:\/\/holsljungacamping.se\/wp-content\/uploads\/2023\/11\/brax.jpg\" alt=\"\" class=\"wp-image-3905 size-full\"\/><\/figure><div class=\"wp-block-media-text__content\">\n<h2 class=\"wp-block-heading\">Brassen<\/h2>\n\n\n\n<p id=\"E331\">Gr\u00f6\u00dfe &lt;80cm<br>Gewicht: Approx 3kg<br>BDie Brasse wird gew\u00f6hnlich mit der Angelrute oder dem Netz gefangen. H\u00e4ufig vorkommender Fisch.<\/p>\n<\/div><\/div>\n","protected":false},"excerpt":{"rendered":"<p>Angeln im Holsj\u00f6n (Holsj\u00f6n) ist ein guter Angelsee mit Barsch, Zander, Hecht und Brassen. Sie k\u00f6nnen selbst entscheiden, welcher K\u00f6der am besten geeignet ist. Angelscheine f\u00fcr das Angelsportgebiet Holsljunga, zu dem der Holsj\u00f6n und mehrere andere Seen geh\u00f6ren, k\u00f6nnen an der Rezeption oder auf iFiske.se erworben werden Weitere Informationen \u00fcber das Angelsportgebiet &#8211; Weiterlesen Sie &hellip; <\/p>\n<p class=\"link-more\"><a href=\"https:\/\/holsljungacamping.se\/de\/fiske\/\" class=\"more-link\">Read more<span class=\"screen-reader-text\"> &#8220;Angeln&#8221;<\/span><\/a><\/p>\n","protected":false},"author":1,"featured_media":4371,"parent":0,"menu_order":0,"comment_status":"closed","ping_status":"open","template":"","meta":{"inspiro_hide_title":false,"footnotes":""},"class_list":["post-28","page","type-page","status-publish","has-post-thumbnail","hentry"],"translation":{"provider":"WPGlobus","version":"3.0.2","language":"de","enabled_languages":["sv","en","nl","de"],"languages":{"sv":{"title":true,"content":true,"excerpt":false},"en":{"title":true,"content":true,"excerpt":false},"nl":{"title":true,"content":true,"excerpt":false},"de":{"title":true,"content":true,"excerpt":false}}},"_links":{"self":[{"href":"https:\/\/holsljungacamping.se\/de\/wp-json\/wp\/v2\/pages\/28","targetHints":{"allow":["GET"]}}],"collection":[{"href":"https:\/\/holsljungacamping.se\/de\/wp-json\/wp\/v2\/pages"}],"about":[{"href":"https:\/\/holsljungacamping.se\/de\/wp-json\/wp\/v2\/types\/page"}],"author":[{"embeddable":true,"href":"https:\/\/holsljungacamping.se\/de\/wp-json\/wp\/v2\/users\/1"}],"replies":[{"embeddable":true,"href":"https:\/\/holsljungacamping.se\/de\/wp-json\/wp\/v2\/comments?post=28"}],"version-history":[{"count":65,"href":"https:\/\/holsljungacamping.se\/de\/wp-json\/wp\/v2\/pages\/28\/revisions"}],"predecessor-version":[{"id":8433,"href":"https:\/\/holsljungacamping.se\/de\/wp-json\/wp\/v2\/pages\/28\/revisions\/8433"}],"wp:featuredmedia":[{"embeddable":true,"href":"https:\/\/holsljungacamping.se\/de\/wp-json\/wp\/v2\/media\/4371"}],"wp:attachment":[{"href":"https:\/\/holsljungacamping.se\/de\/wp-json\/wp\/v2\/media?parent=28"}],"curies":[{"name":"wp","href":"https:\/\/api.w.org\/{rel}","templated":true}]}}