{"id":2805,"date":"2022-04-02T15:10:06","date_gmt":"2022-04-02T14:10:06","guid":{"rendered":"https:\/\/holsljungacamping.se\/?page_id=2805"},"modified":"2025-04-07T16:58:09","modified_gmt":"2025-04-07T15:58:09","slug":"semestra-med-hund","status":"publish","type":"page","link":"https:\/\/holsljungacamping.se\/de\/semestra-med-hund\/","title":{"rendered":"Urlaub mit Hund"},"content":{"rendered":"\n<p><br><strong>Hundefreundliche Unterk\u00fcnfte<\/strong><br>Bei Holsljunga Camping &amp; Caf\u00e9 sind Hunde und andere Haustiere willkommen. Sie k\u00f6nnen zelten, in unseren Ferienh\u00e4usern \u00fcbernachten oder Herrchen und Frauchen in unserem gem\u00fctlichen Caf\u00e9 Gesellschaft leisten, wenn Sie mit ihrem geliebten Familienhund eine Mahlzeit, einen Kaffee oder ein Eis essen.<\/p>\n\n\n\n<div class=\"wp-block-cover alignfull\"><span aria-hidden=\"true\" class=\"wp-block-cover__background has-background-dim-0 has-background-dim\"><\/span><img loading=\"lazy\" decoding=\"async\" width=\"1019\" height=\"470\" class=\"wp-block-cover__image-background wp-image-2811\" alt=\"\" src=\"https:\/\/holsljungacamping.se\/wp-content\/uploads\/2022\/04\/semestra_med_hund3.jpg\" style=\"object-position:48% 27%\" data-object-fit=\"cover\" data-object-position=\"48% 27%\" srcset=\"https:\/\/holsljungacamping.se\/wp-content\/uploads\/2022\/04\/semestra_med_hund3.jpg 1019w, https:\/\/holsljungacamping.se\/wp-content\/uploads\/2022\/04\/semestra_med_hund3-300x138.jpg 300w, https:\/\/holsljungacamping.se\/wp-content\/uploads\/2022\/04\/semestra_med_hund3-768x354.jpg 768w\" sizes=\"auto, (max-width: 1019px) 100vw, 1019px\" \/><div class=\"wp-block-cover__inner-container is-layout-flow wp-block-cover-is-layout-flow\">\n<p class=\"has-text-align-center has-large-font-size\"><\/p>\n<\/div><\/div>\n\n\n\n<p><\/p>\n\n\n\n<p><br><strong>Hundefreundlicher Strand<\/strong><br>An unserem 300 Meter langen, flachen Sandstrand k\u00f6nnen Sie die ganze Familie mitnehmen, auch Ihre Haustiere, sofern sie angeleint sind. F\u00fcr Hunde, die schwimmen wollen, ist ein Teil des Strandes speziell f\u00fcr Hunde vorgesehen, die sich in der Hitze abk\u00fchlen wollen.<\/p>\n\n\n\n<figure class=\"wp-block-image alignfull size-full is-style-default\"><img loading=\"lazy\" decoding=\"async\" width=\"768\" height=\"490\" src=\"https:\/\/holsljungacamping.se\/wp-content\/uploads\/2022\/04\/gizmo_swinto.jpg\" alt=\"\" class=\"wp-image-2910\" srcset=\"https:\/\/holsljungacamping.se\/wp-content\/uploads\/2022\/04\/gizmo_swinto.jpg 768w, https:\/\/holsljungacamping.se\/wp-content\/uploads\/2022\/04\/gizmo_swinto-300x191.jpg 300w\" sizes=\"auto, (max-width: 768px) 100vw, 768px\" \/><\/figure>\n\n\n\n<p class=\"has-link-color wp-elements-1aa97528437624d0a5790115b3261646\"><br><strong>Gehpflaster<\/strong><br>F\u00fcr diejenigen, die gerne spazieren gehen oder Sport treiben m\u00f6chten, gibt es in unmittelbarer N\u00e4he des Campingplatzes sch\u00f6ne Naturpfade von 1,8 km und 2,8 km L\u00e4nge, die am Ufer von <a href=\"https:\/\/holsljungacamping.se\/de\/naset\/\"><strong>Bredg\u00e5rds-N\u00e4set<\/strong><\/a> entlang f\u00fchren und an denen Sie Picknick- und Grillpl\u00e4tze finden. Hunde, die mehr Energie haben, k\u00f6nnen mit dem Fahrrad auf unserem neu angelegten Radweg nach Gr\u00e4ne Gruva, <strong><a href=\"https:\/\/www.granegruva.se\/pyttebaneleden\/\">Pyttebaneleden<\/a><\/strong> fahren.<br>Wir nehmen R\u00fccksicht auf andere G\u00e4ste und Besucher und lassen unsere Haustiere sowohl auf dem Campingplatz immer an der Leine.<\/p>\n\n\n\n<figure class=\"wp-block-image alignfull size-full is-style-default\"><img loading=\"lazy\" decoding=\"async\" width=\"922\" height=\"558\" src=\"https:\/\/holsljungacamping.se\/wp-content\/uploads\/2022\/06\/kid_kisen.jpg\" alt=\"\" class=\"wp-image-3044\" srcset=\"https:\/\/holsljungacamping.se\/wp-content\/uploads\/2022\/06\/kid_kisen.jpg 922w, https:\/\/holsljungacamping.se\/wp-content\/uploads\/2022\/06\/kid_kisen-300x182.jpg 300w, https:\/\/holsljungacamping.se\/wp-content\/uploads\/2022\/06\/kid_kisen-768x465.jpg 768w\" sizes=\"auto, (max-width: 922px) 100vw, 922px\" \/><\/figure>\n\n\n\n<p>Nat\u00fcrlich kostet der Urlaub mit Hund bei uns keinen Aufpreis. Es ist jedoch hilfreich, wenn Sie uns bei der Buchung mitteilen, dass Sie einen Hund haben, damit wir die Ferienh\u00e4user mit einem Wasser-\/Futternapf und einem kleinen Snack f\u00fcr Ihren Familienfreund vorbereiten k\u00f6nnen.<br>Die Reinigung der H\u00e4user wird vor der Abreise von Ihnen selbst durchgef\u00fchrt, oder Sie k\u00f6nnen sie bei uns kaufen<\/p>\n","protected":false},"excerpt":{"rendered":"<p>Hundefreundliche Unterk\u00fcnfteBei Holsljunga Camping &amp; Caf\u00e9 sind Hunde und andere Haustiere willkommen. Sie k\u00f6nnen zelten, in unseren Ferienh\u00e4usern \u00fcbernachten oder Herrchen und Frauchen in unserem gem\u00fctlichen Caf\u00e9 Gesellschaft leisten, wenn Sie mit ihrem geliebten Familienhund eine Mahlzeit, einen Kaffee oder ein Eis essen. Hundefreundlicher StrandAn unserem 300 Meter langen, flachen Sandstrand k\u00f6nnen Sie die ganze &hellip; <\/p>\n<p class=\"link-more\"><a href=\"https:\/\/holsljungacamping.se\/de\/semestra-med-hund\/\" class=\"more-link\">Read more<span class=\"screen-reader-text\"> &#8220;Urlaub mit Hund&#8221;<\/span><\/a><\/p>\n","protected":false},"author":1,"featured_media":4356,"parent":0,"menu_order":0,"comment_status":"closed","ping_status":"closed","template":"","meta":{"inspiro_hide_title":false,"footnotes":""},"class_list":["post-2805","page","type-page","status-publish","has-post-thumbnail","hentry"],"translation":{"provider":"WPGlobus","version":"3.0.2","language":"de","enabled_languages":["sv","en","nl","de"],"languages":{"sv":{"title":true,"content":true,"excerpt":false},"en":{"title":true,"content":true,"excerpt":false},"nl":{"title":true,"content":true,"excerpt":false},"de":{"title":true,"content":true,"excerpt":false}}},"_links":{"self":[{"href":"https:\/\/holsljungacamping.se\/de\/wp-json\/wp\/v2\/pages\/2805","targetHints":{"allow":["GET"]}}],"collection":[{"href":"https:\/\/holsljungacamping.se\/de\/wp-json\/wp\/v2\/pages"}],"about":[{"href":"https:\/\/holsljungacamping.se\/de\/wp-json\/wp\/v2\/types\/page"}],"author":[{"embeddable":true,"href":"https:\/\/holsljungacamping.se\/de\/wp-json\/wp\/v2\/users\/1"}],"replies":[{"embeddable":true,"href":"https:\/\/holsljungacamping.se\/de\/wp-json\/wp\/v2\/comments?post=2805"}],"version-history":[{"count":75,"href":"https:\/\/holsljungacamping.se\/de\/wp-json\/wp\/v2\/pages\/2805\/revisions"}],"predecessor-version":[{"id":7784,"href":"https:\/\/holsljungacamping.se\/de\/wp-json\/wp\/v2\/pages\/2805\/revisions\/7784"}],"wp:featuredmedia":[{"embeddable":true,"href":"https:\/\/holsljungacamping.se\/de\/wp-json\/wp\/v2\/media\/4356"}],"wp:attachment":[{"href":"https:\/\/holsljungacamping.se\/de\/wp-json\/wp\/v2\/media?parent=2805"}],"curies":[{"name":"wp","href":"https:\/\/api.w.org\/{rel}","templated":true}]}}