{"id":31,"date":"2015-03-05T22:57:18","date_gmt":"2015-03-05T21:57:18","guid":{"rendered":"http:\/\/holsljungacamping.se\/?page_id=31"},"modified":"2026-01-29T17:42:52","modified_gmt":"2026-01-29T15:42:52","slug":"dagsutflykteraffarer","status":"publish","type":"page","link":"https:\/\/holsljungacamping.se\/de\/dagsutflykteraffarer\/","title":{"rendered":"Sehen &amp; Erleben"},"content":{"rendered":"\n<div class=\"wp-block-media-text alignwide is-stacked-on-mobile has-link-color wp-elements-c21a85caf62eeb5ce3bd477c51327e4c\"><figure class=\"wp-block-media-text__media\"><img loading=\"lazy\" decoding=\"async\" width=\"1000\" height=\"667\" src=\"https:\/\/holsljungacamping.se\/wp-content\/uploads\/2020\/12\/cykla.jpg\" alt=\"\" class=\"wp-image-1469 size-full\" srcset=\"https:\/\/holsljungacamping.se\/wp-content\/uploads\/2020\/12\/cykla.jpg 1000w, https:\/\/holsljungacamping.se\/wp-content\/uploads\/2020\/12\/cykla-300x200.jpg 300w, https:\/\/holsljungacamping.se\/wp-content\/uploads\/2020\/12\/cykla-768x512.jpg 768w\" sizes=\"auto, (max-width: 1000px) 100vw, 1000px\" \/><\/figure><div class=\"wp-block-media-text__content\">\n<p class=\"has-text-color has-large-font-size\" style=\"color:#75aa3d\">Radfahren<\/p>\n\n\n\n<p>Es gibt wundersch\u00f6ne Fahrradstrecken zwischen Holsjunga und Svenljunga am Revesj\u00f6 entlang. Die Strecke hat f\u00fchrt meist \u00fcber Schotter durch die wundersch\u00f6ne Natur.<\/p>\n\n\n\n<p>Radfahren bei Kindsbanan i Sjuh\u00e4rad, zwischen Svenljunga und Bor\u00e5s \u2013&nbsp;<a href=\"http:\/\/cykelledensjuharadsrundan.se\/ledens-etapper\/\">weitere Informationen<\/a><br><a href=\"http:\/\/www.facebook.com\/vandraisjuharad\"><strong>Radfahren und Wandern in Sjuh\u00e4rad<\/strong><\/a><strong>&nbsp;<\/strong>auf Facebook und <a href=\"http:\/\/www.vastsverige.com\/ulricehamn\/cykla--vandra-i-sjuharad\">Homepage<\/a>.<br><strong><a href=\"https:\/\/www.vastsverige.com\/svenljunga-tranemo\/leder\/holsljungaturen\/\">Holsljungaturen&nbsp;<\/a><\/strong><\/p>\n<\/div><\/div>\n\n\n\n<div class=\"wp-block-media-text alignwide has-media-on-the-right is-stacked-on-mobile has-link-color wp-elements-55aa10771417f34ac7afdc77066ba96c\"><div class=\"wp-block-media-text__content\">\n<p class=\"has-text-color has-large-font-size\" style=\"color:#75aa3d\">Natur<\/p>\n\n\n\n<p>Die W\u00e4lder hier sind voller Beeren und Pilze und liegen direkt vor unserer Haust\u00fcr.<\/p>\n\n\n\n<p>Preiselbeeren, Heidelbeeren, Pfifferlinge, Steinpilze und andere Steinpilzarten sind einige Beispiele f\u00fcr das, was hier zu finden ist.<\/p>\n\n\n\n<p>Genie\u00dfen Sie ein paar sch\u00f6ne Tage mit Freunden und Familie. Ziehen Sie Ihre Stiefel an und erkunden Sie unsere wundersch\u00f6ne Waldumgebung.&#8221;<\/p>\n<\/div><figure class=\"wp-block-media-text__media\"><img loading=\"lazy\" decoding=\"async\" width=\"1024\" height=\"683\" src=\"https:\/\/holsljungacamping.se\/wp-content\/uploads\/2021\/02\/plocka-svamp-shutterstock-1024x683.jpg\" alt=\"\" class=\"wp-image-1837 size-full\" srcset=\"https:\/\/holsljungacamping.se\/wp-content\/uploads\/2021\/02\/plocka-svamp-shutterstock-1024x683.jpg 1024w, https:\/\/holsljungacamping.se\/wp-content\/uploads\/2021\/02\/plocka-svamp-shutterstock-300x200.jpg 300w, https:\/\/holsljungacamping.se\/wp-content\/uploads\/2021\/02\/plocka-svamp-shutterstock-768x512.jpg 768w, https:\/\/holsljungacamping.se\/wp-content\/uploads\/2021\/02\/plocka-svamp-shutterstock.jpg 1050w\" sizes=\"auto, (max-width: 1024px) 100vw, 1024px\" \/><\/figure><\/div>\n\n\n\n<div class=\"wp-block-media-text alignwide is-stacked-on-mobile has-link-color wp-elements-d1998abf8dca136f0f8d2a72f64ed9a3\"><figure class=\"wp-block-media-text__media\"><img loading=\"lazy\" decoding=\"async\" width=\"1024\" height=\"665\" src=\"https:\/\/holsljungacamping.se\/wp-content\/uploads\/2023\/11\/Screenshot-2023-11-25-13.52.51-1024x665.png\" alt=\"\" class=\"wp-image-3761 size-full\" srcset=\"https:\/\/holsljungacamping.se\/wp-content\/uploads\/2023\/11\/Screenshot-2023-11-25-13.52.51-1024x665.png 1024w, https:\/\/holsljungacamping.se\/wp-content\/uploads\/2023\/11\/Screenshot-2023-11-25-13.52.51-300x195.png 300w, https:\/\/holsljungacamping.se\/wp-content\/uploads\/2023\/11\/Screenshot-2023-11-25-13.52.51-768x499.png 768w, https:\/\/holsljungacamping.se\/wp-content\/uploads\/2023\/11\/Screenshot-2023-11-25-13.52.51.png 1102w\" sizes=\"auto, (max-width: 1024px) 100vw, 1024px\" \/><\/figure><div class=\"wp-block-media-text__content\">\n<p class=\"has-text-color has-link-color has-large-font-size wp-elements-1a481944a609679fb74039a02ea4a0bb\" style=\"color:#75aa3d\">Gr\u00e4ne gruva<\/p>\n\n\n\n<p>Gr\u00e4ne Gruva ca. 7 km vom Camping \u2013 Geschichte, sch\u00f6ne Natur mit Wanderwegen und Grillpl\u00e4tzen<br><a href=\"https:\/\/www.granegruva.se\/\"><strong>Weiterlesen<\/strong><\/a><\/p>\n<\/div><\/div>\n\n\n\n<div class=\"wp-block-media-text has-media-on-the-right is-stacked-on-mobile\"><div class=\"wp-block-media-text__content\">\n<p class=\"has-text-color has-link-color has-large-font-size wp-elements-63fbc24b79e80657ae73a66d080813ef\" style=\"color:#75aa3d\">Franks \u00c4ventyrspark<\/p>\n\n\n\n<p class=\"has-link-color wp-elements-258e084dc30bcbbc929bfe0136f927b9\">Lassen Sie Ihre Kinder aufregende H\u00fcpfburgen erkunden oder sich in lustigen Karussells drehen.<br>Als Campinggast bei uns erhalten Sie als Eltern freien Eintritt \u2013 ein wunderbarer Tag voller Spiel und Spa\u00df f\u00fcr die ganze Familie!<br><strong><a href=\"https:\/\/www.bynandersmotormuseum.se\/\"><strong>Weiterlesen<\/strong><\/a><\/strong><\/p>\n<\/div><figure class=\"wp-block-media-text__media\"><img loading=\"lazy\" decoding=\"async\" width=\"978\" height=\"618\" src=\"https:\/\/holsljungacamping.se\/wp-content\/uploads\/2024\/06\/frank1.jpg\" alt=\"\" class=\"wp-image-7205 size-full\" srcset=\"https:\/\/holsljungacamping.se\/wp-content\/uploads\/2024\/06\/frank1.jpg 978w, https:\/\/holsljungacamping.se\/wp-content\/uploads\/2024\/06\/frank1-300x190.jpg 300w\" sizes=\"auto, (max-width: 978px) 100vw, 978px\" \/><\/figure><\/div>\n\n\n\n<div class=\"wp-block-media-text is-stacked-on-mobile has-link-color wp-elements-a7d62615913f51c566027af2653dec73\"><figure class=\"wp-block-media-text__media\"><img loading=\"lazy\" decoding=\"async\" width=\"600\" height=\"400\" src=\"https:\/\/holsljungacamping.se\/wp-content\/uploads\/2023\/11\/buaskogen.jpg\" alt=\"\" class=\"wp-image-3941 size-full\" srcset=\"https:\/\/holsljungacamping.se\/wp-content\/uploads\/2023\/11\/buaskogen.jpg 600w, https:\/\/holsljungacamping.se\/wp-content\/uploads\/2023\/11\/buaskogen-300x200.jpg 300w\" sizes=\"auto, (max-width: 600px) 100vw, 600px\" \/><\/figure><div class=\"wp-block-media-text__content\">\n<p class=\"has-text-color has-large-font-size\" style=\"color:#75aa3d\">Buaskogen<\/p>\n\n\n\n<p id=\"E177\">Kletterpark f\u00fcr aktive Kinder und Erwachsene. Der Park ist in einem natursch\u00f6nen Wald in Olsfors angelegt.<br><a href=\"https:\/\/buaskogen.se\/\"><strong>Weiterlesen<\/strong><\/a><\/p>\n<\/div><\/div>\n\n\n\n<div class=\"wp-block-media-text has-media-on-the-right is-stacked-on-mobile has-link-color wp-elements-7805af3dc8d05f723d1e7fe43b45a1a5\"><div class=\"wp-block-media-text__content\">\n<p class=\"has-text-color has-large-font-size\" style=\"color:#75aa3d\">H\u00f6gvads kanot<\/p>\n\n\n\n<p id=\"E177\">In \u00c4lvsered k\u00f6nnen Sie im gem\u00fctlichen H\u00f6gvads\u00e5n paddeln. Hier k\u00f6nnen Sie ein Kanu oder Kajak mieten.<br><a href=\"https:\/\/www.hogvadskanot.se\/\"><strong>Weiterlesen<\/strong><\/a><\/p>\n<\/div><figure class=\"wp-block-media-text__media\"><img loading=\"lazy\" decoding=\"async\" width=\"1024\" height=\"683\" src=\"https:\/\/holsljungacamping.se\/wp-content\/uploads\/2023\/11\/Dalslands-Aktiviteter_host_0256-Photo-Cred-Jonas--1024x683.jpg\" alt=\"\" class=\"wp-image-3961 size-full\" srcset=\"https:\/\/holsljungacamping.se\/wp-content\/uploads\/2023\/11\/Dalslands-Aktiviteter_host_0256-Photo-Cred-Jonas--1024x683.jpg 1024w, https:\/\/holsljungacamping.se\/wp-content\/uploads\/2023\/11\/Dalslands-Aktiviteter_host_0256-Photo-Cred-Jonas--300x200.jpg 300w, https:\/\/holsljungacamping.se\/wp-content\/uploads\/2023\/11\/Dalslands-Aktiviteter_host_0256-Photo-Cred-Jonas--768x512.jpg 768w, https:\/\/holsljungacamping.se\/wp-content\/uploads\/2023\/11\/Dalslands-Aktiviteter_host_0256-Photo-Cred-Jonas--1536x1024.jpg 1536w, https:\/\/holsljungacamping.se\/wp-content\/uploads\/2023\/11\/Dalslands-Aktiviteter_host_0256-Photo-Cred-Jonas--2048x1365.jpg 2048w\" sizes=\"auto, (max-width: 1024px) 100vw, 1024px\" \/><\/figure><\/div>\n\n\n\n<div class=\"wp-block-media-text is-stacked-on-mobile has-link-color wp-elements-e51a30ea75728b0e57da9e9db2c9e049\"><figure class=\"wp-block-media-text__media\"><img loading=\"lazy\" decoding=\"async\" width=\"1024\" height=\"683\" src=\"https:\/\/holsljungacamping.se\/wp-content\/uploads\/2023\/11\/SWE_WEST-SWEDEN_00105-Photo-Cred-Laurence-Ogiela-1024x683.jpg\" alt=\"\" class=\"wp-image-4024 size-full\" srcset=\"https:\/\/holsljungacamping.se\/wp-content\/uploads\/2023\/11\/SWE_WEST-SWEDEN_00105-Photo-Cred-Laurence-Ogiela-1024x683.jpg 1024w, https:\/\/holsljungacamping.se\/wp-content\/uploads\/2023\/11\/SWE_WEST-SWEDEN_00105-Photo-Cred-Laurence-Ogiela-300x200.jpg 300w, https:\/\/holsljungacamping.se\/wp-content\/uploads\/2023\/11\/SWE_WEST-SWEDEN_00105-Photo-Cred-Laurence-Ogiela-768x512.jpg 768w, https:\/\/holsljungacamping.se\/wp-content\/uploads\/2023\/11\/SWE_WEST-SWEDEN_00105-Photo-Cred-Laurence-Ogiela-1536x1024.jpg 1536w, https:\/\/holsljungacamping.se\/wp-content\/uploads\/2023\/11\/SWE_WEST-SWEDEN_00105-Photo-Cred-Laurence-Ogiela-2048x1365.jpg 2048w\" sizes=\"auto, (max-width: 1024px) 100vw, 1024px\" \/><\/figure><div class=\"wp-block-media-text__content\">\n<p class=\"has-text-color has-large-font-size\" style=\"color:#75aa3d\">Svensk kano ferie<\/p>\n\n\n\n<p id=\"E177\">Kanu- und Kajakverleih in (Kalv) und Umgebung.<br><a href=\"https:\/\/www.svenskkanoferie.dk\/\"><strong>Weiterlesen<\/strong><\/a><\/p>\n<\/div><\/div>\n\n\n\n<div class=\"wp-block-media-text has-media-on-the-right is-stacked-on-mobile has-link-color wp-elements-f6dfe0ebd55d37f093475115cbf0766a\"><div class=\"wp-block-media-text__content\">\n<p class=\"has-text-color has-large-font-size\" style=\"color:#75aa3d\">Odenslundhs 4H g\u00e5rd<\/p>\n\n\n\n<p id=\"E177\">Erleben Sie das Leben auf einem Bauernhof im Zentrum von Bor\u00e5s. Kinder und Jugendliche k\u00f6nnen hier Pferde, Schafe, Ziegen, Kaninchen, H\u00fchner und Katzen erleben.<br><a href=\"https:\/\/www.4h.se\/odenslund\/\"><strong>Weiterlesen<\/strong><\/a><\/p>\n<\/div><figure class=\"wp-block-media-text__media\"><img loading=\"lazy\" decoding=\"async\" width=\"450\" height=\"300\" src=\"https:\/\/holsljungacamping.se\/wp-content\/uploads\/2023\/11\/4h.jpg\" alt=\"\" class=\"wp-image-3936 size-full\" srcset=\"https:\/\/holsljungacamping.se\/wp-content\/uploads\/2023\/11\/4h.jpg 450w, https:\/\/holsljungacamping.se\/wp-content\/uploads\/2023\/11\/4h-300x200.jpg 300w\" sizes=\"auto, (max-width: 450px) 100vw, 450px\" \/><\/figure><\/div>\n\n\n\n<div class=\"wp-block-media-text is-stacked-on-mobile has-link-color wp-elements-dcd6ff827c8ac183db2a491beedc8d51\"><figure class=\"wp-block-media-text__media\"><img loading=\"lazy\" decoding=\"async\" width=\"880\" height=\"412\" src=\"https:\/\/holsljungacamping.se\/wp-content\/uploads\/2023\/11\/slottsparken.png\" alt=\"\" class=\"wp-image-3971 size-full\" srcset=\"https:\/\/holsljungacamping.se\/wp-content\/uploads\/2023\/11\/slottsparken.png 880w, https:\/\/holsljungacamping.se\/wp-content\/uploads\/2023\/11\/slottsparken-300x140.png 300w, https:\/\/holsljungacamping.se\/wp-content\/uploads\/2023\/11\/slottsparken-768x360.png 768w, https:\/\/holsljungacamping.se\/wp-content\/uploads\/2023\/11\/slottsparken-750x350.png 750w, https:\/\/holsljungacamping.se\/wp-content\/uploads\/2023\/11\/slottsparken-642x300.png 642w\" sizes=\"auto, (max-width: 880px) 100vw, 880px\" \/><\/figure><div class=\"wp-block-media-text__content\">\n<p class=\"has-text-color has-link-color has-large-font-size wp-elements-0d352cae35a9f4631a89730b5ffc12f2\" style=\"color:#75aa3d\">Slottsskogen<\/p>\n\n\n\n<p>Der Tierpark Slottsskogen in G\u00f6teborg ist einer der \u00e4ltesten in Schweden. Er ist das ganze Jahr \u00fcber ge\u00f6ffnet und der Eintritt ist kostenlos.<br><a href=\"https:\/\/goteborg.se\/wps\/portal\/enhetssida\/slottsskogen\/in-english\/zoo\"><strong>Weiterlesen<\/strong><\/a><\/p>\n<\/div><\/div>\n\n\n\n<div class=\"wp-block-media-text has-media-on-the-right is-stacked-on-mobile has-link-color wp-elements-501d460d4c77745057fa35ea60908770\"><div class=\"wp-block-media-text__content\">\n<p class=\"has-text-color has-large-font-size\" style=\"color:#75aa3d\">M\u00e5rdaklev DiscGolfPark<\/p>\n\n\n\n<p id=\"E177\">Anspruchsvolle Bahnen mit langen &#8220;L\u00f6chern&#8221;. Ein sch\u00f6ner Platz mit 18 L\u00f6chern. Fordern Sie Freunde oder Familie zum Discgolf heraus.<br><a href=\"https:\/\/www.discgolfpark.com\/sv\/\"><strong>Weiterlesen<\/strong><\/a><\/p>\n<\/div><figure class=\"wp-block-media-text__media\"><img loading=\"lazy\" decoding=\"async\" width=\"1024\" height=\"576\" src=\"https:\/\/holsljungacamping.se\/wp-content\/uploads\/2023\/11\/discgolf-1024x576.jpeg\" alt=\"\" class=\"wp-image-3965 size-full\" srcset=\"https:\/\/holsljungacamping.se\/wp-content\/uploads\/2023\/11\/discgolf-1024x576.jpeg 1024w, https:\/\/holsljungacamping.se\/wp-content\/uploads\/2023\/11\/discgolf-300x169.jpeg 300w, https:\/\/holsljungacamping.se\/wp-content\/uploads\/2023\/11\/discgolf-768x432.jpeg 768w, https:\/\/holsljungacamping.se\/wp-content\/uploads\/2023\/11\/discgolf-1536x864.jpeg 1536w, https:\/\/holsljungacamping.se\/wp-content\/uploads\/2023\/11\/discgolf.jpeg 1920w\" sizes=\"auto, (max-width: 1024px) 100vw, 1024px\" \/><\/figure><\/div>\n\n\n\n<div class=\"wp-block-media-text is-stacked-on-mobile has-link-color wp-elements-d300e8cd7c53817762605b41b8f53657\"><figure class=\"wp-block-media-text__media\"><img loading=\"lazy\" decoding=\"async\" width=\"1024\" height=\"682\" src=\"https:\/\/holsljungacamping.se\/wp-content\/uploads\/2023\/11\/bynanders-1024x682.jpg\" alt=\"\" class=\"wp-image-3977 size-full\" srcset=\"https:\/\/holsljungacamping.se\/wp-content\/uploads\/2023\/11\/bynanders-1024x682.jpg 1024w, https:\/\/holsljungacamping.se\/wp-content\/uploads\/2023\/11\/bynanders-300x200.jpg 300w, https:\/\/holsljungacamping.se\/wp-content\/uploads\/2023\/11\/bynanders-768x512.jpg 768w, https:\/\/holsljungacamping.se\/wp-content\/uploads\/2023\/11\/bynanders.jpg 1366w\" sizes=\"auto, (max-width: 1024px) 100vw, 1024px\" \/><\/figure><div class=\"wp-block-media-text__content\">\n<p class=\"has-text-color has-large-font-size\" style=\"color:#75aa3d\">Bynanders Motormuseum<\/p>\n\n\n\n<p id=\"E254\">Motorradmuseum mit etwa 300 Motorr\u00e4dern, 100 Autos, 15 Lastwagen, Radios und einer Sammlung aus einem alten Hofladen.<br><a href=\"https:\/\/www.bynandersmotormuseum.se\/\"><strong>Weiterlesen<\/strong><\/a><\/p>\n<\/div><\/div>\n\n\n\n<div class=\"wp-block-media-text has-media-on-the-right is-stacked-on-mobile has-link-color wp-elements-ee437d88efec6d6974d7a94a9bd30333\"><div class=\"wp-block-media-text__content\">\n<p class=\"has-text-color has-link-color has-large-font-size wp-elements-4fbe1e1e904a1fd9e0d10c8de139e4b8\" style=\"color:#75aa3d\">Prison Island G\u00f6teborg<\/p>\n\n\n\n<p>Escape Room mit einem Twist ist ein einzigartiges Abenteuerzentrum mit Action, Tempo und spannenden Erlebnissen.<br><a href=\"https:\/\/prisonisland.nu\/en\/\"><strong>Weiterlesen<\/strong><\/a><\/p>\n<\/div><figure class=\"wp-block-media-text__media\"><img loading=\"lazy\" decoding=\"async\" width=\"732\" height=\"438\" src=\"https:\/\/holsljungacamping.se\/wp-content\/uploads\/2023\/11\/Screenshot-2023-11-27-14.52.27.png\" alt=\"\" class=\"wp-image-3980 size-full\" srcset=\"https:\/\/holsljungacamping.se\/wp-content\/uploads\/2023\/11\/Screenshot-2023-11-27-14.52.27.png 732w, https:\/\/holsljungacamping.se\/wp-content\/uploads\/2023\/11\/Screenshot-2023-11-27-14.52.27-300x180.png 300w\" sizes=\"auto, (max-width: 732px) 100vw, 732px\" \/><\/figure><\/div>\n\n\n\n<div class=\"wp-block-media-text is-stacked-on-mobile has-link-color wp-elements-1943b66687d35e6e173e197966b0e1fa\"><figure class=\"wp-block-media-text__media\"><img decoding=\"async\" src=\"https:\/\/holsljungacamping.se\/wp-content\/uploads\/2023\/11\/Cykla-dressin-Ambjornarp_30-Photo-Cred-Johan-Tor-1024x683.jpg\" alt=\"\" class=\"wp-image-4007 size-full\"\/><\/figure><div class=\"wp-block-media-text__content\">\n<p class=\"has-text-color has-link-color has-large-font-size wp-elements-e6166b7dd3096fbd2ae08fe6a355246d\" style=\"color:#75aa3d\">Draisinenfahrt \u2013 Ambj\u00f6rnarp<\/p>\n\n\n\n<p>Draisinenfahrt nach Sj\u00f6tofta auf der alten Bahnstrecke Landeryd-Falk\u00f6ping. Erleben Sie die Natur entlang der Schienen zusammen mit Familie und Freunden.<br><a href=\"http:\/\/www.xn--ambjrnarp-37a.se\/se-gora-hos-oss\/dressin\/\"><strong>Weiterlesen<\/strong><\/a><\/p>\n<\/div><\/div>\n\n\n\n<div class=\"wp-block-media-text alignwide has-media-on-the-right is-stacked-on-mobile has-link-color wp-elements-30f66258ebd68f6638ebf82bb526d6dd\"><div class=\"wp-block-media-text__content\">\n<p class=\"has-text-color has-large-font-size\" style=\"color:#75aa3d\">Die Motorveranstaltung in Holsljunga<\/p>\n\n\n\n<p>Sonnt\u00e4gliche Treffen f\u00fcr Motorliebhaber auf dem Campingplatz Holsljunga von 15:00 bis 17:00 Uhr in geraden Wochen.<br><a href=\"https:\/\/kimv.se\/wp\/\"><strong>Weiterlesen<\/strong><\/a><\/p>\n<\/div><figure class=\"wp-block-media-text__media\"><img decoding=\"async\" src=\"https:\/\/holsljungacamping.se\/wp-content\/uploads\/2024\/01\/kvm-front.jpg\" alt=\"\" class=\"wp-image-5156 size-full\"\/><\/figure><\/div>\n\n\n\n<div class=\"wp-block-media-text is-stacked-on-mobile has-link-color wp-elements-4c54062dd408aa5fc5919c39d5d0004a\"><figure class=\"wp-block-media-text__media\"><img loading=\"lazy\" decoding=\"async\" width=\"1024\" height=\"582\" src=\"https:\/\/holsljungacamping.se\/wp-content\/uploads\/2024\/01\/Screenshot-2024-01-13-08.48.14-1024x582.png\" alt=\"\" class=\"wp-image-5314 size-full\" srcset=\"https:\/\/holsljungacamping.se\/wp-content\/uploads\/2024\/01\/Screenshot-2024-01-13-08.48.14-1024x582.png 1024w, https:\/\/holsljungacamping.se\/wp-content\/uploads\/2024\/01\/Screenshot-2024-01-13-08.48.14-300x170.png 300w, https:\/\/holsljungacamping.se\/wp-content\/uploads\/2024\/01\/Screenshot-2024-01-13-08.48.14.png 1274w\" sizes=\"auto, (max-width: 1024px) 100vw, 1024px\" \/><\/figure><div class=\"wp-block-media-text__content\">\n<p class=\"has-text-color has-large-font-size\" style=\"color:#75aa3d\">Liseberg<\/p>\n\n\n\n<p>Willkommen in einer Welt voller Erlebnisse in G\u00f6teborg!<br><a href=\"https:\/\/www.liseberg.se\/en\/park\/\"><strong>Wieterlesen<\/strong><\/a><\/p>\n<\/div><\/div>\n\n\n\n<div class=\"wp-block-media-text has-media-on-the-right is-stacked-on-mobile has-link-color wp-elements-f666dc37e759e2887696eca5ee81a6d9\"><div class=\"wp-block-media-text__content\">\n<p class=\"has-text-color has-large-font-size\" style=\"color:#75aa3d\">Universeum<\/p>\n\n\n\n<p>Hai-Sichtung, Dinosaurier-Mysterien, Chemie-Experimente und Galaxienreisen. Wir haben das Haus mit vielen spa\u00dfigen und r\u00e4tselhaften Aktivit\u00e4ten f\u00fcr alle gef\u00fcllt.<br><a href=\"https:\/\/www.universeum.se\/en\"><strong>Weiterlesen<\/strong><\/a><\/p>\n<\/div><figure class=\"wp-block-media-text__media\"><img loading=\"lazy\" decoding=\"async\" width=\"1024\" height=\"582\" src=\"https:\/\/holsljungacamping.se\/wp-content\/uploads\/2024\/01\/Screenshot-2024-01-13-08.55.30-1024x582.png\" alt=\"\" class=\"wp-image-5319 size-full\" srcset=\"https:\/\/holsljungacamping.se\/wp-content\/uploads\/2024\/01\/Screenshot-2024-01-13-08.55.30-1024x582.png 1024w, https:\/\/holsljungacamping.se\/wp-content\/uploads\/2024\/01\/Screenshot-2024-01-13-08.55.30-300x170.png 300w, https:\/\/holsljungacamping.se\/wp-content\/uploads\/2024\/01\/Screenshot-2024-01-13-08.55.30.png 1274w\" sizes=\"auto, (max-width: 1024px) 100vw, 1024px\" \/><\/figure><\/div>\n\n\n\n<div class=\"wp-block-media-text is-stacked-on-mobile has-link-color wp-elements-b840a7124ece96b1b7ad79c649b053eb\"><figure class=\"wp-block-media-text__media\"><img loading=\"lazy\" decoding=\"async\" width=\"1024\" height=\"581\" src=\"https:\/\/holsljungacamping.se\/wp-content\/uploads\/2024\/01\/Screenshot-2024-01-13-09.00.46-1024x581.png\" alt=\"\" class=\"wp-image-5324 size-full\" srcset=\"https:\/\/holsljungacamping.se\/wp-content\/uploads\/2024\/01\/Screenshot-2024-01-13-09.00.46-1024x581.png 1024w, https:\/\/holsljungacamping.se\/wp-content\/uploads\/2024\/01\/Screenshot-2024-01-13-09.00.46-300x170.png 300w, https:\/\/holsljungacamping.se\/wp-content\/uploads\/2024\/01\/Screenshot-2024-01-13-09.00.46.png 1087w\" sizes=\"auto, (max-width: 1024px) 100vw, 1024px\" \/><\/figure><div class=\"wp-block-media-text__content\">\n<p class=\"has-text-color has-large-font-size\" style=\"color:#75aa3d\">Bor\u00e5s Tierpark<\/p>\n\n\n\n<p>Im Bor\u00e5s Tierpark gibt es etwa 300 Tiere,<br><a href=\"https:\/\/www.borasdjurpark.se\/\"><strong>Wieterlesen<\/strong><\/a><\/p>\n<\/div><\/div>\n\n\n\n<div class=\"wp-block-media-text alignwide has-media-on-the-right is-stacked-on-mobile has-link-color wp-elements-e13e11c6c18da424a5d60eb14f585448\" style=\"grid-template-columns:auto 51%\"><div class=\"wp-block-media-text__content\">\n<p class=\"has-text-color has-large-font-size\" style=\"color:#75aa3d\">InfoPoint<\/p>\n\n\n\n<p>Wir sind ein Infopoint und Touristenb\u00fcro. In unserer Rezeption findet ihr unterschiedliche Brosch\u00fcren mit Tipps zu Ausfl\u00fcgen, Wanderrouten, Fahrradrouten, Angeln, Flohm\u00e4rkten und weiteren Aktivit\u00e4ten.<\/p>\n\n\n\n<p>Weitere Informationen der Kommune findet ihr unter<\/p>\n\n\n\n<p>Kommunens turistinformation &#8211; <a href=\"http:\/\/www.vastsverige.com\/svenljunga-tranemo\/\"><strong>Weiterlesen<\/strong><\/a><br>Sowie unter&nbsp;<a href=\"http:\/\/www.trivselbygden.se\/\">Trivselbygden<\/a>.<\/p>\n<\/div><figure class=\"wp-block-media-text__media\"><img decoding=\"async\" src=\"https:\/\/holsljungacamping.se\/wp-content\/uploads\/2024\/01\/Ortagarden-4-Photo-Cred-Kajsa-Kax.jpg\" alt=\"\" class=\"wp-image-5348 size-full\"\/><\/figure><\/div>\n","protected":false},"excerpt":{"rendered":"<p>Radfahren Es gibt wundersch\u00f6ne Fahrradstrecken zwischen Holsjunga und Svenljunga am Revesj\u00f6 entlang. Die Strecke hat f\u00fchrt meist \u00fcber Schotter durch die wundersch\u00f6ne Natur. Radfahren bei Kindsbanan i Sjuh\u00e4rad, zwischen Svenljunga und Bor\u00e5s \u2013&nbsp;weitere InformationenRadfahren und Wandern in Sjuh\u00e4rad&nbsp;auf Facebook und Homepage.Holsljungaturen&nbsp; Natur Die W\u00e4lder hier sind voller Beeren und Pilze und liegen direkt vor unserer &hellip; <\/p>\n<p class=\"link-more\"><a href=\"https:\/\/holsljungacamping.se\/de\/dagsutflykteraffarer\/\" class=\"more-link\">Read more<span class=\"screen-reader-text\"> &#8220;Sehen &amp; Erleben&#8221;<\/span><\/a><\/p>\n","protected":false},"author":1,"featured_media":4354,"parent":0,"menu_order":0,"comment_status":"closed","ping_status":"closed","template":"","meta":{"inspiro_hide_title":false,"footnotes":""},"class_list":["post-31","page","type-page","status-publish","has-post-thumbnail","hentry"],"translation":{"provider":"WPGlobus","version":"3.0.2","language":"de","enabled_languages":["sv","en","nl","de"],"languages":{"sv":{"title":true,"content":true,"excerpt":false},"en":{"title":true,"content":true,"excerpt":false},"nl":{"title":true,"content":true,"excerpt":false},"de":{"title":true,"content":true,"excerpt":false}}},"_links":{"self":[{"href":"https:\/\/holsljungacamping.se\/de\/wp-json\/wp\/v2\/pages\/31","targetHints":{"allow":["GET"]}}],"collection":[{"href":"https:\/\/holsljungacamping.se\/de\/wp-json\/wp\/v2\/pages"}],"about":[{"href":"https:\/\/holsljungacamping.se\/de\/wp-json\/wp\/v2\/types\/page"}],"author":[{"embeddable":true,"href":"https:\/\/holsljungacamping.se\/de\/wp-json\/wp\/v2\/users\/1"}],"replies":[{"embeddable":true,"href":"https:\/\/holsljungacamping.se\/de\/wp-json\/wp\/v2\/comments?post=31"}],"version-history":[{"count":359,"href":"https:\/\/holsljungacamping.se\/de\/wp-json\/wp\/v2\/pages\/31\/revisions"}],"predecessor-version":[{"id":8231,"href":"https:\/\/holsljungacamping.se\/de\/wp-json\/wp\/v2\/pages\/31\/revisions\/8231"}],"wp:featuredmedia":[{"embeddable":true,"href":"https:\/\/holsljungacamping.se\/de\/wp-json\/wp\/v2\/media\/4354"}],"wp:attachment":[{"href":"https:\/\/holsljungacamping.se\/de\/wp-json\/wp\/v2\/media?parent=31"}],"curies":[{"name":"wp","href":"https:\/\/api.w.org\/{rel}","templated":true}]}}