{"id":34,"date":"2015-03-05T23:27:31","date_gmt":"2015-03-05T22:27:31","guid":{"rendered":"http:\/\/holsljungacamping.se\/?page_id=34"},"modified":"2026-03-09T20:12:54","modified_gmt":"2026-03-09T18:12:54","slug":"prislista","status":"publish","type":"page","link":"https:\/\/holsljungacamping.se\/de\/prislista\/","title":{"rendered":"Preisliste 2026"},"content":{"rendered":"\n<p><strong>Saison<\/strong>&nbsp;<strong>2026<\/strong>&nbsp;<strong>24.04. \u2013 20.09<\/strong><\/p>\n\n\n<figure class=\"wp-block-table is-style-regular\">\n<table class=\"has-fixed-layout\" style=\"border-collapse: collapse; border: 1px solid black;\">\n<tbody>\n<tr>\n<td class=\"has-text-align-center\" style=\"background-color: #b2f2fb; border: 1px solid black;\" data-align=\"center\">Nebensaison<\/td>\n<td class=\"has-text-align-center\" style=\"background-color: #b8f9b3; border: 1px solid black;\" data-align=\"center\">Hochsaison*<\/td>\n<\/tr>\n<tr>\n<td class=\"has-text-align-center\" style=\"background-color: #b2f2fb; border: 1px solid black;\" data-align=\"center\">24\/4 &#8211; 14\/6<\/td>\n<td class=\"has-text-align-center\" style=\"background-color: #b8f9b3; border: 1px solid black;\" data-align=\"center\">15\/6 &#8211; 16\/8<\/td>\n<\/tr>\n<tr>\n<td class=\"has-text-align-center\" style=\"background-color: #b2f2fb; border: 1px solid black;\" data-align=\"center\">17\/8 &#8211; 20\/9<\/td>\n<td class=\"has-text-align-center\" style=\"background-color: #b8f9b3; border: 1px solid black;\" data-align=\"center\">\u00a0<\/td>\n<\/tr>\n<\/tbody>\n<\/table>\n<\/figure>\n\n\n<p><strong>Stellplatz Bis zu 4 Personen \/ Tag<\/strong><\/p>\n\n\n<figure class=\"wp-block-table is-style-regular\">\n<table class=\"has-fixed-layout\" style=\"border-collapse: collapse; border: 1px solid black;\">\n<tbody>\n<tr>\n<td class=\"has-text-align-center\" style=\"background-color: #b2f2fb; border: 1px solid black;\" data-align=\"center\">Nebensaison<\/td>\n<td class=\"has-text-align-center\" style=\"background-color: #b8f9b3; border: 1px solid black;\" data-align=\"center\">Hochsaison*<\/td>\n<\/tr>\n<tr>\n<td class=\"has-text-align-center\" style=\"background-color: #b2f2fb; border: 1px solid black;\" data-align=\"center\">SEK 320 exkl. Strom<\/td>\n<td class=\"has-text-align-center\" style=\"background-color: #b8f9b3; border: 1px solid black;\" data-align=\"center\">SEK 420 exkl. Strom<\/td>\n<\/tr>\n<tr>\n<td class=\"has-text-align-center\" style=\"background-color: #b2f2fb; border: 1px solid black;\" data-align=\"center\">SEK 370 exkl. Strom<\/td>\n<td class=\"has-text-align-center\" style=\"background-color: #b8f9b3; border: 1px solid black;\" data-align=\"center\">SEK 470 inkl. Strom<\/td>\n<\/tr>\n<\/tbody>\n<\/table>\n<\/figure>\n\n\n<p><strong>Stellplatz gr\u00fcnen Wiese Bis zu 4 Personen<\/strong> <strong>exkl. Strom \/ Tag<\/strong><\/p>\n\n\n<figure class=\"wp-block-table is-style-regular\">\n<table class=\"has-fixed-layout\" style=\"border-collapse: collapse; border: 1px solid black;\">\n<tbody>\n<tr>\n<td class=\"has-text-align-center\" style=\"background-color: #b2f2fb; border: 1px solid black;\" data-align=\"center\">Nebensaison<\/td>\n<td class=\"has-text-align-center\" style=\"background-color: #b8f9b3; border: 1px solid black;\" data-align=\"center\">Hochsaison*<\/td>\n<\/tr>\n<tr>\n<td class=\"has-text-align-center\" style=\"background-color: #b2f2fb; border: 1px solid black;\" data-align=\"center\">SEK 260 exkl. Strom<\/td>\n<td class=\"has-text-align-center\" style=\"background-color: #b8f9b3; border: 1px solid black;\" data-align=\"center\">SEK 310 exkl. Strom<\/td>\n<\/tr>\n<\/tbody>\n<\/table>\n<\/figure>\n\n\n<p><br><strong>Anreise ab 13:00 Uhr und Abreise sp\u00e4testens 12:00 Uhr<\/strong><br><br>Bis zu 4 Personen, dar\u00fcber hinaus <strong>50 SEK<\/strong> pro Person und Tag<\/p>\n\n\n\n<p class=\"has-link-color wp-elements-cb0884bc448857f88d366ca5c6336d9a\">*<strong>Midsommarwochenende <\/strong> &#8211; <strong><a href=\"https:\/\/holsljungacamping.se\/de\/midsommar\/\">Weiterleden<\/a><\/strong><br>18.06. \u2013 21.06. 595 SEK inkl. Strom\/ Tag<\/p>\n\n\n\n<p><\/p>\n\n\n\n<p><strong>Ferienhaus \/ Tag<\/strong><\/p>\n\n\n<figure class=\"wp-block-table\" style=\"padding: 0;\">\n<table class=\"has-fixed-layout\" style=\"border-collapse: collapse; border: 1px solid black;\">\n<tbody>\n<tr>\n<td class=\"has-text-align-center\" style=\"background-color: #f6ffb1; border: 1px solid black;\">Ferienhaus<\/td>\n<td class=\"has-text-align-center\" style=\"background-color: #b2f2fb; border: 1px solid black;\">Nebensaison<\/td>\n<td class=\"has-text-align-center\" style=\"background-color: #b8f9b3; border: 1px solid black;\">Hochsaison<\/td>\n<\/tr>\n<tr>\n<td class=\"has-text-align-center\" style=\"background-color: #f6ffb1; border: 1px solid black;\">Nissan (5p)<\/td>\n<td class=\"has-text-align-center\" style=\"background-color: #b2f2fb; border: 1px solid black;\">SEK 990<\/td>\n<td class=\"has-text-align-center\" style=\"background-color: #b8f9b3; border: 1px solid black;\">SEK 1290<\/td>\n<\/tr>\n<tr>\n<td class=\"has-text-align-center\" style=\"background-color: #f6ffb1; border: 1px solid black;\">Lagan (5p)<\/td>\n<td class=\"has-text-align-center\" style=\"background-color: #b2f2fb; border: 1px solid black;\">SEK 790\u00a0<\/td>\n<td class=\"has-text-align-center\" style=\"background-color: #b8f9b3; border: 1px solid black;\">SEK 1090<\/td>\n<\/tr>\n<tr>\n<td class=\"has-text-align-center\" style=\"background-color: #f6ffb1; border: 1px solid black;\">Viskan (3p)<\/td>\n<td class=\"has-text-align-center\" style=\"background-color: #b2f2fb; border: 1px solid black;\">SEK 590<\/td>\n<td class=\"has-text-align-center\" style=\"background-color: #b8f9b3; border: 1px solid black;\">SEK 790<\/td>\n<\/tr>\n<\/tbody>\n<\/table>\n<\/figure>\n\n\n<p><strong>Anreise ab 15:00 Uhr und Abreise sp\u00e4testens 11:00 Uhr<\/strong><br><br><strong>Endreinigung <\/strong>Viskan 450 SEK, Lagan 550 SEK, Nissan 650 SEK.<br><strong>Bettw\u00e4sche und Handt\u00fccher<\/strong> 120 SEK\/Person<br><strong>Mieten Sie ein Reisebett (Baby)<\/strong>: 100 SEK \/ Stk<br><br>Ab 8 \u00dcbernachtungen 10% Rabatt<br><\/p>\n\n\n\n<p class=\"has-background\" style=\"background-color:#f6ffb1\"><strong>Mit Stornoschutz <\/strong>von 10% der Summe k\u00f6nnt ihr kostenlos bis 10:00 Uhr am Anreisetag stornieren.<br>Die Zahlung muss bis zum 14. Nach Buchung eingegangen sein. Die Buchung ist bindend ab dem Tag der Zahlung.<br><br><strong>Ohne Stornoschutz:<\/strong> Bei Stornierung bis sp\u00e4testens 2 Wochen vor Ankunft \u2013 Volle R\u00fcckerstattung, abz\u00fcglich 500 SEK Buchungsgeb\u00fchr.<br>Bei Stornierung sp\u00e4ter als 2 Wochen \u2013 keine R\u00fcckerstattung.<br><\/p>\n\n\n\n<p><\/p>\n\n\n\n<p><\/p>\n\n\n\n<div class=\"wp-block-buttons is-content-justification-center is-layout-flex wp-container-core-buttons-is-layout-a89b3969 wp-block-buttons-is-layout-flex\">\n<div class=\"wp-block-button is-style-fill\"><a class=\"wp-block-button__link has-white-color has-text-color has-background wp-element-button\" href=\"https:\/\/holsljungacamping.se\/en\/bokning-online\/\" style=\"border-top-left-radius:50px;border-top-right-radius:50px;border-bottom-left-radius:50px;border-bottom-right-radius:50px;background-color:#85ac39;padding-right:var(--wp--preset--spacing--small);padding-left:var(--wp--preset--spacing--small)\"><strong>Online buchen<\/strong><\/a><\/div>\n<\/div>\n\n\n\n<p><\/p>\n\n\n\n<p><strong>Dusche<\/strong>&nbsp;2 SEK\/Minute (an der Rezeption gekauft)<br><strong>Waschmaschine<\/strong>&nbsp;60 SEK\/Maschine<br><strong>W\u00e4schetrockner&nbsp;<\/strong>60 SEK\/Maschine<\/p>\n\n\n\n<p class=\"has-link-color wp-elements-f0c524137b07781490122b4a8ae3db89\">Ruderboot, Kanu, SUP &#8211; Preise siehe <a href=\"https:\/\/holsljungacamping.se\/de\/batkanot\/\">hier<\/a><\/p>\n\n\n\n<p><\/p>\n\n\n\n<p><\/p>\n","protected":false},"excerpt":{"rendered":"<p>Saison&nbsp;2026&nbsp;24.04. \u2013 20.09 Nebensaison Hochsaison* 24\/4 &#8211; 14\/6 15\/6 &#8211; 16\/8 17\/8 &#8211; 20\/9 \u00a0 Stellplatz Bis zu 4 Personen \/ Tag Nebensaison Hochsaison* SEK 320 exkl. Strom SEK 420 exkl. Strom SEK 370 exkl. Strom SEK 470 inkl. Strom Stellplatz gr\u00fcnen Wiese Bis zu 4 Personen exkl. Strom \/ Tag Nebensaison Hochsaison* SEK 260 &hellip; <\/p>\n<p class=\"link-more\"><a href=\"https:\/\/holsljungacamping.se\/de\/prislista\/\" class=\"more-link\">Read more<span class=\"screen-reader-text\"> &#8220;Preisliste 2026&#8221;<\/span><\/a><\/p>\n","protected":false},"author":1,"featured_media":4401,"parent":0,"menu_order":0,"comment_status":"closed","ping_status":"closed","template":"","meta":{"inspiro_hide_title":false,"footnotes":""},"class_list":["post-34","page","type-page","status-publish","has-post-thumbnail","hentry"],"translation":{"provider":"WPGlobus","version":"3.0.2","language":"de","enabled_languages":["sv","en","nl","de"],"languages":{"sv":{"title":true,"content":true,"excerpt":false},"en":{"title":true,"content":true,"excerpt":false},"nl":{"title":true,"content":true,"excerpt":false},"de":{"title":true,"content":true,"excerpt":false}}},"_links":{"self":[{"href":"https:\/\/holsljungacamping.se\/de\/wp-json\/wp\/v2\/pages\/34","targetHints":{"allow":["GET"]}}],"collection":[{"href":"https:\/\/holsljungacamping.se\/de\/wp-json\/wp\/v2\/pages"}],"about":[{"href":"https:\/\/holsljungacamping.se\/de\/wp-json\/wp\/v2\/types\/page"}],"author":[{"embeddable":true,"href":"https:\/\/holsljungacamping.se\/de\/wp-json\/wp\/v2\/users\/1"}],"replies":[{"embeddable":true,"href":"https:\/\/holsljungacamping.se\/de\/wp-json\/wp\/v2\/comments?post=34"}],"version-history":[{"count":747,"href":"https:\/\/holsljungacamping.se\/de\/wp-json\/wp\/v2\/pages\/34\/revisions"}],"predecessor-version":[{"id":8369,"href":"https:\/\/holsljungacamping.se\/de\/wp-json\/wp\/v2\/pages\/34\/revisions\/8369"}],"wp:featuredmedia":[{"embeddable":true,"href":"https:\/\/holsljungacamping.se\/de\/wp-json\/wp\/v2\/media\/4401"}],"wp:attachment":[{"href":"https:\/\/holsljungacamping.se\/de\/wp-json\/wp\/v2\/media?parent=34"}],"curies":[{"name":"wp","href":"https:\/\/api.w.org\/{rel}","templated":true}]}}