{"id":3717,"date":"2023-11-24T14:21:32","date_gmt":"2023-11-24T13:21:32","guid":{"rendered":"https:\/\/holsljungacamping.se\/?page_id=3717"},"modified":"2024-03-27T23:06:15","modified_gmt":"2024-03-27T22:06:15","slug":"naset","status":"publish","type":"page","link":"https:\/\/holsljungacamping.se\/de\/naset\/","title":{"rendered":"N\u00e4set"},"content":{"rendered":"\n<div class=\"wp-block-media-text is-stacked-on-mobile\"><figure class=\"wp-block-media-text__media\"><img loading=\"lazy\" decoding=\"async\" width=\"715\" height=\"558\" src=\"https:\/\/holsljungacamping.se\/wp-content\/uploads\/2024\/01\/naset_track.jpg\" alt=\"\" class=\"wp-image-5569 size-full\" srcset=\"https:\/\/holsljungacamping.se\/wp-content\/uploads\/2024\/01\/naset_track.jpg 715w, https:\/\/holsljungacamping.se\/wp-content\/uploads\/2024\/01\/naset_track-300x234.jpg 300w\" sizes=\"auto, (max-width: 715px) 100vw, 715px\" \/><\/figure><div class=\"wp-block-media-text__content\">\n<p>Diese Wanderwege in unserer sch\u00f6nen Natur wurden im Laufe der Jahre von den Einwohnern von Holsljunga selbst angelegt. Es gibt zwei Wanderwege, den roten 1,8 km und den gelben 2,8 km, auf denen man den Holsj\u00f6n sehen und erleben kann.<br>Die Rundwanderwege sind leicht zug\u00e4nglich und auch f\u00fcr Kinder geeignet.<\/p>\n<\/div><\/div>\n\n\n\n<div class=\"wp-block-media-text has-media-on-the-right is-stacked-on-mobile\"><div class=\"wp-block-media-text__content\">\n<p>Genie\u00dfen Sie die sanften Wellen des Sees, den sch\u00f6nen Wald und die Tiere. Bringen Sie ein Lunchpaket mit. Es gibt viele Grillpl\u00e4tze und eine Grillh\u00fctte. Im Laufe der Jahre wurden verschiedene Stationen eingerichtet, z. B. eine Bussi-Station, eine Vogelfutterstelle und ein Outdoor-Gym. Die Wanderwege werden von den Anwohnern ehrenamtlich gepflegt, wir freuen uns, wenn Sie die Umwelt sch\u00fctzen.<\/p>\n<\/div><figure class=\"wp-block-media-text__media\"><img loading=\"lazy\" decoding=\"async\" width=\"960\" height=\"654\" src=\"https:\/\/holsljungacamping.se\/wp-content\/uploads\/2023\/11\/Screenshot-2023-11-24-14.19.37.png\" alt=\"\" class=\"wp-image-3718 size-full\" srcset=\"https:\/\/holsljungacamping.se\/wp-content\/uploads\/2023\/11\/Screenshot-2023-11-24-14.19.37.png 960w, https:\/\/holsljungacamping.se\/wp-content\/uploads\/2023\/11\/Screenshot-2023-11-24-14.19.37-300x204.png 300w, https:\/\/holsljungacamping.se\/wp-content\/uploads\/2023\/11\/Screenshot-2023-11-24-14.19.37-768x523.png 768w\" sizes=\"auto, (max-width: 960px) 100vw, 960px\" \/><\/figure><\/div>\n\n\n\n<p><\/p>\n\n\n\n<div class=\"wp-block-media-text is-stacked-on-mobile\"><figure class=\"wp-block-media-text__media\"><img loading=\"lazy\" decoding=\"async\" width=\"500\" height=\"314\" src=\"https:\/\/holsljungacamping.se\/wp-content\/uploads\/2024\/02\/3289-01.jpeg\" alt=\"\" class=\"wp-image-6134 size-full\" srcset=\"https:\/\/holsljungacamping.se\/wp-content\/uploads\/2024\/02\/3289-01.jpeg 500w, https:\/\/holsljungacamping.se\/wp-content\/uploads\/2024\/02\/3289-01-300x188.jpeg 300w\" sizes=\"auto, (max-width: 500px) 100vw, 500px\" \/><\/figure><div class=\"wp-block-media-text__content\">\n<p>Im Wald gibt es reichlich Blaubeeren, Preiselbeeren und Pilze. Pfl\u00fccken Sie einfach f\u00fcr alle und genie\u00dfen Sie, was die Vorratskammer des Waldes zu bieten hat.<br><\/p>\n<\/div><\/div>\n\n\n\n<p><\/p>\n\n\n\n<div class=\"wp-block-media-text has-media-on-the-right is-stacked-on-mobile\"><div class=\"wp-block-media-text__content\">\n<p>Auch unsere pr\u00e4chtige Elchkuh lebt hier. Im Fr\u00fchjahr und Herbst ist sie oft unterwegs. Im Sommer hingegen h\u00e4lt sie sich mit ihrem Kalb lieber abseits und will nicht gest\u00f6rt werden.<br>Hunde sind das ganze Jahr \u00fcber an der Leine willkommen.<\/p>\n<\/div><figure class=\"wp-block-media-text__media\"><img loading=\"lazy\" decoding=\"async\" width=\"1024\" height=\"576\" src=\"https:\/\/holsljungacamping.se\/wp-content\/uploads\/2023\/11\/alg-1024x576.jpeg\" alt=\"\" class=\"wp-image-3724 size-full\" srcset=\"https:\/\/holsljungacamping.se\/wp-content\/uploads\/2023\/11\/alg-1024x576.jpeg 1024w, https:\/\/holsljungacamping.se\/wp-content\/uploads\/2023\/11\/alg-300x169.jpeg 300w, https:\/\/holsljungacamping.se\/wp-content\/uploads\/2023\/11\/alg-768x432.jpeg 768w, https:\/\/holsljungacamping.se\/wp-content\/uploads\/2023\/11\/alg-1536x864.jpeg 1536w, https:\/\/holsljungacamping.se\/wp-content\/uploads\/2023\/11\/alg.jpeg 1900w\" sizes=\"auto, (max-width: 1024px) 100vw, 1024px\" \/><\/figure><\/div>\n\n\n\n<p><\/p>\n","protected":false},"excerpt":{"rendered":"<p>Diese Wanderwege in unserer sch\u00f6nen Natur wurden im Laufe der Jahre von den Einwohnern von Holsljunga selbst angelegt. Es gibt zwei Wanderwege, den roten 1,8 km und den gelben 2,8 km, auf denen man den Holsj\u00f6n sehen und erleben kann.Die Rundwanderwege sind leicht zug\u00e4nglich und auch f\u00fcr Kinder geeignet. Genie\u00dfen Sie die sanften Wellen des &hellip; <\/p>\n<p class=\"link-more\"><a href=\"https:\/\/holsljungacamping.se\/de\/naset\/\" class=\"more-link\">Read more<span class=\"screen-reader-text\"> &#8220;N\u00e4set&#8221;<\/span><\/a><\/p>\n","protected":false},"author":1,"featured_media":4402,"parent":0,"menu_order":0,"comment_status":"closed","ping_status":"closed","template":"","meta":{"inspiro_hide_title":false,"footnotes":""},"class_list":["post-3717","page","type-page","status-publish","has-post-thumbnail","hentry"],"translation":{"provider":"WPGlobus","version":"3.0.2","language":"de","enabled_languages":["sv","en","nl","de"],"languages":{"sv":{"title":true,"content":true,"excerpt":false},"en":{"title":true,"content":true,"excerpt":false},"nl":{"title":true,"content":true,"excerpt":false},"de":{"title":true,"content":true,"excerpt":false}}},"_links":{"self":[{"href":"https:\/\/holsljungacamping.se\/de\/wp-json\/wp\/v2\/pages\/3717","targetHints":{"allow":["GET"]}}],"collection":[{"href":"https:\/\/holsljungacamping.se\/de\/wp-json\/wp\/v2\/pages"}],"about":[{"href":"https:\/\/holsljungacamping.se\/de\/wp-json\/wp\/v2\/types\/page"}],"author":[{"embeddable":true,"href":"https:\/\/holsljungacamping.se\/de\/wp-json\/wp\/v2\/users\/1"}],"replies":[{"embeddable":true,"href":"https:\/\/holsljungacamping.se\/de\/wp-json\/wp\/v2\/comments?post=3717"}],"version-history":[{"count":37,"href":"https:\/\/holsljungacamping.se\/de\/wp-json\/wp\/v2\/pages\/3717\/revisions"}],"predecessor-version":[{"id":6833,"href":"https:\/\/holsljungacamping.se\/de\/wp-json\/wp\/v2\/pages\/3717\/revisions\/6833"}],"wp:featuredmedia":[{"embeddable":true,"href":"https:\/\/holsljungacamping.se\/de\/wp-json\/wp\/v2\/media\/4402"}],"wp:attachment":[{"href":"https:\/\/holsljungacamping.se\/de\/wp-json\/wp\/v2\/media?parent=3717"}],"curies":[{"name":"wp","href":"https:\/\/api.w.org\/{rel}","templated":true}]}}