{"id":4460,"date":"2023-12-13T09:13:37","date_gmt":"2023-12-13T08:13:37","guid":{"rendered":"https:\/\/holsljungacamping.se\/?page_id=4460"},"modified":"2025-06-09T18:26:35","modified_gmt":"2025-06-09T17:26:35","slug":"midsommar","status":"publish","type":"page","link":"https:\/\/holsljungacamping.se\/de\/midsommar\/","title":{"rendered":"Mittsommer"},"content":{"rendered":"\n<p id=\"E42\">Mittsommer im Heimatvereinsh\u00e4uschen H\u00f6gelycke<\/p>\n\n\n\n<p>Neben Weihnachten ist Mittsommer vielleicht der wichtigste Feiertag in Schweden. F\u00fcr viele Menschen markiert er den Anfang der Ferienzeit und den Beginn des Sommers.<br>Heute wird Mittsommer mit Maibaum, Singspielen und Tanz, Erdbeeren, Heringen und neuen Kartoffeln gefeiert. Wir binden Blumenkr\u00e4nze, die wir auf dem Kopf tragen.<\/p>\n\n\n\n<p>Am Mittsommerabend wird der Maibaum am (H\u00f6gelycke) Heimatvereinsh\u00e4uschen geschm\u00fcckt und aufgestellt. Es gibt Kaffee, Spiele f\u00fcr die Kinder, Verlosungen und nat\u00fcrlich Musik mit Tanz um den Maibaum. <br><br>Der Mittsommerabend f\u00e4llt auf den ersten Freitag zwischen dem 19. und 25. Juni.<\/p>\n\n\n\n<div class=\"alignnormal\"><div id=\"metaslider-id-4602\" style=\"width: 100%;\" class=\"ml-slider-3-108-0 metaslider metaslider-flex metaslider-4602 ml-slider has-dots-onhover-navigation ms-theme-default-base\" role=\"region\" aria-label=\"Midsommar\" data-height=\"500\" data-width=\"700\">\n    <div id=\"metaslider_container_4602\">\n        <div id=\"metaslider_4602\">\n            <ul aria-live='off' class='slides'>\n                <li style=\"display: block; width: 100%;\" class=\"slide-4610 ms-image \" aria-roledescription=\"slide\" data-date=\"2023-12-23 09:40:40\" data-filename=\"midsommar_hoglycke_1-700x500.jpg\" data-slide-type=\"image\"><img loading=\"lazy\" decoding=\"async\" src=\"https:\/\/holsljungacamping.se\/wp-content\/uploads\/2023\/12\/midsommar_hoglycke_1-700x500.jpg\" height=\"500\" width=\"700\" alt=\"\" class=\"slider-4602 slide-4610 msDefaultImage\" title=\"midsommar_hoglycke_1\" \/><\/li>\n                <li style=\"display: none; width: 100%;\" class=\"slide-4606 ms-image \" aria-roledescription=\"slide\" data-date=\"2023-12-23 09:40:40\" data-filename=\"midsommar_hoglycke_5-700x500.jpg\" data-slide-type=\"image\"><img loading=\"lazy\" decoding=\"async\" src=\"https:\/\/holsljungacamping.se\/wp-content\/uploads\/2023\/12\/midsommar_hoglycke_5-700x500.jpg\" height=\"500\" width=\"700\" alt=\"\" class=\"slider-4602 slide-4606 msDefaultImage\" title=\"midsommar_hoglycke_5\" \/><\/li>\n                <li style=\"display: none; width: 100%;\" class=\"slide-4603 ms-image \" aria-roledescription=\"slide\" data-date=\"2023-12-23 09:40:40\" data-filename=\"midsommar_hoglycke_2-700x500.jpg\" data-slide-type=\"image\"><img loading=\"lazy\" decoding=\"async\" src=\"https:\/\/holsljungacamping.se\/wp-content\/uploads\/2023\/12\/midsommar_hoglycke_2-700x500.jpg\" height=\"500\" width=\"700\" alt=\"\" class=\"slider-4602 slide-4603 msDefaultImage\" title=\"midsommar_hoglycke_2\" \/><\/li>\n                <li style=\"display: none; width: 100%;\" class=\"slide-4607 ms-image \" aria-roledescription=\"slide\" data-date=\"2023-12-23 09:40:40\" data-filename=\"midsommar_hoglycke_6-700x500.jpg\" data-slide-type=\"image\"><img loading=\"lazy\" decoding=\"async\" src=\"https:\/\/holsljungacamping.se\/wp-content\/uploads\/2023\/12\/midsommar_hoglycke_6-700x500.jpg\" height=\"500\" width=\"700\" alt=\"\" class=\"slider-4602 slide-4607 msDefaultImage\" title=\"midsommar_hoglycke_6\" \/><\/li>\n                <li style=\"display: none; width: 100%;\" class=\"slide-4608 ms-image \" aria-roledescription=\"slide\" data-date=\"2023-12-23 09:40:40\" data-filename=\"midsommar_hoglycke_7-700x500.jpg\" data-slide-type=\"image\"><img loading=\"lazy\" decoding=\"async\" src=\"https:\/\/holsljungacamping.se\/wp-content\/uploads\/2023\/12\/midsommar_hoglycke_7-700x500.jpg\" height=\"500\" width=\"700\" alt=\"\" class=\"slider-4602 slide-4608 msDefaultImage\" title=\"midsommar_hoglycke_7\" \/><\/li>\n                <li style=\"display: none; width: 100%;\" class=\"slide-4604 ms-image \" aria-roledescription=\"slide\" data-date=\"2023-12-23 09:40:40\" data-filename=\"midsommar_hoglycke_3-700x500.jpg\" data-slide-type=\"image\"><img loading=\"lazy\" decoding=\"async\" src=\"https:\/\/holsljungacamping.se\/wp-content\/uploads\/2023\/12\/midsommar_hoglycke_3-700x500.jpg\" height=\"500\" width=\"700\" alt=\"\" class=\"slider-4602 slide-4604 msDefaultImage\" title=\"midsommar_hoglycke_3\" \/><\/li>\n                <li style=\"display: none; width: 100%;\" class=\"slide-4609 ms-image \" aria-roledescription=\"slide\" data-date=\"2023-12-23 09:40:40\" data-filename=\"midsommar_hoglycke_8-700x500.jpg\" data-slide-type=\"image\"><img loading=\"lazy\" decoding=\"async\" src=\"https:\/\/holsljungacamping.se\/wp-content\/uploads\/2023\/12\/midsommar_hoglycke_8-700x500.jpg\" height=\"500\" width=\"700\" alt=\"\" class=\"slider-4602 slide-4609 msDefaultImage\" title=\"midsommar_hoglycke_8\" \/><\/li>\n            <\/ul>\n        <\/div>\n        \n    <\/div>\n<\/div><\/div>\n\n\n\n<p><\/p>\n\n\n\n<p>Am Mittsommertag haben (Kinds Motorveteraner) einen Traktor mit geschm\u00fccktem Strohballenwagen und starten vom Campingplatz aus eine Rundfahrt durch die Gegend.<br><br>Mittsommertags-Rallye mit einer wunderbaren Mischung aus Oldtimern, Autos, Traktoren, Mopeds und Motorr\u00e4dern. Die Karawanenfahrt endet mit einer gemeinsamen Aufstellung der Fahrzeuge auf einer Wiese beim Campingplatz.<\/p>\n\n\n\n<p><\/p>\n","protected":false},"excerpt":{"rendered":"<p>Mittsommer im Heimatvereinsh\u00e4uschen H\u00f6gelycke Neben Weihnachten ist Mittsommer vielleicht der wichtigste Feiertag in Schweden. F\u00fcr viele Menschen markiert er den Anfang der Ferienzeit und den Beginn des Sommers.Heute wird Mittsommer mit Maibaum, Singspielen und Tanz, Erdbeeren, Heringen und neuen Kartoffeln gefeiert. Wir binden Blumenkr\u00e4nze, die wir auf dem Kopf tragen. Am Mittsommerabend wird der Maibaum &hellip; <\/p>\n<p class=\"link-more\"><a href=\"https:\/\/holsljungacamping.se\/de\/midsommar\/\" class=\"more-link\">Read more<span class=\"screen-reader-text\"> &#8220;Mittsommer&#8221;<\/span><\/a><\/p>\n","protected":false},"author":1,"featured_media":4461,"parent":0,"menu_order":0,"comment_status":"closed","ping_status":"closed","template":"","meta":{"inspiro_hide_title":false,"footnotes":""},"class_list":["post-4460","page","type-page","status-publish","has-post-thumbnail","hentry"],"translation":{"provider":"WPGlobus","version":"3.0.2","language":"de","enabled_languages":["sv","en","nl","de"],"languages":{"sv":{"title":true,"content":true,"excerpt":false},"en":{"title":true,"content":true,"excerpt":false},"nl":{"title":true,"content":true,"excerpt":false},"de":{"title":true,"content":true,"excerpt":false}}},"_links":{"self":[{"href":"https:\/\/holsljungacamping.se\/de\/wp-json\/wp\/v2\/pages\/4460","targetHints":{"allow":["GET"]}}],"collection":[{"href":"https:\/\/holsljungacamping.se\/de\/wp-json\/wp\/v2\/pages"}],"about":[{"href":"https:\/\/holsljungacamping.se\/de\/wp-json\/wp\/v2\/types\/page"}],"author":[{"embeddable":true,"href":"https:\/\/holsljungacamping.se\/de\/wp-json\/wp\/v2\/users\/1"}],"replies":[{"embeddable":true,"href":"https:\/\/holsljungacamping.se\/de\/wp-json\/wp\/v2\/comments?post=4460"}],"version-history":[{"count":25,"href":"https:\/\/holsljungacamping.se\/de\/wp-json\/wp\/v2\/pages\/4460\/revisions"}],"predecessor-version":[{"id":7888,"href":"https:\/\/holsljungacamping.se\/de\/wp-json\/wp\/v2\/pages\/4460\/revisions\/7888"}],"wp:featuredmedia":[{"embeddable":true,"href":"https:\/\/holsljungacamping.se\/de\/wp-json\/wp\/v2\/media\/4461"}],"wp:attachment":[{"href":"https:\/\/holsljungacamping.se\/de\/wp-json\/wp\/v2\/media?parent=4460"}],"curies":[{"name":"wp","href":"https:\/\/api.w.org\/{rel}","templated":true}]}}