{"id":5,"date":"2015-03-05T21:27:23","date_gmt":"2015-03-05T20:27:23","guid":{"rendered":"http:\/\/holsljungacamping.se\/?page_id=5"},"modified":"2026-04-05T12:34:24","modified_gmt":"2026-04-05T10:34:24","slug":"camping","status":"publish","type":"page","link":"https:\/\/holsljungacamping.se\/de\/camping\/","title":{"rendered":"Camping"},"content":{"rendered":"\n<div class=\"wp-block-cover alignfull is-light\" style=\"min-height:100vh;aspect-ratio:unset;\"><video class=\"wp-block-cover__video-background intrinsic-ignore\" autoplay muted loop playsinline src=\"https:\/\/holsljungacamping.se\/wp-content\/uploads\/2024\/09\/Holsljunga-Camping-Drone-C.mp4\" data-object-fit=\"cover\"><\/video><span aria-hidden=\"true\" class=\"wp-block-cover__background has-background-dim-0 has-background-dim\" style=\"background-color:#FFF\"><\/span><div class=\"wp-block-cover__inner-container is-layout-flow wp-block-cover-is-layout-flow\">\n<p class=\"has-text-align-center has-large-font-size\"><\/p>\n<\/div><\/div>\n\n\n\n<p class=\"has-text-align-left\"><br>Wir haben 45 Campingpl\u00e4tze mit Strom, 20 Stellpl\u00e4tze auf der Wiese ohne Strom und 3 H\u00fctten<\/p>\n\n\n\n<p class=\"has-text-align-left\">Das nahegelegene Servicehaus bietet Duschen und Toiletten. Es gibt eine K\u00fcche mit Kochfeldern und Backofen.<\/p>\n\n\n\n<p class=\"has-text-align-left\">Hunde sind gerne willkommen, sind aber auf dem Gel\u00e4nde anzuleinen.<\/p>\n\n\n\n<div class=\"wp-block-buttons is-horizontal is-content-justification-center is-layout-flex wp-container-core-buttons-is-layout-03627597 wp-block-buttons-is-layout-flex\">\n<div class=\"wp-block-button\"><a class=\"wp-block-button__link has-background wp-element-button\" href=\"https:\/\/holsljungacamping.se\/wp-content\/uploads\/2026\/04\/Holsljunga-Campingkarta_2026.jpg\" style=\"border-top-left-radius:50px;border-top-right-radius:50px;border-bottom-left-radius:50px;border-bottom-right-radius:50px;background-color:#85ac39;padding-right:var(--wp--preset--spacing--medium);padding-left:var(--wp--preset--spacing--medium)\"><strong>Camping Karte<\/strong><\/a><\/div>\n<\/div>\n\n\n\n<p><\/p>\n\n\n\n<div class=\"alignnormal\"><div id=\"metaslider-id-5406\" style=\"width: 100%;\" class=\"ml-slider-3-108-0 metaslider metaslider-flex metaslider-5406 ml-slider ms-theme-default-base nav-hidden\" role=\"region\" aria-label=\"Camping\" data-height=\"500\" data-width=\"700\">\n    <div id=\"metaslider_container_5406\">\n        <div id=\"metaslider_5406\">\n            <ul aria-live='off' class='slides'>\n                <li style=\"display: block; width: 100%;\" class=\"slide-5414 ms-image \" aria-roledescription=\"slide\" data-date=\"2024-01-14 12:57:06\" data-filename=\"camping_8-700x500.jpg\" data-slide-type=\"image\"><img loading=\"lazy\" decoding=\"async\" src=\"https:\/\/holsljungacamping.se\/wp-content\/uploads\/2024\/01\/camping_8-700x500.jpg\" height=\"500\" width=\"700\" alt=\"\" class=\"slider-5406 slide-5414 msDefaultImage\" title=\"camping_8\" \/><\/li>\n                <li style=\"display: none; width: 100%;\" class=\"slide-5415 ms-image \" aria-roledescription=\"slide\" data-date=\"2024-01-14 12:57:06\" data-filename=\"camping_7-700x500.jpg\" data-slide-type=\"image\"><img loading=\"lazy\" decoding=\"async\" src=\"https:\/\/holsljungacamping.se\/wp-content\/uploads\/2024\/01\/camping_7-700x500.jpg\" height=\"500\" width=\"700\" alt=\"\" class=\"slider-5406 slide-5415 msDefaultImage\" title=\"camping_7\" \/><\/li>\n                <li style=\"display: none; width: 100%;\" class=\"slide-5416 ms-image \" aria-roledescription=\"slide\" data-date=\"2024-01-14 12:57:06\" data-filename=\"camping_6-700x500.jpg\" data-slide-type=\"image\"><img loading=\"lazy\" decoding=\"async\" src=\"https:\/\/holsljungacamping.se\/wp-content\/uploads\/2024\/01\/camping_6-700x500.jpg\" height=\"500\" width=\"700\" alt=\"\" class=\"slider-5406 slide-5416 msDefaultImage\" title=\"camping_6\" \/><\/li>\n                <li style=\"display: none; width: 100%;\" class=\"slide-5417 ms-image \" aria-roledescription=\"slide\" data-date=\"2024-01-14 12:57:06\" data-filename=\"camping_5-700x500.jpg\" data-slide-type=\"image\"><img loading=\"lazy\" decoding=\"async\" src=\"https:\/\/holsljungacamping.se\/wp-content\/uploads\/2024\/01\/camping_5-700x500.jpg\" height=\"500\" width=\"700\" alt=\"\" class=\"slider-5406 slide-5417 msDefaultImage\" title=\"camping_5\" \/><\/li>\n                <li style=\"display: none; width: 100%;\" class=\"slide-5418 ms-image \" aria-roledescription=\"slide\" data-date=\"2024-01-14 12:57:06\" data-filename=\"camping_4-700x500.jpg\" data-slide-type=\"image\"><img loading=\"lazy\" decoding=\"async\" src=\"https:\/\/holsljungacamping.se\/wp-content\/uploads\/2024\/01\/camping_4-700x500.jpg\" height=\"500\" width=\"700\" alt=\"\" class=\"slider-5406 slide-5418 msDefaultImage\" title=\"camping_4\" \/><\/li>\n                <li style=\"display: none; width: 100%;\" class=\"slide-5419 ms-image \" aria-roledescription=\"slide\" data-date=\"2024-01-14 12:57:06\" data-filename=\"camping_3-700x500.jpg\" data-slide-type=\"image\"><img loading=\"lazy\" decoding=\"async\" src=\"https:\/\/holsljungacamping.se\/wp-content\/uploads\/2024\/01\/camping_3-700x500.jpg\" height=\"500\" width=\"700\" alt=\"\" class=\"slider-5406 slide-5419 msDefaultImage\" title=\"camping_3\" \/><\/li>\n                <li style=\"display: none; width: 100%;\" class=\"slide-5420 ms-image \" aria-roledescription=\"slide\" data-date=\"2024-01-14 12:57:06\" data-filename=\"camping_2-700x500.jpg\" data-slide-type=\"image\"><img loading=\"lazy\" decoding=\"async\" src=\"https:\/\/holsljungacamping.se\/wp-content\/uploads\/2024\/01\/camping_2-700x500.jpg\" height=\"500\" width=\"700\" alt=\"\" class=\"slider-5406 slide-5420 msDefaultImage\" title=\"camping_2\" \/><\/li>\n            <\/ul>\n        <\/div>\n        \n    <\/div>\n<\/div><\/div>\n\n\n\n<div class=\"wp-block-group alignfull has-background has-global-padding is-layout-constrained wp-block-group-is-layout-constrained\" style=\"background-color:#b8f9b3\">\n<p><strong>Stellplatz Bis zu 4 Personen \/ Tag<br><\/strong>Nebensaison: 24\/4-14\/6 &amp; 17\/8-20\/9<strong>:<\/strong><br><strong>SEK 320  <\/strong>exkl. Strom \/ <strong>SEK 370 <\/strong>inkl. Strom <strong><br><\/strong>Hochsaison 16\/6\u201317\/8:<br><strong>SEK 420<\/strong> exkl. Strom \/ <strong>SEK 470  <\/strong>inkl. Strom<strong><br><\/strong>Bis zu 4 Personen, dar\u00fcber hinaus: 50 SEK pro Person und Tag<\/p>\n\n\n\n<p><strong><strong>Stellplatz gr\u00fcnen Wiese Bis zu 4 Personen<\/strong>&nbsp;<strong>exkl. Strom \/ Tag<\/strong><br><\/strong>Nebensaison: 24\/4-14\/6 &amp; 17\/8-20\/9:<br><strong>260 SEK <br><\/strong>Hochsaison 15\/6\u201316\/8:<br><strong>310 SEK <br><\/strong>Bis zu 4 Personen, dar\u00fcber hinaus: 50 SEK pro Person und Tag<\/p>\n\n\n\n<div class=\"wp-block-buttons is-horizontal is-content-justification-center is-layout-flex wp-container-core-buttons-is-layout-03627597 wp-block-buttons-is-layout-flex\">\n<div class=\"wp-block-button is-style-fill\"><a class=\"wp-block-button__link has-background wp-element-button\" href=\"https:\/\/holsljungacamping.se\/en\/bokning-online\/\" style=\"border-top-left-radius:50px;border-top-right-radius:50px;border-bottom-left-radius:50px;border-bottom-right-radius:50px;background-color:#85ac39;padding-right:var(--wp--preset--spacing--small);padding-left:var(--wp--preset--spacing--small)\"><strong>Jetzt buchen<\/strong><\/a><\/div>\n<\/div>\n<\/div>\n\n\n\n<p><\/p>\n\n\n\n<p class=\"has-text-color has-large-font-size\" style=\"color:#75aa3d\">Energie sparen<\/p>\n\n\n\n<p>Um Energie zu sparen und umweltfreundlicher zu sein, sind wir aktuell dabei Solarmodule im Servicehaus zu installieren. Ebenso sind wir im Begriff eine dezentrale L\u00fcftung zur W\u00e4rmer\u00fcckgewinnung in den Duschen zu installieren. Zus\u00e4tzliche automatische Sensoren helfen bei der Wassereinsparung.<\/p>\n\n\n\n<p>Es ist uns wichtig zur Entlastung der Umwelt beizutragen.<\/p>\n\n\n\n<p><\/p>\n","protected":false},"excerpt":{"rendered":"<p>Wir haben 45 Campingpl\u00e4tze mit Strom, 20 Stellpl\u00e4tze auf der Wiese ohne Strom und 3 H\u00fctten Das nahegelegene Servicehaus bietet Duschen und Toiletten. Es gibt eine K\u00fcche mit Kochfeldern und Backofen. Hunde sind gerne willkommen, sind aber auf dem Gel\u00e4nde anzuleinen. Stellplatz Bis zu 4 Personen \/ TagNebensaison: 24\/4-14\/6 &amp; 17\/8-20\/9:SEK 320 exkl. Strom \/ &hellip; <\/p>\n<p class=\"link-more\"><a href=\"https:\/\/holsljungacamping.se\/de\/camping\/\" class=\"more-link\">Read more<span class=\"screen-reader-text\"> &#8220;Camping&#8221;<\/span><\/a><\/p>\n","protected":false},"author":1,"featured_media":5544,"parent":0,"menu_order":0,"comment_status":"closed","ping_status":"closed","template":"","meta":{"inspiro_hide_title":false,"footnotes":""},"class_list":["post-5","page","type-page","status-publish","has-post-thumbnail","hentry"],"translation":{"provider":"WPGlobus","version":"3.0.2","language":"de","enabled_languages":["sv","en","nl","de"],"languages":{"sv":{"title":true,"content":true,"excerpt":false},"en":{"title":true,"content":true,"excerpt":false},"nl":{"title":true,"content":true,"excerpt":false},"de":{"title":true,"content":true,"excerpt":false}}},"_links":{"self":[{"href":"https:\/\/holsljungacamping.se\/de\/wp-json\/wp\/v2\/pages\/5","targetHints":{"allow":["GET"]}}],"collection":[{"href":"https:\/\/holsljungacamping.se\/de\/wp-json\/wp\/v2\/pages"}],"about":[{"href":"https:\/\/holsljungacamping.se\/de\/wp-json\/wp\/v2\/types\/page"}],"author":[{"embeddable":true,"href":"https:\/\/holsljungacamping.se\/de\/wp-json\/wp\/v2\/users\/1"}],"replies":[{"embeddable":true,"href":"https:\/\/holsljungacamping.se\/de\/wp-json\/wp\/v2\/comments?post=5"}],"version-history":[{"count":456,"href":"https:\/\/holsljungacamping.se\/de\/wp-json\/wp\/v2\/pages\/5\/revisions"}],"predecessor-version":[{"id":8425,"href":"https:\/\/holsljungacamping.se\/de\/wp-json\/wp\/v2\/pages\/5\/revisions\/8425"}],"wp:featuredmedia":[{"embeddable":true,"href":"https:\/\/holsljungacamping.se\/de\/wp-json\/wp\/v2\/media\/5544"}],"wp:attachment":[{"href":"https:\/\/holsljungacamping.se\/de\/wp-json\/wp\/v2\/media?parent=5"}],"curies":[{"name":"wp","href":"https:\/\/api.w.org\/{rel}","templated":true}]}}