{"id":5290,"date":"2024-01-12T11:11:10","date_gmt":"2024-01-12T10:11:10","guid":{"rendered":"https:\/\/holsljungacamping.se\/?page_id=5290"},"modified":"2026-03-15T11:40:59","modified_gmt":"2026-03-15T09:40:59","slug":"shoping","status":"publish","type":"page","link":"https:\/\/holsljungacamping.se\/de\/shoping\/","title":{"rendered":"Shoping &#038; Food"},"content":{"rendered":"\n<div class=\"wp-block-media-text has-media-on-the-right is-stacked-on-mobile has-link-color wp-elements-168c88fcc40af2993a64136c98cd0db2\"><div class=\"wp-block-media-text__content\">\n<p class=\"has-text-color has-large-font-size\" style=\"color:#75aa3d\">Gek\u00e5s<\/p>\n\n\n\n<p>Ullared ist ein beliebtes Ziel, 38 km s\u00fcdlich von hier in Richtung Falkenberg. Verbringen Sie einen ganzen Tag im Einkaufszentrum mit allem unter einem Dach<br><a href=\"https:\/\/www.gekas.se\/\"><strong>Weiterlesen<\/strong><\/a><\/p>\n<\/div><figure class=\"wp-block-media-text__media\"><img loading=\"lazy\" decoding=\"async\" width=\"800\" height=\"467\" src=\"https:\/\/holsljungacamping.se\/wp-content\/uploads\/2024\/01\/gekas.jpeg\" alt=\"\" class=\"wp-image-5330 size-full\" srcset=\"https:\/\/holsljungacamping.se\/wp-content\/uploads\/2024\/01\/gekas.jpeg 800w, https:\/\/holsljungacamping.se\/wp-content\/uploads\/2024\/01\/gekas-300x175.jpeg 300w\" sizes=\"auto, (max-width: 800px) 100vw, 800px\" \/><\/figure><\/div>\n\n\n\n<div class=\"wp-block-media-text is-stacked-on-mobile has-link-color wp-elements-e30b151abf89579ecdcf017d3f2cc85b\"><figure class=\"wp-block-media-text__media\"><img loading=\"lazy\" decoding=\"async\" width=\"800\" height=\"450\" src=\"https:\/\/holsljungacamping.se\/wp-content\/uploads\/2024\/01\/knalleland.jpg\" alt=\"\" class=\"wp-image-5327 size-full\" srcset=\"https:\/\/holsljungacamping.se\/wp-content\/uploads\/2024\/01\/knalleland.jpg 800w, https:\/\/holsljungacamping.se\/wp-content\/uploads\/2024\/01\/knalleland-300x169.jpg 300w\" sizes=\"auto, (max-width: 800px) 100vw, 800px\" \/><\/figure><div class=\"wp-block-media-text__content\">\n<p class=\"has-text-color has-large-font-size\" style=\"color:#75aa3d\">Knalleland<\/p>\n\n\n\n<p>Einkaufszentrum in Bor\u00e5s mit etwa 100 Gesch\u00e4ften.<br><a href=\"https:\/\/knalleland.se\/\"><strong>Weiterlesen<\/strong><\/a><\/p>\n<\/div><\/div>\n\n\n\n<div class=\"wp-block-media-text has-media-on-the-right is-stacked-on-mobile has-link-color wp-elements-64097c37dd2235fa6812508e5f43a74d\" style=\"grid-template-columns:auto 48%\"><div class=\"wp-block-media-text__content\">\n<p class=\"has-text-color has-link-color has-large-font-size wp-elements-fafd32061e4c441b8cc9eac4488915ab\" style=\"color:#75aa3d\">Sauerteigb\u00e4ckerei und Pizza<\/p>\n\n\n\n<p>BR\u00d6T \u2013 Handwerkliche B\u00e4ckerei. Sauerteigbrot, neapolitanische Pizza, Br\u00f6tchen und Kuchen.<br><strong><a href=\"http:\/\/xn--brt-tna.se\/\">Weiterlesen<\/a><\/strong><br><br>Br\u00f6t ist unser lokaler Lieferant von Pizzen und Grill-Sandwiches<\/p>\n<\/div><figure class=\"wp-block-media-text__media\"><img loading=\"lazy\" decoding=\"async\" width=\"690\" height=\"518\" src=\"https:\/\/holsljungacamping.se\/wp-content\/uploads\/2023\/11\/Screenshot-2023-11-25-13.58.00.png\" alt=\"\" class=\"wp-image-3765 size-full\" srcset=\"https:\/\/holsljungacamping.se\/wp-content\/uploads\/2023\/11\/Screenshot-2023-11-25-13.58.00.png 690w, https:\/\/holsljungacamping.se\/wp-content\/uploads\/2023\/11\/Screenshot-2023-11-25-13.58.00-300x225.png 300w\" sizes=\"auto, (max-width: 690px) 100vw, 690px\" \/><\/figure><\/div>\n\n\n\n<div class=\"wp-block-media-text is-stacked-on-mobile\"><figure class=\"wp-block-media-text__media\"><img loading=\"lazy\" decoding=\"async\" width=\"863\" height=\"555\" src=\"https:\/\/holsljungacamping.se\/wp-content\/uploads\/2023\/11\/Screenshot-2023-11-25-14.21.48.png\" alt=\"\" class=\"wp-image-3780 size-full\" srcset=\"https:\/\/holsljungacamping.se\/wp-content\/uploads\/2023\/11\/Screenshot-2023-11-25-14.21.48.png 863w, https:\/\/holsljungacamping.se\/wp-content\/uploads\/2023\/11\/Screenshot-2023-11-25-14.21.48-300x193.png 300w, https:\/\/holsljungacamping.se\/wp-content\/uploads\/2023\/11\/Screenshot-2023-11-25-14.21.48-768x494.png 768w\" sizes=\"auto, (max-width: 863px) 100vw, 863px\" \/><\/figure><div class=\"wp-block-media-text__content\">\n<p class=\"has-text-color has-link-color has-large-font-size wp-elements-1945f902d9069b4eab81b78fea6d4193\" style=\"color:#75aa3d\">Sm\u00e5bruket i Uddebo<\/p>\n\n\n\n<p class=\"has-link-color wp-elements-31e386e57e02f9d7af22eb8cadc54354\">Baut eine Vielzahl von Gem\u00fcsesorten im Freien und in Gew\u00e4chsh\u00e4usern im Zentrum des Dorfes Uddebo an.<br><strong><a href=\"https:\/\/www.smabruketuddebo.com\/\">Weiterlesen<\/a><\/strong><br><br>Sm\u00e5bruket i Uddebo ist unser lokaler Lieferant von Gem\u00fcse und Salat.<\/p>\n<\/div><\/div>\n\n\n\n<div class=\"wp-block-media-text has-media-on-the-right is-stacked-on-mobile has-link-color wp-elements-c6a1211ec475e0db4f30e701411e1e1e\"><div class=\"wp-block-media-text__content\">\n<p class=\"has-text-color has-link-color has-large-font-size wp-elements-fba3b4a0d64a22dad6c1070cd9ff6571\" style=\"color:#75aa3d\">Brohage k\u00f6tt<\/p>\n\n\n\n<p>Hier k\u00f6nnen Sie lokal produziertes Rind- und Schweinefleisch kaufen.<br><a href=\"http:\/\/www.brohagekott.se\/\"><strong>Weiterlesen<\/strong><\/a><br><br>Brohage K\u00f6tt ist unser lokaler Lieferant von z. B. unseren beliebten Hamburgern.<\/p>\n<\/div><figure class=\"wp-block-media-text__media\"><img loading=\"lazy\" decoding=\"async\" width=\"878\" height=\"507\" src=\"https:\/\/holsljungacamping.se\/wp-content\/uploads\/2023\/11\/Screenshot-2023-11-28-10.42.32-e1705143547111.png\" alt=\"\" class=\"wp-image-4012 size-full\" srcset=\"https:\/\/holsljungacamping.se\/wp-content\/uploads\/2023\/11\/Screenshot-2023-11-28-10.42.32-e1705143547111.png 878w, https:\/\/holsljungacamping.se\/wp-content\/uploads\/2023\/11\/Screenshot-2023-11-28-10.42.32-e1705143547111-300x173.png 300w, https:\/\/holsljungacamping.se\/wp-content\/uploads\/2023\/11\/Screenshot-2023-11-28-10.42.32-e1705143547111-768x443.png 768w\" sizes=\"auto, (max-width: 878px) 100vw, 878px\" \/><\/figure><\/div>\n\n\n\n<div class=\"wp-block-media-text is-stacked-on-mobile has-link-color wp-elements-50e9e536c8a1bd92c95c8547b721fad9\"><figure class=\"wp-block-media-text__media\"><img loading=\"lazy\" decoding=\"async\" width=\"1024\" height=\"762\" src=\"https:\/\/holsljungacamping.se\/wp-content\/uploads\/2023\/11\/Screenshot-2023-11-28-10.00.14-1024x762.png\" alt=\"\" class=\"wp-image-3990 size-full\" srcset=\"https:\/\/holsljungacamping.se\/wp-content\/uploads\/2023\/11\/Screenshot-2023-11-28-10.00.14-1024x762.png 1024w, https:\/\/holsljungacamping.se\/wp-content\/uploads\/2023\/11\/Screenshot-2023-11-28-10.00.14-300x223.png 300w, https:\/\/holsljungacamping.se\/wp-content\/uploads\/2023\/11\/Screenshot-2023-11-28-10.00.14-768x572.png 768w, https:\/\/holsljungacamping.se\/wp-content\/uploads\/2023\/11\/Screenshot-2023-11-28-10.00.14.png 1147w\" sizes=\"auto, (max-width: 1024px) 100vw, 1024px\" \/><\/figure><div class=\"wp-block-media-text__content\">\n<p class=\"has-text-color has-link-color has-large-font-size wp-elements-5c049c654eed8c77f933566d586db414\" style=\"color:#75aa3d\">Joarsbo G\u00e5rdsbutik<\/p>\n\n\n\n<p>Hier werden lokale Produkte wie Saft, Marmelade und Gl\u00fchwein hergestellt.<br><a href=\"https:\/\/www.joarsbo.com\/gardsbutik\/\"><strong>Weiterlesen<\/strong><\/a><br><br>Joarsbo ist unser lokaler Lieferant f\u00fcr Marmelade.<\/p>\n<\/div><\/div>\n\n\n\n<div class=\"wp-block-media-text has-media-on-the-right is-stacked-on-mobile has-link-color wp-elements-78334b0a91a593941e4f6c84a6c5a253\"><div class=\"wp-block-media-text__content\">\n<p class=\"has-text-color has-large-font-size\" style=\"color:#75aa3d\">Hofsn\u00e4s Herrg\u00e5rd<\/p>\n\n\n\n<p>Bistro &amp; Cafe. Das Herrenhaus wird von den sch\u00f6nen Naturpfaden entlang des Ufers von Hofsn\u00e4s umrahmt<br><a href=\"https:\/\/www.hofsnas.se\/bistro-kafe\/\"><strong>Weiterlesen<\/strong><\/a><\/p>\n<\/div><figure class=\"wp-block-media-text__media\"><img loading=\"lazy\" decoding=\"async\" width=\"800\" height=\"450\" src=\"https:\/\/holsljungacamping.se\/wp-content\/uploads\/2024\/01\/hofnas.jpg\" alt=\"\" class=\"wp-image-5391 size-full\" srcset=\"https:\/\/holsljungacamping.se\/wp-content\/uploads\/2024\/01\/hofnas.jpg 800w, https:\/\/holsljungacamping.se\/wp-content\/uploads\/2024\/01\/hofnas-300x169.jpg 300w\" sizes=\"auto, (max-width: 800px) 100vw, 800px\" \/><\/figure><\/div>\n\n\n\n<div class=\"wp-block-media-text alignwide is-stacked-on-mobile has-link-color wp-elements-ae2b82aa452133eda4a17969ec5f1690\"><figure class=\"wp-block-media-text__media\"><img loading=\"lazy\" decoding=\"async\" width=\"798\" height=\"427\" src=\"https:\/\/holsljungacamping.se\/wp-content\/uploads\/2024\/01\/livsmedel.jpg\" alt=\"\" class=\"wp-image-5345 size-full\" srcset=\"https:\/\/holsljungacamping.se\/wp-content\/uploads\/2024\/01\/livsmedel.jpg 798w, https:\/\/holsljungacamping.se\/wp-content\/uploads\/2024\/01\/livsmedel-300x161.jpg 300w\" sizes=\"auto, (max-width: 798px) 100vw, 798px\" \/><\/figure><div class=\"wp-block-media-text__content\">\n<p class=\"has-text-color has-large-font-size\" style=\"color:#75aa3d\">Lebensmittelgesch\u00e4fte<\/p>\n\n\n\n<p><strong><a href=\"https:\/\/www.ica.se\/butiker\/kvantum\/svenljunga\/ica-kvantum-svenljunga-1919\/start\/\">ICA Kvantum<\/a> <\/strong><strong>Svenljunga <\/strong>18 km. Kinnagatan 3, 512 51 Svenljunga<strong><br><a href=\"https:\/\/www.ica.se\/butiker\/nara\/svenljunga\/ica-nara-monicanders-1925\/start\/?utm_source=google&amp;utm_medium=mbl&amp;utm_campaign=ICA%20N%C3%A4ra%20Svenljunga%2001925\">Monicanders\u00a0ICA<\/a><\/strong><strong>Mj\u00f6b\u00e4ck <\/strong>15 km<strong><br><a href=\"https:\/\/www.google.se\/search?ei=jKpNW5_GJovm6AS9kovACg&amp;q=handlarn+%C3%B6xab%C3%A4ck&amp;oq=handlarn+%C3%B6xab%C3%A4ck&amp;gs_l=psy-ab.3..0j38.45002.49112.0.50531.13.12.1.0.0.0.90.853.12.12.0....0...1.1.64.psy-ab..0.13.856...0i22i30k1.0._ZPE068q-wU\">Handlarn<\/a> <\/strong>in<strong>\u00d6xab\u00e4ck <\/strong>11 km<\/p>\n<\/div><\/div>\n\n\n\n<p><\/p>\n","protected":false},"excerpt":{"rendered":"<p>Gek\u00e5s Ullared ist ein beliebtes Ziel, 38 km s\u00fcdlich von hier in Richtung Falkenberg. Verbringen Sie einen ganzen Tag im Einkaufszentrum mit allem unter einem DachWeiterlesen Knalleland Einkaufszentrum in Bor\u00e5s mit etwa 100 Gesch\u00e4ften.Weiterlesen Sauerteigb\u00e4ckerei und Pizza BR\u00d6T \u2013 Handwerkliche B\u00e4ckerei. Sauerteigbrot, neapolitanische Pizza, Br\u00f6tchen und Kuchen.Weiterlesen Br\u00f6t ist unser lokaler Lieferant von Pizzen und &hellip; <\/p>\n<p class=\"link-more\"><a href=\"https:\/\/holsljungacamping.se\/de\/shoping\/\" class=\"more-link\">Read more<span class=\"screen-reader-text\"> &#8220;Shoping &#038; Food&#8221;<\/span><\/a><\/p>\n","protected":false},"author":1,"featured_media":5301,"parent":0,"menu_order":0,"comment_status":"closed","ping_status":"closed","template":"","meta":{"inspiro_hide_title":false,"footnotes":""},"class_list":["post-5290","page","type-page","status-publish","has-post-thumbnail","hentry"],"translation":{"provider":"WPGlobus","version":"3.0.2","language":"de","enabled_languages":["sv","en","nl","de"],"languages":{"sv":{"title":true,"content":true,"excerpt":false},"en":{"title":true,"content":true,"excerpt":false},"nl":{"title":true,"content":true,"excerpt":false},"de":{"title":true,"content":true,"excerpt":false}}},"_links":{"self":[{"href":"https:\/\/holsljungacamping.se\/de\/wp-json\/wp\/v2\/pages\/5290","targetHints":{"allow":["GET"]}}],"collection":[{"href":"https:\/\/holsljungacamping.se\/de\/wp-json\/wp\/v2\/pages"}],"about":[{"href":"https:\/\/holsljungacamping.se\/de\/wp-json\/wp\/v2\/types\/page"}],"author":[{"embeddable":true,"href":"https:\/\/holsljungacamping.se\/de\/wp-json\/wp\/v2\/users\/1"}],"replies":[{"embeddable":true,"href":"https:\/\/holsljungacamping.se\/de\/wp-json\/wp\/v2\/comments?post=5290"}],"version-history":[{"count":103,"href":"https:\/\/holsljungacamping.se\/de\/wp-json\/wp\/v2\/pages\/5290\/revisions"}],"predecessor-version":[{"id":8384,"href":"https:\/\/holsljungacamping.se\/de\/wp-json\/wp\/v2\/pages\/5290\/revisions\/8384"}],"wp:featuredmedia":[{"embeddable":true,"href":"https:\/\/holsljungacamping.se\/de\/wp-json\/wp\/v2\/media\/5301"}],"wp:attachment":[{"href":"https:\/\/holsljungacamping.se\/de\/wp-json\/wp\/v2\/media?parent=5290"}],"curies":[{"name":"wp","href":"https:\/\/api.w.org\/{rel}","templated":true}]}}