{"id":31,"date":"2015-03-05T22:57:18","date_gmt":"2015-03-05T21:57:18","guid":{"rendered":"http:\/\/holsljungacamping.se\/?page_id=31"},"modified":"2026-01-29T17:42:52","modified_gmt":"2026-01-29T15:42:52","slug":"dagsutflykteraffarer","status":"publish","type":"page","link":"https:\/\/holsljungacamping.se\/en\/dagsutflykteraffarer\/","title":{"rendered":"See &#038; Do"},"content":{"rendered":"\n<div class=\"wp-block-media-text alignwide is-stacked-on-mobile has-link-color wp-elements-6e4e34a796b16c137153ebdc9a2d4e1d\"><figure class=\"wp-block-media-text__media\"><img loading=\"lazy\" decoding=\"async\" width=\"1000\" height=\"667\" src=\"https:\/\/holsljungacamping.se\/wp-content\/uploads\/2020\/12\/cykla.jpg\" alt=\"\" class=\"wp-image-1469 size-full\" srcset=\"https:\/\/holsljungacamping.se\/wp-content\/uploads\/2020\/12\/cykla.jpg 1000w, https:\/\/holsljungacamping.se\/wp-content\/uploads\/2020\/12\/cykla-300x200.jpg 300w, https:\/\/holsljungacamping.se\/wp-content\/uploads\/2020\/12\/cykla-768x512.jpg 768w\" sizes=\"auto, (max-width: 1000px) 100vw, 1000px\" \/><\/figure><div class=\"wp-block-media-text__content\">\n<p class=\"has-text-color has-large-font-size\" style=\"color:#75aa3d\">Cycling<\/p>\n\n\n\n<p id=\"E914\">You can cycle the \u201cback way\u201d from Holsljunga to Svenljunga, past Revesj\u00f6. That stretch is mostly along gravelled roads in lovely natural surroundings.<br>Cycle along the Kindsbanan in Sjuh\u00e4rad, parts of which go between Svenljunga and Bor\u00e5s \u2013 <a href=\"https:\/\/www.vastsverige.com\/cykla-och-vandra-i-sjuharad\/sjuharadsrundan\/\"><strong>Read more<\/strong><\/a><\/p>\n\n\n\n<p id=\"E930\"><a href=\"https:\/\/www.facebook.com\/groups\/outdoorsjuharadtips\/\"><strong>Cykla och vandra i Sjuh\u00e4rad<\/strong><\/a> (Cycle and hike in Sjuh\u00e4rad) on Facebook and their website.<\/p>\n\n\n\n<p id=\"E941\">The <a is=\"qowt-hyperlink\" href=\"https:\/\/www.vastsverige.com\/en\/svenljunga-tranemo\/trails\/holsljunga-tour\/\" target=\"_blank\" rel=\"noreferrer noopener\"><strong>Holsljunga Tour<\/strong><\/a> is 50 km long.<\/p>\n<\/div><\/div>\n\n\n\n<div class=\"wp-block-media-text alignwide has-media-on-the-right is-stacked-on-mobile has-link-color wp-elements-ab6fece89db5b0344098015f3168eb75\"><div class=\"wp-block-media-text__content\">\n<p class=\"has-text-color has-large-font-size\" style=\"color:#75aa3d\">Outdoors<\/p>\n\n\n\n<p id=\"E953\">The forests here are full of berries and mushrooms and they are right on our doorstep.<br><br>Lingonberries, bilberries, chanterelles, penny buns and other boletus mushrooms are some examples of what can be found here.<br><br>Enjoy a few lovely days with friends and family. Put your boots on and get out in our beautiful woodland surroundings.<\/p>\n<\/div><figure class=\"wp-block-media-text__media\"><img loading=\"lazy\" decoding=\"async\" width=\"1024\" height=\"683\" src=\"https:\/\/holsljungacamping.se\/wp-content\/uploads\/2021\/02\/plocka-svamp-shutterstock-1024x683.jpg\" alt=\"\" class=\"wp-image-1837 size-full\" srcset=\"https:\/\/holsljungacamping.se\/wp-content\/uploads\/2021\/02\/plocka-svamp-shutterstock-1024x683.jpg 1024w, https:\/\/holsljungacamping.se\/wp-content\/uploads\/2021\/02\/plocka-svamp-shutterstock-300x200.jpg 300w, https:\/\/holsljungacamping.se\/wp-content\/uploads\/2021\/02\/plocka-svamp-shutterstock-768x512.jpg 768w, https:\/\/holsljungacamping.se\/wp-content\/uploads\/2021\/02\/plocka-svamp-shutterstock.jpg 1050w\" sizes=\"auto, (max-width: 1024px) 100vw, 1024px\" \/><\/figure><\/div>\n\n\n\n<div class=\"wp-block-media-text alignwide is-stacked-on-mobile has-link-color wp-elements-e4278fd6829728085fd0e13798c8b8b1\"><figure class=\"wp-block-media-text__media\"><img loading=\"lazy\" decoding=\"async\" width=\"1024\" height=\"665\" src=\"https:\/\/holsljungacamping.se\/wp-content\/uploads\/2023\/11\/Screenshot-2023-11-25-13.52.51-1024x665.png\" alt=\"\" class=\"wp-image-3761 size-full\" srcset=\"https:\/\/holsljungacamping.se\/wp-content\/uploads\/2023\/11\/Screenshot-2023-11-25-13.52.51-1024x665.png 1024w, https:\/\/holsljungacamping.se\/wp-content\/uploads\/2023\/11\/Screenshot-2023-11-25-13.52.51-300x195.png 300w, https:\/\/holsljungacamping.se\/wp-content\/uploads\/2023\/11\/Screenshot-2023-11-25-13.52.51-768x499.png 768w, https:\/\/holsljungacamping.se\/wp-content\/uploads\/2023\/11\/Screenshot-2023-11-25-13.52.51.png 1102w\" sizes=\"auto, (max-width: 1024px) 100vw, 1024px\" \/><\/figure><div class=\"wp-block-media-text__content\">\n<p class=\"has-text-color has-large-font-size\" style=\"color:#75aa3d\">Gr\u00e4ne Mine<\/p>\n\n\n\n<p>A little way into the forest along route 154, about 7 km from the campsite, lies<a href=\"https:\/\/www.granegruva.se\/\"> <\/a><strong><a href=\"https:\/\/www.granegruva.se\/\">Gr\u00e4ne Mine<\/a>,<\/strong> a former feldspar mine dating back to the 1800s. The quarry, a short walk from the car park, is approximately 20&#215;15 metres in size, with 20 metre high walls. This popular attraction is surrounded by lovely walking trails of various lengths.<\/p>\n<\/div><\/div>\n\n\n\n<div class=\"wp-block-media-text has-media-on-the-right is-stacked-on-mobile\"><div class=\"wp-block-media-text__content\">\n<p class=\"has-text-color has-link-color has-large-font-size wp-elements-63fbc24b79e80657ae73a66d080813ef\" style=\"color:#75aa3d\">Franks \u00c4ventyrspark<\/p>\n\n\n\n<p class=\"has-link-color wp-elements-f8cbd084e4b3a59ddaf37566aea23b0d\">Let the children explore exciting bouncy castles or spin around in fun carousels.<br>As our camping guest, you as a parent get free entry \u2013 a wonderful day full of play and laughter for the whole family!<br><a href=\"https:\/\/www.facebook.com\/profile.php?id=61558812152489\"><strong>Read more<\/strong><\/a><\/p>\n<\/div><figure class=\"wp-block-media-text__media\"><img loading=\"lazy\" decoding=\"async\" width=\"978\" height=\"618\" src=\"https:\/\/holsljungacamping.se\/wp-content\/uploads\/2024\/06\/frank1.jpg\" alt=\"\" class=\"wp-image-7205 size-full\" srcset=\"https:\/\/holsljungacamping.se\/wp-content\/uploads\/2024\/06\/frank1.jpg 978w, https:\/\/holsljungacamping.se\/wp-content\/uploads\/2024\/06\/frank1-300x190.jpg 300w\" sizes=\"auto, (max-width: 978px) 100vw, 978px\" \/><\/figure><\/div>\n\n\n\n<div class=\"wp-block-media-text is-stacked-on-mobile has-link-color wp-elements-c187ef509e5e70294039625f7fc52798\"><figure class=\"wp-block-media-text__media\"><img loading=\"lazy\" decoding=\"async\" width=\"600\" height=\"400\" src=\"https:\/\/holsljungacamping.se\/wp-content\/uploads\/2023\/11\/buaskogen.jpg\" alt=\"\" class=\"wp-image-3941 size-full\" srcset=\"https:\/\/holsljungacamping.se\/wp-content\/uploads\/2023\/11\/buaskogen.jpg 600w, https:\/\/holsljungacamping.se\/wp-content\/uploads\/2023\/11\/buaskogen-300x200.jpg 300w\" sizes=\"auto, (max-width: 600px) 100vw, 600px\" \/><\/figure><div class=\"wp-block-media-text__content\">\n<p class=\"has-text-color has-large-font-size\" style=\"color:#75aa3d\">Buaskogen<\/p>\n\n\n\n<p id=\"E177\">High ropes park for wild children and adults. The park is set in beautiful woodland in Olsfors.<br><a href=\"https:\/\/buaskogen.se\/\"><strong>Read more<\/strong><\/a><\/p>\n<\/div><\/div>\n\n\n\n<div class=\"wp-block-media-text has-media-on-the-right is-stacked-on-mobile has-link-color wp-elements-31b5069fe3eaac5b7954232b04c9a50b\"><div class=\"wp-block-media-text__content\">\n<p class=\"has-text-color has-large-font-size\" style=\"color:#75aa3d\">H\u00f6gvads kanot<\/p>\n\n\n\n<p id=\"E177\">In \u00c4lvsered you can paddle in the pretty H\u00f6gvads\u00e5n river, where you can hire canoes or kayaks.<br><a href=\"https:\/\/www.hogvadskanot.se\/\"><strong>Read more<\/strong><\/a><\/p>\n<\/div><figure class=\"wp-block-media-text__media\"><img loading=\"lazy\" decoding=\"async\" width=\"1024\" height=\"683\" src=\"https:\/\/holsljungacamping.se\/wp-content\/uploads\/2023\/11\/Dalslands-Aktiviteter_host_0256-Photo-Cred-Jonas--1024x683.jpg\" alt=\"\" class=\"wp-image-3961 size-full\" srcset=\"https:\/\/holsljungacamping.se\/wp-content\/uploads\/2023\/11\/Dalslands-Aktiviteter_host_0256-Photo-Cred-Jonas--1024x683.jpg 1024w, https:\/\/holsljungacamping.se\/wp-content\/uploads\/2023\/11\/Dalslands-Aktiviteter_host_0256-Photo-Cred-Jonas--300x200.jpg 300w, https:\/\/holsljungacamping.se\/wp-content\/uploads\/2023\/11\/Dalslands-Aktiviteter_host_0256-Photo-Cred-Jonas--768x512.jpg 768w, https:\/\/holsljungacamping.se\/wp-content\/uploads\/2023\/11\/Dalslands-Aktiviteter_host_0256-Photo-Cred-Jonas--1536x1024.jpg 1536w, https:\/\/holsljungacamping.se\/wp-content\/uploads\/2023\/11\/Dalslands-Aktiviteter_host_0256-Photo-Cred-Jonas--2048x1365.jpg 2048w\" sizes=\"auto, (max-width: 1024px) 100vw, 1024px\" \/><\/figure><\/div>\n\n\n\n<div class=\"wp-block-media-text is-stacked-on-mobile has-link-color wp-elements-7128fe6f2299cfbbf31067b4a740ae09\"><figure class=\"wp-block-media-text__media\"><img loading=\"lazy\" decoding=\"async\" width=\"1024\" height=\"683\" src=\"https:\/\/holsljungacamping.se\/wp-content\/uploads\/2023\/11\/SWE_WEST-SWEDEN_00105-Photo-Cred-Laurence-Ogiela-1024x683.jpg\" alt=\"\" class=\"wp-image-4024 size-full\" srcset=\"https:\/\/holsljungacamping.se\/wp-content\/uploads\/2023\/11\/SWE_WEST-SWEDEN_00105-Photo-Cred-Laurence-Ogiela-1024x683.jpg 1024w, https:\/\/holsljungacamping.se\/wp-content\/uploads\/2023\/11\/SWE_WEST-SWEDEN_00105-Photo-Cred-Laurence-Ogiela-300x200.jpg 300w, https:\/\/holsljungacamping.se\/wp-content\/uploads\/2023\/11\/SWE_WEST-SWEDEN_00105-Photo-Cred-Laurence-Ogiela-768x512.jpg 768w, https:\/\/holsljungacamping.se\/wp-content\/uploads\/2023\/11\/SWE_WEST-SWEDEN_00105-Photo-Cred-Laurence-Ogiela-1536x1024.jpg 1536w, https:\/\/holsljungacamping.se\/wp-content\/uploads\/2023\/11\/SWE_WEST-SWEDEN_00105-Photo-Cred-Laurence-Ogiela-2048x1365.jpg 2048w\" sizes=\"auto, (max-width: 1024px) 100vw, 1024px\" \/><\/figure><div class=\"wp-block-media-text__content\">\n<p class=\"has-text-color has-large-font-size\" style=\"color:#75aa3d\">Svensk kano ferie<\/p>\n\n\n\n<p id=\"E177\">Canoe and kayak hire in and around Kalv.<br><a href=\"https:\/\/www.svenskkanoferie.dk\/\"><strong>Read more<\/strong><\/a><\/p>\n<\/div><\/div>\n\n\n\n<div class=\"wp-block-media-text has-media-on-the-right is-stacked-on-mobile has-link-color wp-elements-23f3ff15fafa5fbfee740e8251e84f2e\"><div class=\"wp-block-media-text__content\">\n<p class=\"has-text-color has-large-font-size\" style=\"color:#75aa3d\">Odenslundhs 4H g\u00e5rd<\/p>\n\n\n\n<p id=\"E177\">Experience life on a farm in the middle of Bor\u00e5s, where kids of all ages can get to see horses, sheep, goats, rabbits, chickens and cats.<br><a href=\"https:\/\/www.4h.se\/odenslund\/\"><strong>Read more<\/strong><\/a><\/p>\n<\/div><figure class=\"wp-block-media-text__media\"><img loading=\"lazy\" decoding=\"async\" width=\"450\" height=\"300\" src=\"https:\/\/holsljungacamping.se\/wp-content\/uploads\/2023\/11\/4h.jpg\" alt=\"\" class=\"wp-image-3936 size-full\" srcset=\"https:\/\/holsljungacamping.se\/wp-content\/uploads\/2023\/11\/4h.jpg 450w, https:\/\/holsljungacamping.se\/wp-content\/uploads\/2023\/11\/4h-300x200.jpg 300w\" sizes=\"auto, (max-width: 450px) 100vw, 450px\" \/><\/figure><\/div>\n\n\n\n<div class=\"wp-block-media-text is-stacked-on-mobile has-link-color wp-elements-ab05c48c1821c1cdc5df888a6e97dfaa\"><figure class=\"wp-block-media-text__media\"><img loading=\"lazy\" decoding=\"async\" width=\"880\" height=\"412\" src=\"https:\/\/holsljungacamping.se\/wp-content\/uploads\/2023\/11\/slottsparken.png\" alt=\"\" class=\"wp-image-3971 size-full\" srcset=\"https:\/\/holsljungacamping.se\/wp-content\/uploads\/2023\/11\/slottsparken.png 880w, https:\/\/holsljungacamping.se\/wp-content\/uploads\/2023\/11\/slottsparken-300x140.png 300w, https:\/\/holsljungacamping.se\/wp-content\/uploads\/2023\/11\/slottsparken-768x360.png 768w, https:\/\/holsljungacamping.se\/wp-content\/uploads\/2023\/11\/slottsparken-750x350.png 750w, https:\/\/holsljungacamping.se\/wp-content\/uploads\/2023\/11\/slottsparken-642x300.png 642w\" sizes=\"auto, (max-width: 880px) 100vw, 880px\" \/><\/figure><div class=\"wp-block-media-text__content\">\n<p class=\"has-text-color has-link-color has-large-font-size wp-elements-0d352cae35a9f4631a89730b5ffc12f2\" style=\"color:#75aa3d\">Slottsskogen<\/p>\n\n\n\n<p>Slottsskogen&#8217;s zoo in Gothenburg is one of the oldest in Sweden. It is open year-round and is free to visit.<br><a href=\"https:\/\/goteborg.se\/wps\/portal\/enhetssida\/slottsskogen\/vara-djur\/alg\"><strong>Read more<\/strong><\/a><\/p>\n<\/div><\/div>\n\n\n\n<div class=\"wp-block-media-text has-media-on-the-right is-stacked-on-mobile has-link-color wp-elements-f05d64ac1d3f14310fab20d7f846ed97\"><div class=\"wp-block-media-text__content\">\n<p class=\"has-text-color has-large-font-size\" style=\"color:#75aa3d\">M\u00e5rdaklev DiscGolfPark<\/p>\n\n\n\n<p id=\"E177\">An exciting golf course with many long holes. Challenge friends or family to a game of disc golf on this lovely 18 hole course.<br><a href=\"https:\/\/www.discgolfpark.com\/sv\/\"><strong>Read more<\/strong><\/a><\/p>\n<\/div><figure class=\"wp-block-media-text__media\"><img loading=\"lazy\" decoding=\"async\" width=\"1024\" height=\"576\" src=\"https:\/\/holsljungacamping.se\/wp-content\/uploads\/2023\/11\/discgolf-1024x576.jpeg\" alt=\"\" class=\"wp-image-3965 size-full\" srcset=\"https:\/\/holsljungacamping.se\/wp-content\/uploads\/2023\/11\/discgolf-1024x576.jpeg 1024w, https:\/\/holsljungacamping.se\/wp-content\/uploads\/2023\/11\/discgolf-300x169.jpeg 300w, https:\/\/holsljungacamping.se\/wp-content\/uploads\/2023\/11\/discgolf-768x432.jpeg 768w, https:\/\/holsljungacamping.se\/wp-content\/uploads\/2023\/11\/discgolf-1536x864.jpeg 1536w, https:\/\/holsljungacamping.se\/wp-content\/uploads\/2023\/11\/discgolf.jpeg 1920w\" sizes=\"auto, (max-width: 1024px) 100vw, 1024px\" \/><\/figure><\/div>\n\n\n\n<div class=\"wp-block-media-text is-stacked-on-mobile has-link-color wp-elements-d0ea598c97a12e17ca92e59a28411174\"><figure class=\"wp-block-media-text__media\"><img loading=\"lazy\" decoding=\"async\" width=\"1024\" height=\"682\" src=\"https:\/\/holsljungacamping.se\/wp-content\/uploads\/2023\/11\/bynanders-1024x682.jpg\" alt=\"\" class=\"wp-image-3977 size-full\" srcset=\"https:\/\/holsljungacamping.se\/wp-content\/uploads\/2023\/11\/bynanders-1024x682.jpg 1024w, https:\/\/holsljungacamping.se\/wp-content\/uploads\/2023\/11\/bynanders-300x200.jpg 300w, https:\/\/holsljungacamping.se\/wp-content\/uploads\/2023\/11\/bynanders-768x512.jpg 768w, https:\/\/holsljungacamping.se\/wp-content\/uploads\/2023\/11\/bynanders.jpg 1366w\" sizes=\"auto, (max-width: 1024px) 100vw, 1024px\" \/><\/figure><div class=\"wp-block-media-text__content\">\n<p class=\"has-text-color has-large-font-size\" style=\"color:#75aa3d\">Bynanders Motormuseum<\/p>\n\n\n\n<p id=\"E254\">Motor Museum with around 300 motorbikes, 100 cars, 15 lorries, wirelesses and objects from old country stores.<br><a href=\"https:\/\/www.bynandersmotormuseum.se\/\"><strong>Read more<\/strong><\/a><\/p>\n<\/div><\/div>\n\n\n\n<div class=\"wp-block-media-text has-media-on-the-right is-stacked-on-mobile has-link-color wp-elements-849f396a31c2347473c3338adff1bf2f\"><div class=\"wp-block-media-text__content\">\n<p class=\"has-text-color has-link-color has-large-font-size wp-elements-4fbe1e1e904a1fd9e0d10c8de139e4b8\" style=\"color:#75aa3d\">Prison Island G\u00f6teborg<\/p>\n\n\n\n<p>Escape Room with a Twist is a unique adventure center filled with action, speed, and excitement.<br><a href=\"https:\/\/prisonisland.nu\/en\/\"><strong>Read more<\/strong><\/a><\/p>\n<\/div><figure class=\"wp-block-media-text__media\"><img loading=\"lazy\" decoding=\"async\" width=\"732\" height=\"438\" src=\"https:\/\/holsljungacamping.se\/wp-content\/uploads\/2023\/11\/Screenshot-2023-11-27-14.52.27.png\" alt=\"\" class=\"wp-image-3980 size-full\" srcset=\"https:\/\/holsljungacamping.se\/wp-content\/uploads\/2023\/11\/Screenshot-2023-11-27-14.52.27.png 732w, https:\/\/holsljungacamping.se\/wp-content\/uploads\/2023\/11\/Screenshot-2023-11-27-14.52.27-300x180.png 300w\" sizes=\"auto, (max-width: 732px) 100vw, 732px\" \/><\/figure><\/div>\n\n\n\n<div class=\"wp-block-media-text is-stacked-on-mobile has-link-color wp-elements-60b0d6d8cb9f3de5687321f5cf2a2357\"><figure class=\"wp-block-media-text__media\"><img decoding=\"async\" src=\"https:\/\/holsljungacamping.se\/wp-content\/uploads\/2023\/11\/Cykla-dressin-Ambjornarp_30-Photo-Cred-Johan-Tor-1024x683.jpg\" alt=\"\" class=\"wp-image-4007 size-full\"\/><\/figure><div class=\"wp-block-media-text__content\">\n<p class=\"has-text-color has-link-color has-large-font-size wp-elements-19bc3a90d9292b44fe0012ed7e2ae3f3\" style=\"color:#75aa3d\">Rail Cycling  \u2013 Ambj\u00f6rnarp<\/p>\n\n\n\n<p>Rail cycling to Sj\u00f6tofta on the old railway line Landeryd-Falk\u00f6ping. Experience nature along the track with family and friends.&#8221;<br><a href=\"http:\/\/www.xn--ambjrnarp-37a.se\/se-gora-hos-oss\/dressin\/\"><strong>Read more<\/strong><\/a><\/p>\n<\/div><\/div>\n\n\n\n<div class=\"wp-block-media-text alignwide has-media-on-the-right is-stacked-on-mobile has-link-color wp-elements-d35d2cc2c50c1052520d0b66a869991a\"><div class=\"wp-block-media-text__content\">\n<p class=\"has-text-color has-large-font-size\" style=\"color:#75aa3d\">Motor Meetups in Holsljunga<\/p>\n\n\n\n<p>Sunday meetups for motor enthusiasts at Holsljunga Camping from 3:00 PM to 5:00 PM on even weeks.<br><a href=\"https:\/\/kimv.se\/wp\/\"><strong>Read more<\/strong><\/a><\/p>\n<\/div><figure class=\"wp-block-media-text__media\"><img decoding=\"async\" src=\"https:\/\/holsljungacamping.se\/wp-content\/uploads\/2024\/01\/kvm-front.jpg\" alt=\"\" class=\"wp-image-5156 size-full\"\/><\/figure><\/div>\n\n\n\n<div class=\"wp-block-media-text is-stacked-on-mobile has-link-color wp-elements-3052b6ae9acb62035f4da876361f996b\"><figure class=\"wp-block-media-text__media\"><img loading=\"lazy\" decoding=\"async\" width=\"1024\" height=\"582\" src=\"https:\/\/holsljungacamping.se\/wp-content\/uploads\/2024\/01\/Screenshot-2024-01-13-08.48.14-1024x582.png\" alt=\"\" class=\"wp-image-5314 size-full\" srcset=\"https:\/\/holsljungacamping.se\/wp-content\/uploads\/2024\/01\/Screenshot-2024-01-13-08.48.14-1024x582.png 1024w, https:\/\/holsljungacamping.se\/wp-content\/uploads\/2024\/01\/Screenshot-2024-01-13-08.48.14-300x170.png 300w, https:\/\/holsljungacamping.se\/wp-content\/uploads\/2024\/01\/Screenshot-2024-01-13-08.48.14.png 1274w\" sizes=\"auto, (max-width: 1024px) 100vw, 1024px\" \/><\/figure><div class=\"wp-block-media-text__content\">\n<p class=\"has-text-color has-large-font-size\" style=\"color:#75aa3d\">Liseberg<\/p>\n\n\n\n<p>Experience a summer day full of thrilling rides in Liseberg Park&#8217;s attractions<br><a href=\"https:\/\/www.liseberg.se\/en\"><strong>Read More<\/strong><\/a><\/p>\n<\/div><\/div>\n\n\n\n<div class=\"wp-block-media-text has-media-on-the-right is-stacked-on-mobile has-link-color wp-elements-4511051171b76298f5a70ab6b356e722\"><div class=\"wp-block-media-text__content\">\n<p class=\"has-text-color has-large-font-size\" style=\"color:#75aa3d\">Universeum<\/p>\n\n\n\n<p>Shark spotting, dinosaur mysteries, chemistry experiments, and galaxy journeys. We&#8217;ve filled the house with lots of fun and puzzling activities for everyone.&nbsp;<br><a href=\"https:\/\/www.universeum.se\/en\"><strong>Read More<\/strong><\/a><\/p>\n<\/div><figure class=\"wp-block-media-text__media\"><img loading=\"lazy\" decoding=\"async\" width=\"1024\" height=\"582\" src=\"https:\/\/holsljungacamping.se\/wp-content\/uploads\/2024\/01\/Screenshot-2024-01-13-08.55.30-1024x582.png\" alt=\"\" class=\"wp-image-5319 size-full\" srcset=\"https:\/\/holsljungacamping.se\/wp-content\/uploads\/2024\/01\/Screenshot-2024-01-13-08.55.30-1024x582.png 1024w, https:\/\/holsljungacamping.se\/wp-content\/uploads\/2024\/01\/Screenshot-2024-01-13-08.55.30-300x170.png 300w, https:\/\/holsljungacamping.se\/wp-content\/uploads\/2024\/01\/Screenshot-2024-01-13-08.55.30.png 1274w\" sizes=\"auto, (max-width: 1024px) 100vw, 1024px\" \/><\/figure><\/div>\n\n\n\n<div class=\"wp-block-media-text is-stacked-on-mobile has-link-color wp-elements-303670deeab74f0f90e3aca7329e61e9\"><figure class=\"wp-block-media-text__media\"><img loading=\"lazy\" decoding=\"async\" width=\"1024\" height=\"581\" src=\"https:\/\/holsljungacamping.se\/wp-content\/uploads\/2024\/01\/Screenshot-2024-01-13-09.00.46-1024x581.png\" alt=\"\" class=\"wp-image-5324 size-full\" srcset=\"https:\/\/holsljungacamping.se\/wp-content\/uploads\/2024\/01\/Screenshot-2024-01-13-09.00.46-1024x581.png 1024w, https:\/\/holsljungacamping.se\/wp-content\/uploads\/2024\/01\/Screenshot-2024-01-13-09.00.46-300x170.png 300w, https:\/\/holsljungacamping.se\/wp-content\/uploads\/2024\/01\/Screenshot-2024-01-13-09.00.46.png 1087w\" sizes=\"auto, (max-width: 1024px) 100vw, 1024px\" \/><\/figure><div class=\"wp-block-media-text__content\">\n<p class=\"has-text-color has-large-font-size\" style=\"color:#75aa3d\">Bor\u00e5s Zoo<\/p>\n\n\n\n<p>In Bor\u00e5s Zoo there are about 300 animals.<br><a href=\"https:\/\/www.borasdjurpark.se\/\"><strong>Read More<\/strong><\/a><\/p>\n<\/div><\/div>\n\n\n\n<div class=\"wp-block-media-text alignwide is-stacked-on-mobile has-link-color wp-elements-b0ae2d643f9d54d41ed4c44cb9ce0444\"><figure class=\"wp-block-media-text__media\"><img loading=\"lazy\" decoding=\"async\" width=\"1024\" height=\"603\" src=\"https:\/\/holsljungacamping.se\/wp-content\/uploads\/2020\/12\/kinds_golf-1024x603.jpg\" alt=\"\" class=\"wp-image-1491 size-full\" srcset=\"https:\/\/holsljungacamping.se\/wp-content\/uploads\/2020\/12\/kinds_golf-1024x603.jpg 1024w, https:\/\/holsljungacamping.se\/wp-content\/uploads\/2020\/12\/kinds_golf-300x177.jpg 300w, https:\/\/holsljungacamping.se\/wp-content\/uploads\/2020\/12\/kinds_golf-768x452.jpg 768w, https:\/\/holsljungacamping.se\/wp-content\/uploads\/2020\/12\/kinds_golf.jpg 1200w\" sizes=\"auto, (max-width: 1024px) 100vw, 1024px\" \/><\/figure><div class=\"wp-block-media-text__content\">\n<p class=\"has-text-color has-large-font-size\" style=\"color:#75aa3d\">Golf<\/p>\n\n\n\n<p>The nearest golf club is <a href=\"http:\/\/www.kindsgk.se\/\">Kinds Golfklubb<\/a> approximately 20 km away.<\/p>\n<\/div><\/div>\n\n\n\n<div class=\"wp-block-media-text alignwide has-media-on-the-right is-stacked-on-mobile has-link-color wp-elements-7829e5834f1acf6986b9b1c0bfcdf90a\"><div class=\"wp-block-media-text__content\">\n<p class=\"has-text-color has-large-font-size\" style=\"color:#75aa3d\">InfoPoint<\/p>\n\n\n\n<p>In reception you\u2019ll find brochures about tourist destinations, hiking, fishing, cycling trails, flea markets and more, as well as tips about other places to visit.<\/p>\n\n\n\n<p>Regional tourist information &#8211; <a href=\"http:\/\/www.vastsverige.com\/svenljunga-tranemo\/\"><strong>Read more<\/strong><\/a><\/p>\n\n\n\n<p>You can also have a look at <a is=\"qowt-hyperlink\" href=\"https:\/\/trivselbygden.se\/en\/\" target=\"_blank\" rel=\"noreferrer noopener\"><strong>Trivselbygden<\/strong><\/a>.<\/p>\n<\/div><figure class=\"wp-block-media-text__media\"><img decoding=\"async\" src=\"https:\/\/holsljungacamping.se\/wp-content\/uploads\/2024\/01\/Ortagarden-4-Photo-Cred-Kajsa-Kax.jpg\" alt=\"\" class=\"wp-image-5348 size-medium\"\/><\/figure><\/div>\n","protected":false},"excerpt":{"rendered":"<p>Cycling You can cycle the \u201cback way\u201d from Holsljunga to Svenljunga, past Revesj\u00f6. That stretch is mostly along gravelled roads in lovely natural surroundings.Cycle along the Kindsbanan in Sjuh\u00e4rad, parts of which go between Svenljunga and Bor\u00e5s \u2013 Read more Cykla och vandra i Sjuh\u00e4rad (Cycle and hike in Sjuh\u00e4rad) on Facebook and their website. &hellip; <\/p>\n<p class=\"link-more\"><a href=\"https:\/\/holsljungacamping.se\/en\/dagsutflykteraffarer\/\" class=\"more-link\">Read more<span class=\"screen-reader-text\"> &#8220;See &#038; Do&#8221;<\/span><\/a><\/p>\n","protected":false},"author":1,"featured_media":4354,"parent":0,"menu_order":0,"comment_status":"closed","ping_status":"closed","template":"","meta":{"inspiro_hide_title":false,"footnotes":""},"class_list":["post-31","page","type-page","status-publish","has-post-thumbnail","hentry"],"translation":{"provider":"WPGlobus","version":"3.0.2","language":"en","enabled_languages":["sv","en","nl","de"],"languages":{"sv":{"title":true,"content":true,"excerpt":false},"en":{"title":true,"content":true,"excerpt":false},"nl":{"title":true,"content":true,"excerpt":false},"de":{"title":true,"content":true,"excerpt":false}}},"_links":{"self":[{"href":"https:\/\/holsljungacamping.se\/en\/wp-json\/wp\/v2\/pages\/31","targetHints":{"allow":["GET"]}}],"collection":[{"href":"https:\/\/holsljungacamping.se\/en\/wp-json\/wp\/v2\/pages"}],"about":[{"href":"https:\/\/holsljungacamping.se\/en\/wp-json\/wp\/v2\/types\/page"}],"author":[{"embeddable":true,"href":"https:\/\/holsljungacamping.se\/en\/wp-json\/wp\/v2\/users\/1"}],"replies":[{"embeddable":true,"href":"https:\/\/holsljungacamping.se\/en\/wp-json\/wp\/v2\/comments?post=31"}],"version-history":[{"count":359,"href":"https:\/\/holsljungacamping.se\/en\/wp-json\/wp\/v2\/pages\/31\/revisions"}],"predecessor-version":[{"id":8231,"href":"https:\/\/holsljungacamping.se\/en\/wp-json\/wp\/v2\/pages\/31\/revisions\/8231"}],"wp:featuredmedia":[{"embeddable":true,"href":"https:\/\/holsljungacamping.se\/en\/wp-json\/wp\/v2\/media\/4354"}],"wp:attachment":[{"href":"https:\/\/holsljungacamping.se\/en\/wp-json\/wp\/v2\/media?parent=31"}],"curies":[{"name":"wp","href":"https:\/\/api.w.org\/{rel}","templated":true}]}}