{"id":31,"date":"2015-03-05T22:57:18","date_gmt":"2015-03-05T21:57:18","guid":{"rendered":"http:\/\/holsljungacamping.se\/?page_id=31"},"modified":"2026-01-29T17:42:52","modified_gmt":"2026-01-29T15:42:52","slug":"dagsutflykteraffarer","status":"publish","type":"page","link":"https:\/\/holsljungacamping.se\/nl\/dagsutflykteraffarer\/","title":{"rendered":"Zien &amp; Doen"},"content":{"rendered":"\n<div class=\"wp-block-media-text alignwide is-stacked-on-mobile has-link-color wp-elements-025baed59485308c68528be995a600bd\"><figure class=\"wp-block-media-text__media\"><img loading=\"lazy\" decoding=\"async\" width=\"1000\" height=\"667\" src=\"https:\/\/holsljungacamping.se\/wp-content\/uploads\/2020\/12\/cykla.jpg\" alt=\"\" class=\"wp-image-1469 size-full\" srcset=\"https:\/\/holsljungacamping.se\/wp-content\/uploads\/2020\/12\/cykla.jpg 1000w, https:\/\/holsljungacamping.se\/wp-content\/uploads\/2020\/12\/cykla-300x200.jpg 300w, https:\/\/holsljungacamping.se\/wp-content\/uploads\/2020\/12\/cykla-768x512.jpg 768w\" sizes=\"auto, (max-width: 1000px) 100vw, 1000px\" \/><\/figure><div class=\"wp-block-media-text__content\">\n<p class=\"has-text-color has-large-font-size\" style=\"color:#75aa3d\">Fietsen<\/p>\n\n\n\n<p>Voor fietsers zijn er verschillende fietsroutes:<br>Van Holsjunga naar Svenljunga, de route passeert het meer Revesj\u00f6<br>Dit is een route grotendeels op gravel in een mooie natuur.<br>Fietsroute \u201dKindsbanan\u201d in Sjuh\u00e4rad. Onder andere tussen Svenljunga en Bor\u00e5s. Meer informatie <a href=\"http:\/\/cykelledensjuharadsrundan.se\/ledens-etapper\/\"><strong>HIER<\/strong><\/a><br>Fietsen en wandelen in Sjuh\u00e4rad, kijk op facebook en de <a href=\"http:\/\/www.vastsverige.com\/ulricehamn\/cykla--vandra-i-sjuharad\"><strong>website<\/strong><\/a><br>Fietsroute <strong><a href=\"https:\/\/www.vastsverige.com\/svenljunga-tranemo\/leder\/holsljungaturen\/\">Holsjungaturen<\/a><\/strong> een 50km lange route<\/p>\n\n\n\n<p><\/p>\n<\/div><\/div>\n\n\n\n<div class=\"wp-block-media-text alignwide has-media-on-the-right is-stacked-on-mobile has-link-color wp-elements-15000be5f6c7a59499c30db4572ecf3d\"><div class=\"wp-block-media-text__content\">\n<p class=\"has-text-color has-large-font-size\" style=\"color:#75aa3d\">Buiten in de natuur<\/p>\n\n\n\n<p>Onze bossen zijn rijk aan bessen en paddenstoelen. Het bos ligt direct voor de deur. Lingonbessen, bosbessen, cantharellen, eekhoorntjesbrood, trechterzwammen en andere eetbare paddenstoelen zijn voorbeelden van wat je kunt vinden. Neem een paar heerlijke dagen met vrienden en familie. Trek je laarzen aan en ga op pad in ons prachtige boslandschap<\/p>\n<\/div><figure class=\"wp-block-media-text__media\"><img loading=\"lazy\" decoding=\"async\" width=\"1024\" height=\"683\" src=\"https:\/\/holsljungacamping.se\/wp-content\/uploads\/2021\/02\/plocka-svamp-shutterstock-1024x683.jpg\" alt=\"\" class=\"wp-image-1837 size-full\" srcset=\"https:\/\/holsljungacamping.se\/wp-content\/uploads\/2021\/02\/plocka-svamp-shutterstock-1024x683.jpg 1024w, https:\/\/holsljungacamping.se\/wp-content\/uploads\/2021\/02\/plocka-svamp-shutterstock-300x200.jpg 300w, https:\/\/holsljungacamping.se\/wp-content\/uploads\/2021\/02\/plocka-svamp-shutterstock-768x512.jpg 768w, https:\/\/holsljungacamping.se\/wp-content\/uploads\/2021\/02\/plocka-svamp-shutterstock.jpg 1050w\" sizes=\"auto, (max-width: 1024px) 100vw, 1024px\" \/><\/figure><\/div>\n\n\n\n<div class=\"wp-block-media-text alignwide is-stacked-on-mobile has-link-color wp-elements-22b052d133117767f5e00b97fc59f56c\"><figure class=\"wp-block-media-text__media\"><img loading=\"lazy\" decoding=\"async\" width=\"1024\" height=\"665\" src=\"https:\/\/holsljungacamping.se\/wp-content\/uploads\/2023\/11\/Screenshot-2023-11-25-13.52.51-1024x665.png\" alt=\"\" class=\"wp-image-3761 size-full\" srcset=\"https:\/\/holsljungacamping.se\/wp-content\/uploads\/2023\/11\/Screenshot-2023-11-25-13.52.51-1024x665.png 1024w, https:\/\/holsljungacamping.se\/wp-content\/uploads\/2023\/11\/Screenshot-2023-11-25-13.52.51-300x195.png 300w, https:\/\/holsljungacamping.se\/wp-content\/uploads\/2023\/11\/Screenshot-2023-11-25-13.52.51-768x499.png 768w, https:\/\/holsljungacamping.se\/wp-content\/uploads\/2023\/11\/Screenshot-2023-11-25-13.52.51.png 1102w\" sizes=\"auto, (max-width: 1024px) 100vw, 1024px\" \/><\/figure><div class=\"wp-block-media-text__content\">\n<p class=\"has-text-color has-large-font-size\" style=\"color:#75aa3d\">Gr\u00e4ne gruva<\/p>\n\n\n\n<p>De mijn Grane Gruva ligt op 7km van de camping. Hier vind u mooie natuur, historie en mooie wandelpaden met rust- en grillplaatsen<br><a href=\"https:\/\/www.granegruva.se\/\"><strong>Lees verden<\/strong><\/a><\/p>\n<\/div><\/div>\n\n\n\n<div class=\"wp-block-media-text has-media-on-the-right is-stacked-on-mobile has-link-color wp-elements-debbaeb368e9226bee8a660820b9dc10\"><div class=\"wp-block-media-text__content\">\n<p class=\"has-text-color has-large-font-size\" style=\"color:#75aa3d\">Buaskogen<\/p>\n\n\n\n<p>Klimpark voor wilde kinderen en volwassenen, gelegen in Olsfors<br><a href=\"https:\/\/buaskogen.se\/\"><strong>Lees verden<\/strong><\/a><\/p>\n<\/div><figure class=\"wp-block-media-text__media\"><img loading=\"lazy\" decoding=\"async\" width=\"600\" height=\"400\" src=\"https:\/\/holsljungacamping.se\/wp-content\/uploads\/2023\/11\/buaskogen.jpg\" alt=\"\" class=\"wp-image-3941 size-full\" srcset=\"https:\/\/holsljungacamping.se\/wp-content\/uploads\/2023\/11\/buaskogen.jpg 600w, https:\/\/holsljungacamping.se\/wp-content\/uploads\/2023\/11\/buaskogen-300x200.jpg 300w\" sizes=\"auto, (max-width: 600px) 100vw, 600px\" \/><\/figure><\/div>\n\n\n\n<div class=\"wp-block-media-text is-stacked-on-mobile has-link-color wp-elements-4e7c8d0edf4edc36516c9b5054ad3fc8\"><figure class=\"wp-block-media-text__media\"><img loading=\"lazy\" decoding=\"async\" width=\"1024\" height=\"683\" src=\"https:\/\/holsljungacamping.se\/wp-content\/uploads\/2023\/11\/Dalslands-Aktiviteter_host_0256-Photo-Cred-Jonas--1024x683.jpg\" alt=\"\" class=\"wp-image-3961 size-full\" srcset=\"https:\/\/holsljungacamping.se\/wp-content\/uploads\/2023\/11\/Dalslands-Aktiviteter_host_0256-Photo-Cred-Jonas--1024x683.jpg 1024w, https:\/\/holsljungacamping.se\/wp-content\/uploads\/2023\/11\/Dalslands-Aktiviteter_host_0256-Photo-Cred-Jonas--300x200.jpg 300w, https:\/\/holsljungacamping.se\/wp-content\/uploads\/2023\/11\/Dalslands-Aktiviteter_host_0256-Photo-Cred-Jonas--768x512.jpg 768w, https:\/\/holsljungacamping.se\/wp-content\/uploads\/2023\/11\/Dalslands-Aktiviteter_host_0256-Photo-Cred-Jonas--1536x1024.jpg 1536w, https:\/\/holsljungacamping.se\/wp-content\/uploads\/2023\/11\/Dalslands-Aktiviteter_host_0256-Photo-Cred-Jonas--2048x1365.jpg 2048w\" sizes=\"auto, (max-width: 1024px) 100vw, 1024px\" \/><\/figure><div class=\"wp-block-media-text__content\">\n<p class=\"has-text-color has-large-font-size\" style=\"color:#75aa3d\">H\u00f6gvads kanot<\/p>\n\n\n\n<p>In \u00c4lvsered kun je kano\u00ebn in de gezellige (H\u00f6gvads\u00e5n). Hier kun je een kano of kajak huren.<br><a href=\"https:\/\/www.hogvadskanot.se\/\"><strong>Lees verden<\/strong><\/a><\/p>\n<\/div><\/div>\n\n\n\n<div class=\"wp-block-media-text has-media-on-the-right is-stacked-on-mobile has-link-color wp-elements-8fe8006b09827e2aa3bef1eac40ef504\"><div class=\"wp-block-media-text__content\">\n<p class=\"has-text-color has-large-font-size\" style=\"color:#75aa3d\">Svensk kano ferie<\/p>\n\n\n\n<p>Kano- en kajakverhuur in Kalv en omgeving.<br><strong><a href=\"https:\/\/www.svenskkanoferie.dk\/\">Lees verden<\/a><\/strong><\/p>\n<\/div><figure class=\"wp-block-media-text__media\"><img loading=\"lazy\" decoding=\"async\" width=\"1024\" height=\"683\" src=\"https:\/\/holsljungacamping.se\/wp-content\/uploads\/2023\/11\/SWE_WEST-SWEDEN_00105-Photo-Cred-Laurence-Ogiela-1024x683.jpg\" alt=\"\" class=\"wp-image-4024 size-full\" srcset=\"https:\/\/holsljungacamping.se\/wp-content\/uploads\/2023\/11\/SWE_WEST-SWEDEN_00105-Photo-Cred-Laurence-Ogiela-1024x683.jpg 1024w, https:\/\/holsljungacamping.se\/wp-content\/uploads\/2023\/11\/SWE_WEST-SWEDEN_00105-Photo-Cred-Laurence-Ogiela-300x200.jpg 300w, https:\/\/holsljungacamping.se\/wp-content\/uploads\/2023\/11\/SWE_WEST-SWEDEN_00105-Photo-Cred-Laurence-Ogiela-768x512.jpg 768w, https:\/\/holsljungacamping.se\/wp-content\/uploads\/2023\/11\/SWE_WEST-SWEDEN_00105-Photo-Cred-Laurence-Ogiela-1536x1024.jpg 1536w, https:\/\/holsljungacamping.se\/wp-content\/uploads\/2023\/11\/SWE_WEST-SWEDEN_00105-Photo-Cred-Laurence-Ogiela-2048x1365.jpg 2048w\" sizes=\"auto, (max-width: 1024px) 100vw, 1024px\" \/><\/figure><\/div>\n\n\n\n<div class=\"wp-block-media-text is-stacked-on-mobile has-link-color wp-elements-5e26e1ab22f5da20c201f764a9a4b2b1\"><figure class=\"wp-block-media-text__media\"><img loading=\"lazy\" decoding=\"async\" width=\"450\" height=\"300\" src=\"https:\/\/holsljungacamping.se\/wp-content\/uploads\/2023\/11\/4h.jpg\" alt=\"\" class=\"wp-image-3936 size-full\" srcset=\"https:\/\/holsljungacamping.se\/wp-content\/uploads\/2023\/11\/4h.jpg 450w, https:\/\/holsljungacamping.se\/wp-content\/uploads\/2023\/11\/4h-300x200.jpg 300w\" sizes=\"auto, (max-width: 450px) 100vw, 450px\" \/><\/figure><div class=\"wp-block-media-text__content\">\n<p class=\"has-text-color has-large-font-size\" style=\"color:#75aa3d\">Odenslunds 4H-g\u00e5rd<\/p>\n\n\n\n<p>Ervaar het leven op een boerderij midden in (Bor\u00e5s). Hier kunnen kinderen en jongeren paarden, schapen, geiten, konijnen, kippen en katten ervaren.<br><strong><a href=\"https:\/\/www.4h.se\/odenslund\/\">Lees verden<\/a><\/strong><\/p>\n<\/div><\/div>\n\n\n\n<div class=\"wp-block-media-text has-media-on-the-right is-stacked-on-mobile has-link-color wp-elements-84fae4a7008bfecbde1cd3d0358437cc\"><div class=\"wp-block-media-text__content\">\n<p class=\"has-text-color has-large-font-size\" style=\"color:#75aa3d\">Slottsskogen<\/p>\n\n\n\n<p><br>Dierenpark Slottsskogen in G\u00f6teborg is een van de oudste dierentuinen in Zweden. Het is het hele jaar door geopend en gratis te bezoeken.<br><strong><a href=\"https:\/\/goteborg.se\/wps\/portal\/enhetssida\/slottsskogen\/vara-djur\/alg\">Lees verden<\/a><\/strong><\/p>\n<\/div><figure class=\"wp-block-media-text__media\"><img loading=\"lazy\" decoding=\"async\" width=\"880\" height=\"412\" src=\"https:\/\/holsljungacamping.se\/wp-content\/uploads\/2023\/11\/slottsparken.png\" alt=\"\" class=\"wp-image-3971 size-full\" srcset=\"https:\/\/holsljungacamping.se\/wp-content\/uploads\/2023\/11\/slottsparken.png 880w, https:\/\/holsljungacamping.se\/wp-content\/uploads\/2023\/11\/slottsparken-300x140.png 300w, https:\/\/holsljungacamping.se\/wp-content\/uploads\/2023\/11\/slottsparken-768x360.png 768w, https:\/\/holsljungacamping.se\/wp-content\/uploads\/2023\/11\/slottsparken-750x350.png 750w, https:\/\/holsljungacamping.se\/wp-content\/uploads\/2023\/11\/slottsparken-642x300.png 642w\" sizes=\"auto, (max-width: 880px) 100vw, 880px\" \/><\/figure><\/div>\n\n\n\n<div class=\"wp-block-media-text is-stacked-on-mobile has-link-color wp-elements-6353cc8c7cebb9f37a0d2c917a825786\"><figure class=\"wp-block-media-text__media\"><img loading=\"lazy\" decoding=\"async\" width=\"1024\" height=\"576\" src=\"https:\/\/holsljungacamping.se\/wp-content\/uploads\/2023\/11\/discgolf-1024x576.jpeg\" alt=\"\" class=\"wp-image-3965 size-full\" srcset=\"https:\/\/holsljungacamping.se\/wp-content\/uploads\/2023\/11\/discgolf-1024x576.jpeg 1024w, https:\/\/holsljungacamping.se\/wp-content\/uploads\/2023\/11\/discgolf-300x169.jpeg 300w, https:\/\/holsljungacamping.se\/wp-content\/uploads\/2023\/11\/discgolf-768x432.jpeg 768w, https:\/\/holsljungacamping.se\/wp-content\/uploads\/2023\/11\/discgolf-1536x864.jpeg 1536w, https:\/\/holsljungacamping.se\/wp-content\/uploads\/2023\/11\/discgolf.jpeg 1920w\" sizes=\"auto, (max-width: 1024px) 100vw, 1024px\" \/><\/figure><div class=\"wp-block-media-text__content\">\n<p class=\"has-text-color has-large-font-size\" style=\"color:#75aa3d\">M\u00e5rdaklev DiscGolfPark<\/p>\n\n\n\n<p>Uitdagende banen met lange holes. Een mooie baan met 18 holes, daag vrienden of familie uit voor discgolf.<br><strong><a href=\"https:\/\/www.discgolfpark.com\/\">Lees verden<\/a><\/strong><\/p>\n<\/div><\/div>\n\n\n\n<div class=\"wp-block-media-text has-media-on-the-right is-stacked-on-mobile has-link-color wp-elements-e785f7e8342543ef01fb5c9c66a7a98f\"><div class=\"wp-block-media-text__content\">\n<p class=\"has-text-color has-large-font-size\" style=\"color:#75aa3d\">Bynanders Motormuseum<\/p>\n\n\n\n<p>Motormuseum met ongeveer 300 motorfietsen, 100 auto&#8217;s, 15 vrachtwagens, radio&#8217;s en een collectie van een oude plattelandswinkel.<br><strong><a href=\"https:\/\/www.bynandersmotormuseum.se\/\">Lees verden<\/a><\/strong><\/p>\n<\/div><figure class=\"wp-block-media-text__media\"><img loading=\"lazy\" decoding=\"async\" width=\"1024\" height=\"682\" src=\"https:\/\/holsljungacamping.se\/wp-content\/uploads\/2023\/11\/bynanders-1024x682.jpg\" alt=\"\" class=\"wp-image-3977 size-full\" srcset=\"https:\/\/holsljungacamping.se\/wp-content\/uploads\/2023\/11\/bynanders-1024x682.jpg 1024w, https:\/\/holsljungacamping.se\/wp-content\/uploads\/2023\/11\/bynanders-300x200.jpg 300w, https:\/\/holsljungacamping.se\/wp-content\/uploads\/2023\/11\/bynanders-768x512.jpg 768w, https:\/\/holsljungacamping.se\/wp-content\/uploads\/2023\/11\/bynanders.jpg 1366w\" sizes=\"auto, (max-width: 1024px) 100vw, 1024px\" \/><\/figure><\/div>\n\n\n\n<div class=\"wp-block-media-text is-stacked-on-mobile has-link-color wp-elements-fa3e050681e8001c7809ee05d5914a2d\"><figure class=\"wp-block-media-text__media\"><img loading=\"lazy\" decoding=\"async\" width=\"732\" height=\"438\" src=\"https:\/\/holsljungacamping.se\/wp-content\/uploads\/2023\/11\/Screenshot-2023-11-27-14.52.27.png\" alt=\"\" class=\"wp-image-3980 size-full\" srcset=\"https:\/\/holsljungacamping.se\/wp-content\/uploads\/2023\/11\/Screenshot-2023-11-27-14.52.27.png 732w, https:\/\/holsljungacamping.se\/wp-content\/uploads\/2023\/11\/Screenshot-2023-11-27-14.52.27-300x180.png 300w\" sizes=\"auto, (max-width: 732px) 100vw, 732px\" \/><\/figure><div class=\"wp-block-media-text__content\">\n<p class=\"has-text-color has-large-font-size\" style=\"color:#75aa3d\">Prison Island G\u00f6teborg<\/p>\n\n\n\n<p>Escape room met een twist is een uniek avonturencentrum met activiteit, snelheid en beleving.<br><strong><a href=\"https:\/\/prisonisland.nu\/\">Lees verden<\/a><\/strong><\/p>\n<\/div><\/div>\n\n\n\n<div class=\"wp-block-media-text has-media-on-the-right is-stacked-on-mobile has-link-color wp-elements-fdeac16dfeb15237c01896817ff56a56\"><div class=\"wp-block-media-text__content\">\n<p class=\"has-text-color has-large-font-size\" style=\"color:#75aa3d\">Fietsen op de Draisine &#8211; Ambj\u00f6rnarp<\/p>\n\n\n\n<p>Draisinefietsen naar Sj\u00f6tofta op de oude spoorlijn Landeryd-Falk\u00f6ping. Ervaar de natuur langs het spoor samen met familie en vrienden.<br><strong><a href=\"http:\/\/www.ambj\u00f6rnarp.se\/se-gora-hos-oss\/dressin\/\">Lees verden<\/a><\/strong><\/p>\n<\/div><figure class=\"wp-block-media-text__media\"><img decoding=\"async\" src=\"https:\/\/holsljungacamping.se\/wp-content\/uploads\/2023\/11\/Cykla-dressin-Ambjornarp_30-Photo-Cred-Johan-Tor-1024x683.jpg\" alt=\"\" class=\"wp-image-4007 size-full\"\/><\/figure><\/div>\n\n\n\n<div class=\"wp-block-media-text is-stacked-on-mobile has-link-color wp-elements-5d6fe5516e0ddf552188b037df1458e7\"><figure class=\"wp-block-media-text__media\"><img decoding=\"async\" src=\"https:\/\/holsljungacamping.se\/wp-content\/uploads\/2024\/01\/kvm-front.jpg\" alt=\"\" class=\"wp-image-5156 size-full\"\/><\/figure><div class=\"wp-block-media-text__content\">\n<p class=\"has-text-color has-large-font-size\" style=\"color:#75aa3d\">Motortreffen in Holsljunga<\/p>\n\n\n\n<p>Zondagbijeenkomsten voor enthousiastelingen op Holsljunga camping van 15.00 tot 17.00 uur op even weken van week 18 tot week 36.<br><strong><a href=\"https:\/\/www.facebook.com\/groups\/185067998233340\/\">Lees verden<\/a><\/strong><\/p>\n<\/div><\/div>\n\n\n\n<div class=\"wp-block-media-text has-media-on-the-right is-stacked-on-mobile has-link-color wp-elements-05ba11071d982d25e88528565839742e\"><div class=\"wp-block-media-text__content\">\n<p class=\"has-text-color has-large-font-size\" style=\"color:#75aa3d\">Liseberg<\/p>\n\n\n\n<p>Welkom in een wereld van ervaringen in G\u00f6teborg.<br><strong><a href=\"https:\/\/www.liseberg.se\/\">Lees verden<\/a><\/strong><\/p>\n<\/div><figure class=\"wp-block-media-text__media\"><img loading=\"lazy\" decoding=\"async\" width=\"1024\" height=\"582\" src=\"https:\/\/holsljungacamping.se\/wp-content\/uploads\/2024\/01\/Screenshot-2024-01-13-08.48.14-1024x582.png\" alt=\"\" class=\"wp-image-5314 size-full\" srcset=\"https:\/\/holsljungacamping.se\/wp-content\/uploads\/2024\/01\/Screenshot-2024-01-13-08.48.14-1024x582.png 1024w, https:\/\/holsljungacamping.se\/wp-content\/uploads\/2024\/01\/Screenshot-2024-01-13-08.48.14-300x170.png 300w, https:\/\/holsljungacamping.se\/wp-content\/uploads\/2024\/01\/Screenshot-2024-01-13-08.48.14.png 1274w\" sizes=\"auto, (max-width: 1024px) 100vw, 1024px\" \/><\/figure><\/div>\n\n\n\n<div class=\"wp-block-media-text is-stacked-on-mobile has-link-color wp-elements-b60f4056754f47ea2c9c79d1f230988c\"><figure class=\"wp-block-media-text__media\"><img loading=\"lazy\" decoding=\"async\" width=\"1024\" height=\"582\" src=\"https:\/\/holsljungacamping.se\/wp-content\/uploads\/2024\/01\/Screenshot-2024-01-13-08.55.30-1024x582.png\" alt=\"\" class=\"wp-image-5319 size-full\" srcset=\"https:\/\/holsljungacamping.se\/wp-content\/uploads\/2024\/01\/Screenshot-2024-01-13-08.55.30-1024x582.png 1024w, https:\/\/holsljungacamping.se\/wp-content\/uploads\/2024\/01\/Screenshot-2024-01-13-08.55.30-300x170.png 300w, https:\/\/holsljungacamping.se\/wp-content\/uploads\/2024\/01\/Screenshot-2024-01-13-08.55.30.png 1274w\" sizes=\"auto, (max-width: 1024px) 100vw, 1024px\" \/><\/figure><div class=\"wp-block-media-text__content\">\n<p class=\"has-text-color has-large-font-size\" style=\"color:#75aa3d\">Universeum<\/p>\n\n\n\n<p>Universeum is een wetenschapscentrum in G\u00f6teborg.<br><strong><a href=\"https:\/\/www.universeum.se\/\">Lees verden<\/a><\/strong><\/p>\n<\/div><\/div>\n\n\n\n<div class=\"wp-block-media-text has-media-on-the-right is-stacked-on-mobile has-link-color wp-elements-cc87132eb80370005fb2b2cd8110b217\"><div class=\"wp-block-media-text__content\">\n<p class=\"has-text-color has-large-font-size\" style=\"color:#75aa3d\">Bor\u00e5s djurpark<\/p>\n\n\n\n<p>In Bor\u00e5s Djurpark zijn ongeveer 300 dieren te vinden die 42 verschillende soorten vertegenwoordigen.<br><strong><a href=\"https:\/\/www.borasdjurpark.se\/\">Lees verden<\/a><\/strong><\/p>\n<\/div><figure class=\"wp-block-media-text__media\"><img loading=\"lazy\" decoding=\"async\" width=\"1024\" height=\"536\" src=\"https:\/\/holsljungacamping.se\/wp-content\/uploads\/2024\/01\/Screenshot-2024-01-13-08.59.27-1024x536.png\" alt=\"\" class=\"wp-image-5322 size-full\" srcset=\"https:\/\/holsljungacamping.se\/wp-content\/uploads\/2024\/01\/Screenshot-2024-01-13-08.59.27-1024x536.png 1024w, https:\/\/holsljungacamping.se\/wp-content\/uploads\/2024\/01\/Screenshot-2024-01-13-08.59.27-300x157.png 300w, https:\/\/holsljungacamping.se\/wp-content\/uploads\/2024\/01\/Screenshot-2024-01-13-08.59.27.png 1089w\" sizes=\"auto, (max-width: 1024px) 100vw, 1024px\" \/><\/figure><\/div>\n\n\n\n<div class=\"wp-block-media-text alignwide is-stacked-on-mobile has-link-color wp-elements-6710dac3a4a32f0be5b0fcce89d6b136\" style=\"grid-template-columns:51% auto\"><figure class=\"wp-block-media-text__media\"><img decoding=\"async\" src=\"https:\/\/holsljungacamping.se\/wp-content\/uploads\/2024\/01\/Ortagarden-4-Photo-Cred-Kajsa-Kax.jpg\" alt=\"\" class=\"wp-image-5348 size-full\"\/><\/figure><div class=\"wp-block-media-text__content\">\n<p class=\"has-text-color has-large-font-size\" style=\"color:#75aa3d\">InfoPoint<\/p>\n\n\n\n<p>Wij zijn een zogenaamd \u201dInfoPoint\u201d. Een soort klein turistenbureau voor onze gasten. Bij de receptie zijn verschillende brochures te vinden met toeristische informatie, tips en bezienswaardigheden.<\/p>\n\n\n\n<p>Voor de toeristische informatie van de omgeving kunt U ook terecht bij:<br><strong><a href=\"https:\/\/www.vastsverige.com\/en\/svenljunga-tranemo\/\">Lees verden<\/a><\/strong><\/p>\n<\/div><\/div>\n\n\n\n<p><\/p>\n","protected":false},"excerpt":{"rendered":"<p>Fietsen Voor fietsers zijn er verschillende fietsroutes:Van Holsjunga naar Svenljunga, de route passeert het meer Revesj\u00f6Dit is een route grotendeels op gravel in een mooie natuur.Fietsroute \u201dKindsbanan\u201d in Sjuh\u00e4rad. Onder andere tussen Svenljunga en Bor\u00e5s. Meer informatie HIERFietsen en wandelen in Sjuh\u00e4rad, kijk op facebook en de websiteFietsroute Holsjungaturen een 50km lange route Buiten in &hellip; <\/p>\n<p class=\"link-more\"><a href=\"https:\/\/holsljungacamping.se\/nl\/dagsutflykteraffarer\/\" class=\"more-link\">Read more<span class=\"screen-reader-text\"> &#8220;Zien &amp; Doen&#8221;<\/span><\/a><\/p>\n","protected":false},"author":1,"featured_media":4354,"parent":0,"menu_order":0,"comment_status":"closed","ping_status":"closed","template":"","meta":{"inspiro_hide_title":false,"footnotes":""},"class_list":["post-31","page","type-page","status-publish","has-post-thumbnail","hentry"],"translation":{"provider":"WPGlobus","version":"3.0.2","language":"nl","enabled_languages":["sv","en","nl","de"],"languages":{"sv":{"title":true,"content":true,"excerpt":false},"en":{"title":true,"content":true,"excerpt":false},"nl":{"title":true,"content":true,"excerpt":false},"de":{"title":true,"content":true,"excerpt":false}}},"_links":{"self":[{"href":"https:\/\/holsljungacamping.se\/nl\/wp-json\/wp\/v2\/pages\/31","targetHints":{"allow":["GET"]}}],"collection":[{"href":"https:\/\/holsljungacamping.se\/nl\/wp-json\/wp\/v2\/pages"}],"about":[{"href":"https:\/\/holsljungacamping.se\/nl\/wp-json\/wp\/v2\/types\/page"}],"author":[{"embeddable":true,"href":"https:\/\/holsljungacamping.se\/nl\/wp-json\/wp\/v2\/users\/1"}],"replies":[{"embeddable":true,"href":"https:\/\/holsljungacamping.se\/nl\/wp-json\/wp\/v2\/comments?post=31"}],"version-history":[{"count":359,"href":"https:\/\/holsljungacamping.se\/nl\/wp-json\/wp\/v2\/pages\/31\/revisions"}],"predecessor-version":[{"id":8231,"href":"https:\/\/holsljungacamping.se\/nl\/wp-json\/wp\/v2\/pages\/31\/revisions\/8231"}],"wp:featuredmedia":[{"embeddable":true,"href":"https:\/\/holsljungacamping.se\/nl\/wp-json\/wp\/v2\/media\/4354"}],"wp:attachment":[{"href":"https:\/\/holsljungacamping.se\/nl\/wp-json\/wp\/v2\/media?parent=31"}],"curies":[{"name":"wp","href":"https:\/\/api.w.org\/{rel}","templated":true}]}}