{"id":5290,"date":"2024-01-12T11:11:10","date_gmt":"2024-01-12T10:11:10","guid":{"rendered":"https:\/\/holsljungacamping.se\/?page_id=5290"},"modified":"2026-03-15T11:40:59","modified_gmt":"2026-03-15T09:40:59","slug":"shoping","status":"publish","type":"page","link":"https:\/\/holsljungacamping.se\/nl\/shoping\/","title":{"rendered":"Winkelen en eten"},"content":{"rendered":"\n<div class=\"wp-block-media-text has-media-on-the-right is-stacked-on-mobile has-link-color wp-elements-f1903b260fa82a29f5282abcff93b715\"><div class=\"wp-block-media-text__content\">\n<p class=\"has-text-color has-large-font-size\" style=\"color:#75aa3d\">Gek\u00e5s<\/p>\n\n\n\n<p>Het warenhuis&nbsp;Gek\u00e5s&nbsp;in Ullared trekt vele bezoekers en ligt 38km in zuidelijke richting dichtbij Falkenberg<br><a href=\"https:\/\/www.gekas.se\/\"><strong>Lees verder<\/strong><\/a><\/p>\n<\/div><figure class=\"wp-block-media-text__media\"><img loading=\"lazy\" decoding=\"async\" width=\"800\" height=\"467\" src=\"https:\/\/holsljungacamping.se\/wp-content\/uploads\/2024\/01\/gekas.jpeg\" alt=\"\" class=\"wp-image-5330 size-full\" srcset=\"https:\/\/holsljungacamping.se\/wp-content\/uploads\/2024\/01\/gekas.jpeg 800w, https:\/\/holsljungacamping.se\/wp-content\/uploads\/2024\/01\/gekas-300x175.jpeg 300w\" sizes=\"auto, (max-width: 800px) 100vw, 800px\" \/><\/figure><\/div>\n\n\n\n<div class=\"wp-block-media-text is-stacked-on-mobile has-link-color wp-elements-03e4a9000d460346edd0ad084f99c6c8\"><figure class=\"wp-block-media-text__media\"><img loading=\"lazy\" decoding=\"async\" width=\"800\" height=\"450\" src=\"https:\/\/holsljungacamping.se\/wp-content\/uploads\/2024\/01\/knalleland.jpg\" alt=\"\" class=\"wp-image-5327 size-full\" srcset=\"https:\/\/holsljungacamping.se\/wp-content\/uploads\/2024\/01\/knalleland.jpg 800w, https:\/\/holsljungacamping.se\/wp-content\/uploads\/2024\/01\/knalleland-300x169.jpg 300w\" sizes=\"auto, (max-width: 800px) 100vw, 800px\" \/><\/figure><div class=\"wp-block-media-text__content\">\n<p class=\"has-text-color has-large-font-size\" style=\"color:#75aa3d\">Knalleland<\/p>\n\n\n\n<p>Winkelcentrum in Bor\u00e5s met ca. 100 winkels<br><a href=\"https:\/\/knalleland.se\/\"><strong>Lees verder<\/strong><\/a><\/p>\n<\/div><\/div>\n\n\n\n<div class=\"wp-block-media-text has-media-on-the-right is-stacked-on-mobile has-link-color wp-elements-722767f795817894a39ff022ab22b1d5\" style=\"grid-template-columns:auto 48%\"><div class=\"wp-block-media-text__content\">\n<p class=\"has-text-color has-link-color has-large-font-size wp-elements-96e4f91e4ff7b2e059f9bccf227f225c\" style=\"color:#75aa3d\">Desembrood en Pizza<\/p>\n\n\n\n<p>BR\u00d6T &#8211; Ambachtelijke bakkerij. Desembrood, Napolitaanse pizza, broodjes en koekjes.<br><strong><a href=\"http:\/\/xn--brt-tna.se\/\">Lees verder<\/a><\/strong><br><\/p>\n<\/div><figure class=\"wp-block-media-text__media\"><img loading=\"lazy\" decoding=\"async\" width=\"690\" height=\"518\" src=\"https:\/\/holsljungacamping.se\/wp-content\/uploads\/2023\/11\/Screenshot-2023-11-25-13.58.00.png\" alt=\"\" class=\"wp-image-3765 size-full\" srcset=\"https:\/\/holsljungacamping.se\/wp-content\/uploads\/2023\/11\/Screenshot-2023-11-25-13.58.00.png 690w, https:\/\/holsljungacamping.se\/wp-content\/uploads\/2023\/11\/Screenshot-2023-11-25-13.58.00-300x225.png 300w\" sizes=\"auto, (max-width: 690px) 100vw, 690px\" \/><\/figure><\/div>\n\n\n\n<div class=\"wp-block-media-text is-stacked-on-mobile\"><figure class=\"wp-block-media-text__media\"><img loading=\"lazy\" decoding=\"async\" width=\"863\" height=\"555\" src=\"https:\/\/holsljungacamping.se\/wp-content\/uploads\/2023\/11\/Screenshot-2023-11-25-14.21.48.png\" alt=\"\" class=\"wp-image-3780 size-full\" srcset=\"https:\/\/holsljungacamping.se\/wp-content\/uploads\/2023\/11\/Screenshot-2023-11-25-14.21.48.png 863w, https:\/\/holsljungacamping.se\/wp-content\/uploads\/2023\/11\/Screenshot-2023-11-25-14.21.48-300x193.png 300w, https:\/\/holsljungacamping.se\/wp-content\/uploads\/2023\/11\/Screenshot-2023-11-25-14.21.48-768x494.png 768w\" sizes=\"auto, (max-width: 863px) 100vw, 863px\" \/><\/figure><div class=\"wp-block-media-text__content\">\n<p class=\"has-text-color has-link-color has-large-font-size wp-elements-1945f902d9069b4eab81b78fea6d4193\" style=\"color:#75aa3d\">Sm\u00e5bruket i Uddebo<\/p>\n\n\n\n<p class=\"has-link-color wp-elements-86590742f63b9f7643303237da911a39\">Teelt van verschillende soorten groenten in open lucht en in kassen midden in het dorp Uddebo. <br><strong><a href=\"https:\/\/www.smabruketuddebo.com\/\">Lees verder<\/a><\/strong><br>Sm\u00e5burket in Uddebo is onze lokale leverancier van groenten en salades.<br><\/p>\n<\/div><\/div>\n\n\n\n<div class=\"wp-block-media-text has-media-on-the-right is-stacked-on-mobile has-link-color wp-elements-89d80276906926a946398c0183d6d801\"><div class=\"wp-block-media-text__content\">\n<p class=\"has-text-color has-link-color has-large-font-size wp-elements-fba3b4a0d64a22dad6c1070cd9ff6571\" style=\"color:#75aa3d\">Brohage k\u00f6tt<\/p>\n\n\n\n<p>Hier kun je lokaal geproduceerd rund- en varkensvlees kopen.<br><a href=\"http:\/\/www.brohagekott.se\/\"><strong>Lees verder<\/strong><\/a><br>Brohage Vlees is onze lokale leverancier van onder andere onze populaire hamburgers.<\/p>\n<\/div><figure class=\"wp-block-media-text__media\"><img loading=\"lazy\" decoding=\"async\" width=\"878\" height=\"507\" src=\"https:\/\/holsljungacamping.se\/wp-content\/uploads\/2023\/11\/Screenshot-2023-11-28-10.42.32-e1705143547111.png\" alt=\"\" class=\"wp-image-4012 size-full\" srcset=\"https:\/\/holsljungacamping.se\/wp-content\/uploads\/2023\/11\/Screenshot-2023-11-28-10.42.32-e1705143547111.png 878w, https:\/\/holsljungacamping.se\/wp-content\/uploads\/2023\/11\/Screenshot-2023-11-28-10.42.32-e1705143547111-300x173.png 300w, https:\/\/holsljungacamping.se\/wp-content\/uploads\/2023\/11\/Screenshot-2023-11-28-10.42.32-e1705143547111-768x443.png 768w\" sizes=\"auto, (max-width: 878px) 100vw, 878px\" \/><\/figure><\/div>\n\n\n\n<div class=\"wp-block-media-text is-stacked-on-mobile has-link-color wp-elements-5106c12e6b41334e157735f450921ede\"><figure class=\"wp-block-media-text__media\"><img loading=\"lazy\" decoding=\"async\" width=\"1024\" height=\"762\" src=\"https:\/\/holsljungacamping.se\/wp-content\/uploads\/2023\/11\/Screenshot-2023-11-28-10.00.14-1024x762.png\" alt=\"\" class=\"wp-image-3990 size-full\" srcset=\"https:\/\/holsljungacamping.se\/wp-content\/uploads\/2023\/11\/Screenshot-2023-11-28-10.00.14-1024x762.png 1024w, https:\/\/holsljungacamping.se\/wp-content\/uploads\/2023\/11\/Screenshot-2023-11-28-10.00.14-300x223.png 300w, https:\/\/holsljungacamping.se\/wp-content\/uploads\/2023\/11\/Screenshot-2023-11-28-10.00.14-768x572.png 768w, https:\/\/holsljungacamping.se\/wp-content\/uploads\/2023\/11\/Screenshot-2023-11-28-10.00.14.png 1147w\" sizes=\"auto, (max-width: 1024px) 100vw, 1024px\" \/><\/figure><div class=\"wp-block-media-text__content\">\n<p class=\"has-text-color has-link-color has-large-font-size wp-elements-5c049c654eed8c77f933566d586db414\" style=\"color:#75aa3d\">Joarsbo G\u00e5rdsbutik<\/p>\n\n\n\n<p>Hier worden lokale producten zoals sap, jam en gl\u00fchwein geproduceerd.<br><a href=\"https:\/\/www.joarsbo.com\/gardsbutik\/\"><strong>Lees verder<\/strong><\/a><br>Joarsbo is onze lokale leverancier van jam.<\/p>\n<\/div><\/div>\n\n\n\n<div class=\"wp-block-media-text has-media-on-the-right is-stacked-on-mobile has-link-color wp-elements-f081da3c2814a5b6dc40cd80b2784ec3\"><div class=\"wp-block-media-text__content\">\n<p class=\"has-text-color has-large-font-size\" style=\"color:#75aa3d\">Hofsn\u00e4s Herrg\u00e5rd<\/p>\n\n\n\n<p>Bistro &amp; Cafe. Het landhuis wordt omgeven door de prachtige natuurpaden van Hofsn\u00e4s langs de waterkant<br><a href=\"https:\/\/www.hofsnas.se\/bistro-kafe\/\"><strong>Lees verder<\/strong><\/a><\/p>\n<\/div><figure class=\"wp-block-media-text__media\"><img loading=\"lazy\" decoding=\"async\" width=\"800\" height=\"450\" src=\"https:\/\/holsljungacamping.se\/wp-content\/uploads\/2024\/01\/hofnas.jpg\" alt=\"\" class=\"wp-image-5391 size-full\" srcset=\"https:\/\/holsljungacamping.se\/wp-content\/uploads\/2024\/01\/hofnas.jpg 800w, https:\/\/holsljungacamping.se\/wp-content\/uploads\/2024\/01\/hofnas-300x169.jpg 300w\" sizes=\"auto, (max-width: 800px) 100vw, 800px\" \/><\/figure><\/div>\n\n\n\n<div class=\"wp-block-media-text alignwide is-stacked-on-mobile has-link-color wp-elements-3413644a7b854603e8364abdaa3d9107\"><figure class=\"wp-block-media-text__media\"><img loading=\"lazy\" decoding=\"async\" width=\"798\" height=\"427\" src=\"https:\/\/holsljungacamping.se\/wp-content\/uploads\/2024\/01\/livsmedel.jpg\" alt=\"\" class=\"wp-image-5345 size-full\" srcset=\"https:\/\/holsljungacamping.se\/wp-content\/uploads\/2024\/01\/livsmedel.jpg 798w, https:\/\/holsljungacamping.se\/wp-content\/uploads\/2024\/01\/livsmedel-300x161.jpg 300w\" sizes=\"auto, (max-width: 798px) 100vw, 798px\" \/><\/figure><div class=\"wp-block-media-text__content\">\n<p class=\"has-text-color has-large-font-size\" style=\"color:#75aa3d\">Kruidenierszaken<\/p>\n\n\n\n<p><strong><a href=\"https:\/\/www.ica.se\/butiker\/kvantum\/svenljunga\/ica-kvantum-svenljunga-1919\/start\/\">ICA Kvantum<\/a> <\/strong><strong>Svenljunga <\/strong>18 km. Kinnagatan 3, 512 51 Svenljunga<strong><br><a href=\"https:\/\/www.ica.se\/butiker\/nara\/svenljunga\/ica-nara-monicanders-1925\/start\/?utm_source=google&amp;utm_medium=mbl&amp;utm_campaign=ICA%20N%C3%A4ra%20Svenljunga%2001925\">Monicanders\u00a0ICA<\/a> <\/strong><strong>Mj\u00f6b\u00e4ck <\/strong>15 km<strong><br><a href=\"https:\/\/www.google.se\/search?ei=jKpNW5_GJovm6AS9kovACg&amp;q=handlarn+%C3%B6xab%C3%A4ck&amp;oq=handlarn+%C3%B6xab%C3%A4ck&amp;gs_l=psy-ab.3..0j38.45002.49112.0.50531.13.12.1.0.0.0.90.853.12.12.0....0...1.1.64.psy-ab..0.13.856...0i22i30k1.0._ZPE068q-wU\">Handlarn<\/a> <\/strong>in<strong>\u00d6xab\u00e4ck <\/strong>11 km<\/p>\n<\/div><\/div>\n\n\n\n<p><\/p>\n","protected":false},"excerpt":{"rendered":"<p>Gek\u00e5s Het warenhuis&nbsp;Gek\u00e5s&nbsp;in Ullared trekt vele bezoekers en ligt 38km in zuidelijke richting dichtbij FalkenbergLees verder Knalleland Winkelcentrum in Bor\u00e5s met ca. 100 winkelsLees verder Desembrood en Pizza BR\u00d6T &#8211; Ambachtelijke bakkerij. Desembrood, Napolitaanse pizza, broodjes en koekjes.Lees verder Sm\u00e5bruket i Uddebo Teelt van verschillende soorten groenten in open lucht en in kassen midden in &hellip; <\/p>\n<p class=\"link-more\"><a href=\"https:\/\/holsljungacamping.se\/nl\/shoping\/\" class=\"more-link\">Read more<span class=\"screen-reader-text\"> &#8220;Winkelen en eten&#8221;<\/span><\/a><\/p>\n","protected":false},"author":1,"featured_media":5301,"parent":0,"menu_order":0,"comment_status":"closed","ping_status":"closed","template":"","meta":{"inspiro_hide_title":false,"footnotes":""},"class_list":["post-5290","page","type-page","status-publish","has-post-thumbnail","hentry"],"translation":{"provider":"WPGlobus","version":"3.0.2","language":"nl","enabled_languages":["sv","en","nl","de"],"languages":{"sv":{"title":true,"content":true,"excerpt":false},"en":{"title":true,"content":true,"excerpt":false},"nl":{"title":true,"content":true,"excerpt":false},"de":{"title":true,"content":true,"excerpt":false}}},"_links":{"self":[{"href":"https:\/\/holsljungacamping.se\/nl\/wp-json\/wp\/v2\/pages\/5290","targetHints":{"allow":["GET"]}}],"collection":[{"href":"https:\/\/holsljungacamping.se\/nl\/wp-json\/wp\/v2\/pages"}],"about":[{"href":"https:\/\/holsljungacamping.se\/nl\/wp-json\/wp\/v2\/types\/page"}],"author":[{"embeddable":true,"href":"https:\/\/holsljungacamping.se\/nl\/wp-json\/wp\/v2\/users\/1"}],"replies":[{"embeddable":true,"href":"https:\/\/holsljungacamping.se\/nl\/wp-json\/wp\/v2\/comments?post=5290"}],"version-history":[{"count":103,"href":"https:\/\/holsljungacamping.se\/nl\/wp-json\/wp\/v2\/pages\/5290\/revisions"}],"predecessor-version":[{"id":8384,"href":"https:\/\/holsljungacamping.se\/nl\/wp-json\/wp\/v2\/pages\/5290\/revisions\/8384"}],"wp:featuredmedia":[{"embeddable":true,"href":"https:\/\/holsljungacamping.se\/nl\/wp-json\/wp\/v2\/media\/5301"}],"wp:attachment":[{"href":"https:\/\/holsljungacamping.se\/nl\/wp-json\/wp\/v2\/media?parent=5290"}],"curies":[{"name":"wp","href":"https:\/\/api.w.org\/{rel}","templated":true}]}}